{"id":14369,"date":"2026-02-09T11:07:23","date_gmt":"2026-02-09T10:07:23","guid":{"rendered":"https:\/\/www.grow-fast.lu\/faehre-buchen"},"modified":"2026-04-07T21:26:52","modified_gmt":"2026-04-07T19:26:52","slug":"faehre-buchen","status":"publish","type":"page","link":"https:\/\/www.hoteldagiacomino.it\/de\/insel-elba-und-santandrea\/faehre-buchen","title":{"rendered":"F\u00e4hre buchen"},"content":{"rendered":"<div class=\"wpb-content-wrapper\"><p>[vc_row full_width=&#8220;stretch_row&#8220; css=&#8220;.vc_custom_1539873101225{margin-top: 0px !important;margin-bottom: 0px !important;padding-top: 140px !important;padding-bottom: 40px !important;}&#8220;][vc_column][vc_column_text css=&#8220;&#8220; css_animation=&#8220;bottom-to-top&#8220;]<\/p>\n<div class=\"title-h5\" style=\"text-align: center;\"><span class=\"light\">F\u00e4hren zur Insel Elba buchen<\/span><\/div>\n<p>[\/vc_column_text]<div class=\"clearboth\"><\/div><style>#thegem-divider-69fdbfb842a6b {margin-top: -20px !important;}<\/style><div id=\"thegem-divider-69fdbfb842a6b\" class=\"gem-divider  \" style=\"\" ><\/div>[vc_column_text css=&#8220;&#8220; css_animation=&#8220;bottom-to-top&#8220; el_class=&#8220;uppercase-disable&#8220;]<\/p>\n<div class=\"title-h1\" style=\"text-align: center;\">Erreichen Sie die Insel Elba mit Leichtigkeit<\/div>\n<p>[\/vc_column_text]<div class=\"clearboth\"><\/div><style>#thegem-divider-69fdbfb842ab6 {margin-top: 35px !important;}<\/style><div id=\"thegem-divider-69fdbfb842ab6\" class=\"gem-divider  \" style=\"\" ><\/div>[vc_single_image image=&#8220;14372&#8243; img_size=&#8220;full&#8220; alignment=&#8220;center&#8220; css=&#8220;&#8220;][\/vc_column][\/vc_row][vc_row css=&#8220;.vc_custom_1539873119292{margin-top: 0px !important;margin-bottom: 0px !important;padding-top: 0px !important;padding-bottom: 150px !important;}&#8220;][vc_column offset=&#8220;vc_col-lg-6 vc_col-md-6 vc_col-xs-12&#8243;]<div class=\"clearboth\"><\/div><style>#thegem-divider-69fdbfb842ae5 {margin-top: 60px !important;}<\/style><div id=\"thegem-divider-69fdbfb842ae5\" class=\"gem-divider  \" style=\"\" ><\/div>[vc_column_text css=&#8220;&#8220;]Die Insel Elba ist dank zahlreicher Seeverbindungen leicht erreichbar. Die bequemste L\u00f6sung ist die F\u00e4hre, die Piombino mit den wichtigsten H\u00e4fen der Insel verbindet: Portoferraio, Rio Marina und Cavo.<\/p>\n<p>Wenn Sie sich f\u00fcr die F\u00e4hre entscheiden, k\u00f6nnen Sie mit dem Auto, dem Motorrad oder nur als Passagier reisen, was Ihnen Flexibilit\u00e4t und Bewegungsfreiheit bietet, sobald Sie auf der Insel sind.<\/p>\n<p><strong>N\u00fctzliche Tipps:<\/strong><\/p>\n<ul>\n<li>Kommen Sie mindestens 30 Minuten vor der Abfahrt an, wenn Sie mit dem Fahrzeug reisen.<\/li>\n<li>Erkundigen Sie sich nach saisonalen Angeboten oder Rabatten f\u00fcr Familien und Gruppen.<\/li>\n<li><strong>Pr\u00fcfen Sie die Wetterbedingungen<\/strong>: Bei schlechtem Wetter k\u00f6nnen die Unternehmen ihre Fahrpl\u00e4ne \u00e4ndern.<\/li>\n<\/ul>\n<p>[\/vc_column_text][\/vc_column][vc_column offset=&#8220;vc_col-lg-6 vc_col-md-6 vc_col-xs-12&#8243;]<div class=\"gem-image gem-wrapbox gem-wrapbox-style-default gem-wrapbox-position-below lazy-loading  thegem-custom-69fdbfb842b1c4014\"  style=\"\" ><div class=\"gem-wrapbox-inner  lazy-loading-item\"  data-ll-effect=\"move-up\"><img class=\"gem-wrapbox-element img-responsive\" src=\"https:\/\/www.hoteldagiacomino.it\/wp-content\/uploads\/2026\/02\/Sant-andrea-Isola-delba.jpg\" alt=\"\"\/><\/div><\/div>[\/vc_column][vc_column]<div class=\"clearboth\"><\/div><style>@media screen and (max-width: 1023px) and (min-width: 768px) {#thegem-divider-69fdbfb842d72 {margin-top: 20px !important;}}<\/style><div id=\"thegem-divider-69fdbfb842d72\" class=\"gem-divider  \" style=\"\" ><\/div>[vc_column_text css=&#8220;&#8220; css_animation=&#8220;bottom-to-top&#8220; el_class=&#8220;uppercase-disable&#8220;]<\/p>\n<div class=\"title-h1\" style=\"text-align: center;\">Wie man F\u00e4hren bucht<\/div>\n<p>[\/vc_column_text][vc_column_text css=&#8220;&#8220;]Die Buchung der F\u00e4hre ist einfach und empfehlenswert, besonders in der Hochsaison:<\/p>\n<ul>\n<li>W\u00e4hlen Sie Datum und Uhrzeit der Abfahrt vom Hafen von Piombino.<\/li>\n<li>Geben Sie an, ob Sie nur als Passagier oder mit einem Fahrzeug (Auto, Motorrad, Wohnmobil) reisen.<\/li>\n<li>Best\u00e4tigen Sie Ihre Buchung und erhalten Sie Ihr E-Ticket direkt per E-Mail.<\/li>\n<\/ul>\n<p>Wenn Sie Ihren Aufenthalt im Hotel da Giacomino buchen, erhalten Sie 10 % Rabatt auf die F\u00e4hr\u00fcberfahrten.<br \/>\nDer Rabatt gilt f\u00fcr mehr als 80 Abfahrten von und nach den H\u00e4fen Portoferraio, Rio Marina und Cavo.[\/vc_column_text]<div class=\"clearboth\"><\/div><div id=\"thegem-divider-69fdbfb842d9d\" class=\"gem-divider  \" style=\"\" ><\/div>[\/vc_column][\/vc_row][vc_row][vc_column width=&#8220;1\/2&#8243;][vc_raw_html css=&#8220;&#8220;]JTNDZGl2JTIwc3R5bGUlM0QlMjJtYXJnaW4tbGVmdCUzQSUyMGF1dG8lM0IlMjBtYXJnaW4tcmlnaHQlM0ElMjBhdXRvJTNCJTIwbWF4LXdpZHRoJTNBJTIwODIwcHglMjIlM0UlMEQlMEElM0NpZnJhbWUlMjBpZCUzRCUyMnRsaW5lcyUyMiUyMHNyYyUzRCUyMmh0dHBzJTNBJTJGJTJGd3d3LnRyYWdoZXR0aWxpbmVzLml0JTJGaXQlMkZ0cmFnaGV0dGktaXNvbGEtZC1lbGJhLmFzcHglM0ZVQUlEJTNEMjI5NzQlMjZia2NvbG9yJTNEMCUyNnR4dGNvbG9yJTNEMjEyNjJEJTI2YmtidG5jb2xvciUzRENDOTkwMCUyNnR4dGJ0bmNvbG9yJTNEMjE4QTE2JTI2Ymt0aXRvbG8lM0QyMThBMTYlMjZ0eHR0aXRvbG8lM0RFRUVFRUUlMjZsYW5ndWFnZSUzRGl0JTI2aWZyYW1lX2Jvb2tpbmclM0R0cnVlJTI2djIlM0R0cnVlJTIyJTIwc3R5bGUlM0QlMjJib3JkZXIlM0EwcHglM0IlMjB3aWR0aCUzQSUyMDEwMCUyNSUzQiUyMiUyMGNsYXNzJTNEJTIydGxpbmVzX2ZyYW1lJTIyJTIwc2Nyb2xsaW5nJTNEJTIybm8lMjIlM0UlM0MlMkZpZnJhbWUlM0UlMEQlMEElM0NwJTIwc3R5bGUlM0QlMjJmb250LXNpemUlM0ExMXB4JTNCJTIwbWFyZ2luJTNBJTIwYXV0byUzQiUyMGZvbnQtZmFtaWx5JTNBVmVyZGFuYSUzQndpZHRoJTNBJTIwMTAwJTI1JTNCY29sb3IlM0ElMjM2NjYlM0JtYXJnaW4tYm90dG9tJTNBJTIwMTJweCUzQnRleHQtYWxpZ24lM0ElMjBjZW50ZXIlM0IlMjIlM0VTZXJ2aXppbyUyMHRyYWdoZXR0aSUyMGElMjBjdXJhJTIwZGklMjAlM0NhJTIwaHJlZiUzRCUyMmh0dHBzJTNBJTJGJTJGd3d3LnRyYWdoZXR0aWxpbmVzLml0JTJGaXQlMkZ0cmFnaGV0dGktaXNvbGEtZC1lbGJhLmFzcHglM0ZVQUlEJTNEMjI5NzQlMjZia2NvbG9yJTNEMCUyNnR4dGNvbG9yJTNEMjEyNjJEJTI2YmtidG5jb2xvciUzRENDOTkwMCUyNnR4dGJ0bmNvbG9yJTNEMjE4QTE2JTI2Ymt0aXRvbG8lM0QyMThBMTYlMjZ0eHR0aXRvbG8lM0RFRUVFRUUlMjIlMjB0YXJnZXQlM0QlMjJfYmxhbmslMjIlMjBzdHlsZSUzRCUyMmNvbG9yJTNBJTIzNjY2JTNCdGV4dC1kZWNvcmF0aW9uJTNBbm9uZSUyMiUzRVRyYWdoZXR0aWxpbmVzJTNDJTJGYSUzRSUzQyUyRnAlM0UlMEQlMEElM0NzY3JpcHQlMjB0eXBlJTNEJTIydGV4dCUyRmphdmFzY3JpcHQlMjIlMjBzcmMlM0QlMjJodHRwcyUzQSUyRiUyRnd3dy50cmFnaGV0dGlsaW5lcy5pdCUyRkFqYXglMkZ0bGluZXNfcmVzcF92Mi5qcyUyMiUzRSUzQyUyRnNjcmlwdCUzRSUwRCUwQSUzQyUyRmRpdiUzRQ==[\/vc_raw_html][\/vc_column][vc_column width=&#8220;1\/2&#8243;][vc_column_text css=&#8220;&#8220;]<\/p>\n<div style=\"margin: 0 auto;\"><iframe class=\"blunavyembed\" style=\"border: none; filter: drop-shadow(0px 3px 10px rgba(0,0,0,.2));\" src=\"https:\/\/blunavytraghetti.com\/de\/hotel\/hotel-da-giacomino\/\/?iframe=banner\" width=\"100%\" height=\"100%\"><\/iframe><script src=\"https:\/\/blunavytraghetti.com\/wp-content\/themes\/cosmo\/assets\/js\/iframe\/embed.js\"><\/script><span style=\"font-family: sans-serif; color: #292c7e; font-size: 14px; padding-top: 10px; display: flex; align-items: center; justify-content: center; flex-wrap: wrap; gap: 10px; vertical-gap: 10px;\">Ein F\u00e4hrdienst zur Insel Elba, angeboten von <a style=\"font-family: sans-serif; color: #292c7e; font-size: 14px; text-decoration: none;\" href=\"https:\/\/blunavytraghetti.com\/de\/?utm_source=snippet-embed\">Blunavytraghetti.com<\/a> <a href=\"https:\/\/blunavytraghetti.com\/de\/?utm_source=snippet-embed\"><img style=\"width: 80px;\" src=\"https:\/\/blunavytraghetti.com\/wp-content\/themes\/cosmo\/assets\/images\/logo-blunavy-traghetti.png\" alt=\"Logo BluNavy traghetti Elba\" \/><\/a><\/span><\/div>\n<p>[\/vc_column_text][\/vc_column][\/vc_row]<\/p>\n<\/div>","protected":false},"excerpt":{"rendered":"<p>[vc_row full_width=&#8220;stretch_row&#8220; css=&#8220;.vc_custom_1539873101225{margin-top: 0px !important;margin-bottom: 0px !important;padding-top: 140px !important;padding-bottom: 40px !important;}&#8220;][vc_column][vc_column_text css=&#8220;&#8220; css_animation=&#8220;bottom-to-top&#8220;] F\u00e4hren zur Insel Elba buchen [\/vc_column_text][vc_column_text css=&#8220;&#8220;&#8230;<\/p>\n","protected":false},"author":1,"featured_media":0,"parent":14501,"menu_order":0,"comment_status":"closed","ping_status":"open","template":"","meta":{"footnotes":""},"class_list":["post-14369","page","type-page","status-publish"],"yoast_head":"<!-- This site is optimized with the Yoast SEO plugin v26.9 - https:\/\/yoast.com\/product\/yoast-seo-wordpress\/ -->\n<title>F\u00e4hre buchen - Hotel da Giacomino - Isola d&#039;Elba<\/title>\n<meta name=\"description\" content=\"Buchen Sie Ihre F\u00e4hre zur Insel Elba ab Piombino: Buchen Sie ganz einfach Ihre F\u00e4hre zur Insel Elba ab Piombino.\" \/>\n<meta name=\"robots\" content=\"index, follow, max-snippet:-1, max-image-preview:large, max-video-preview:-1\" \/>\n<link rel=\"canonical\" href=\"https:\/\/www.hoteldagiacomino.it\/de\/insel-elba-und-santandrea\/faehre-buchen\" \/>\n<meta property=\"og:locale\" content=\"de_DE\" \/>\n<meta property=\"og:type\" content=\"article\" \/>\n<meta property=\"og:title\" content=\"F\u00e4hre buchen - Hotel da Giacomino - Isola d&#039;Elba\" \/>\n<meta property=\"og:description\" content=\"Buchen Sie Ihre F\u00e4hre zur Insel Elba ab Piombino: Buchen Sie ganz einfach Ihre F\u00e4hre zur Insel Elba ab Piombino.\" \/>\n<meta property=\"og:url\" content=\"https:\/\/www.hoteldagiacomino.it\/de\/insel-elba-und-santandrea\/faehre-buchen\" \/>\n<meta property=\"og:site_name\" content=\"Hotel da Giacomino - Isola d&#039;Elba\" \/>\n<meta property=\"article:modified_time\" content=\"2026-04-07T19:26:52+00:00\" \/>\n<meta property=\"og:image\" content=\"https:\/\/blunavytraghetti.com\/wp-content\/themes\/cosmo\/assets\/images\/logo-blunavy-traghetti.png\" \/>\n<meta name=\"twitter:card\" content=\"summary_large_image\" \/>\n<meta name=\"twitter:label1\" content=\"Gesch\u00e4tzte Lesezeit\" \/>\n\t<meta name=\"twitter:data1\" content=\"3\u00a0Minuten\" \/>\n<script type=\"application\/ld+json\" class=\"yoast-schema-graph\">{\"@context\":\"https:\/\/schema.org\",\"@graph\":[{\"@type\":\"WebPage\",\"@id\":\"https:\/\/www.hoteldagiacomino.it\/de\/insel-elba-und-santandrea\/faehre-buchen\",\"url\":\"https:\/\/www.hoteldagiacomino.it\/de\/insel-elba-und-santandrea\/faehre-buchen\",\"name\":\"F\u00e4hre buchen - Hotel da Giacomino - Isola d&#039;Elba\",\"isPartOf\":{\"@id\":\"https:\/\/www.hoteldagiacomino.it\/de#website\"},\"primaryImageOfPage\":{\"@id\":\"https:\/\/www.hoteldagiacomino.it\/de\/insel-elba-und-santandrea\/faehre-buchen#primaryimage\"},\"image\":{\"@id\":\"https:\/\/www.hoteldagiacomino.it\/de\/insel-elba-und-santandrea\/faehre-buchen#primaryimage\"},\"thumbnailUrl\":\"https:\/\/blunavytraghetti.com\/wp-content\/themes\/cosmo\/assets\/images\/logo-blunavy-traghetti.png\",\"datePublished\":\"2026-02-09T10:07:23+00:00\",\"dateModified\":\"2026-04-07T19:26:52+00:00\",\"description\":\"Buchen Sie Ihre F\u00e4hre zur Insel Elba ab Piombino: Buchen Sie ganz einfach Ihre F\u00e4hre zur Insel Elba ab Piombino.\",\"breadcrumb\":{\"@id\":\"https:\/\/www.hoteldagiacomino.it\/de\/insel-elba-und-santandrea\/faehre-buchen#breadcrumb\"},\"inLanguage\":\"de\",\"potentialAction\":[{\"@type\":\"ReadAction\",\"target\":[\"https:\/\/www.hoteldagiacomino.it\/de\/insel-elba-und-santandrea\/faehre-buchen\"]}]},{\"@type\":\"ImageObject\",\"inLanguage\":\"de\",\"@id\":\"https:\/\/www.hoteldagiacomino.it\/de\/insel-elba-und-santandrea\/faehre-buchen#primaryimage\",\"url\":\"https:\/\/blunavytraghetti.com\/wp-content\/themes\/cosmo\/assets\/images\/logo-blunavy-traghetti.png\",\"contentUrl\":\"https:\/\/blunavytraghetti.com\/wp-content\/themes\/cosmo\/assets\/images\/logo-blunavy-traghetti.png\"},{\"@type\":\"BreadcrumbList\",\"@id\":\"https:\/\/www.hoteldagiacomino.it\/de\/insel-elba-und-santandrea\/faehre-buchen#breadcrumb\",\"itemListElement\":[{\"@type\":\"ListItem\",\"position\":1,\"name\":\"Accueil\",\"item\":\"https:\/\/www.hoteldagiacomino.it\/de\"},{\"@type\":\"ListItem\",\"position\":2,\"name\":\"Insel Elba und Sant&#8217;Andrea\",\"item\":\"https:\/\/www.hoteldagiacomino.it\/de\/insel-elba-und-santandrea\"},{\"@type\":\"ListItem\",\"position\":3,\"name\":\"F\u00e4hre buchen\"}]},{\"@type\":\"WebSite\",\"@id\":\"https:\/\/www.hoteldagiacomino.it\/de#website\",\"url\":\"https:\/\/www.hoteldagiacomino.it\/de\",\"name\":\"Hotel da Giacomino - Isola d&#039;Elba\",\"description\":\"\",\"potentialAction\":[{\"@type\":\"SearchAction\",\"target\":{\"@type\":\"EntryPoint\",\"urlTemplate\":\"https:\/\/www.hoteldagiacomino.it\/de?s={search_term_string}\"},\"query-input\":{\"@type\":\"PropertyValueSpecification\",\"valueRequired\":true,\"valueName\":\"search_term_string\"}}],\"inLanguage\":\"de\"}]}<\/script>\n<!-- \/ Yoast SEO plugin. -->","yoast_head_json":{"title":"F\u00e4hre buchen - Hotel da Giacomino - Isola d&#039;Elba","description":"Buchen Sie Ihre F\u00e4hre zur Insel Elba ab Piombino: Buchen Sie ganz einfach Ihre F\u00e4hre zur Insel Elba ab Piombino.","robots":{"index":"index","follow":"follow","max-snippet":"max-snippet:-1","max-image-preview":"max-image-preview:large","max-video-preview":"max-video-preview:-1"},"canonical":"https:\/\/www.hoteldagiacomino.it\/de\/insel-elba-und-santandrea\/faehre-buchen","og_locale":"de_DE","og_type":"article","og_title":"F\u00e4hre buchen - Hotel da Giacomino - Isola d&#039;Elba","og_description":"Buchen Sie Ihre F\u00e4hre zur Insel Elba ab Piombino: Buchen Sie ganz einfach Ihre F\u00e4hre zur Insel Elba ab Piombino.","og_url":"https:\/\/www.hoteldagiacomino.it\/de\/insel-elba-und-santandrea\/faehre-buchen","og_site_name":"Hotel da Giacomino - Isola d&#039;Elba","article_modified_time":"2026-04-07T19:26:52+00:00","og_image":[{"url":"https:\/\/blunavytraghetti.com\/wp-content\/themes\/cosmo\/assets\/images\/logo-blunavy-traghetti.png","type":"","width":"","height":""}],"twitter_card":"summary_large_image","twitter_misc":{"Gesch\u00e4tzte Lesezeit":"3\u00a0Minuten"},"schema":{"@context":"https:\/\/schema.org","@graph":[{"@type":"WebPage","@id":"https:\/\/www.hoteldagiacomino.it\/de\/insel-elba-und-santandrea\/faehre-buchen","url":"https:\/\/www.hoteldagiacomino.it\/de\/insel-elba-und-santandrea\/faehre-buchen","name":"F\u00e4hre buchen - Hotel da Giacomino - Isola d&#039;Elba","isPartOf":{"@id":"https:\/\/www.hoteldagiacomino.it\/de#website"},"primaryImageOfPage":{"@id":"https:\/\/www.hoteldagiacomino.it\/de\/insel-elba-und-santandrea\/faehre-buchen#primaryimage"},"image":{"@id":"https:\/\/www.hoteldagiacomino.it\/de\/insel-elba-und-santandrea\/faehre-buchen#primaryimage"},"thumbnailUrl":"https:\/\/blunavytraghetti.com\/wp-content\/themes\/cosmo\/assets\/images\/logo-blunavy-traghetti.png","datePublished":"2026-02-09T10:07:23+00:00","dateModified":"2026-04-07T19:26:52+00:00","description":"Buchen Sie Ihre F\u00e4hre zur Insel Elba ab Piombino: Buchen Sie ganz einfach Ihre F\u00e4hre zur Insel Elba ab Piombino.","breadcrumb":{"@id":"https:\/\/www.hoteldagiacomino.it\/de\/insel-elba-und-santandrea\/faehre-buchen#breadcrumb"},"inLanguage":"de","potentialAction":[{"@type":"ReadAction","target":["https:\/\/www.hoteldagiacomino.it\/de\/insel-elba-und-santandrea\/faehre-buchen"]}]},{"@type":"ImageObject","inLanguage":"de","@id":"https:\/\/www.hoteldagiacomino.it\/de\/insel-elba-und-santandrea\/faehre-buchen#primaryimage","url":"https:\/\/blunavytraghetti.com\/wp-content\/themes\/cosmo\/assets\/images\/logo-blunavy-traghetti.png","contentUrl":"https:\/\/blunavytraghetti.com\/wp-content\/themes\/cosmo\/assets\/images\/logo-blunavy-traghetti.png"},{"@type":"BreadcrumbList","@id":"https:\/\/www.hoteldagiacomino.it\/de\/insel-elba-und-santandrea\/faehre-buchen#breadcrumb","itemListElement":[{"@type":"ListItem","position":1,"name":"Accueil","item":"https:\/\/www.hoteldagiacomino.it\/de"},{"@type":"ListItem","position":2,"name":"Insel Elba und Sant&#8217;Andrea","item":"https:\/\/www.hoteldagiacomino.it\/de\/insel-elba-und-santandrea"},{"@type":"ListItem","position":3,"name":"F\u00e4hre buchen"}]},{"@type":"WebSite","@id":"https:\/\/www.hoteldagiacomino.it\/de#website","url":"https:\/\/www.hoteldagiacomino.it\/de","name":"Hotel da Giacomino - Isola d&#039;Elba","description":"","potentialAction":[{"@type":"SearchAction","target":{"@type":"EntryPoint","urlTemplate":"https:\/\/www.hoteldagiacomino.it\/de?s={search_term_string}"},"query-input":{"@type":"PropertyValueSpecification","valueRequired":true,"valueName":"search_term_string"}}],"inLanguage":"de"}]}},"_links":{"self":[{"href":"https:\/\/www.hoteldagiacomino.it\/de\/wp-json\/wp\/v2\/pages\/14369","targetHints":{"allow":["GET"]}}],"collection":[{"href":"https:\/\/www.hoteldagiacomino.it\/de\/wp-json\/wp\/v2\/pages"}],"about":[{"href":"https:\/\/www.hoteldagiacomino.it\/de\/wp-json\/wp\/v2\/types\/page"}],"author":[{"embeddable":true,"href":"https:\/\/www.hoteldagiacomino.it\/de\/wp-json\/wp\/v2\/users\/1"}],"replies":[{"embeddable":true,"href":"https:\/\/www.hoteldagiacomino.it\/de\/wp-json\/wp\/v2\/comments?post=14369"}],"version-history":[{"count":7,"href":"https:\/\/www.hoteldagiacomino.it\/de\/wp-json\/wp\/v2\/pages\/14369\/revisions"}],"predecessor-version":[{"id":14695,"href":"https:\/\/www.hoteldagiacomino.it\/de\/wp-json\/wp\/v2\/pages\/14369\/revisions\/14695"}],"up":[{"embeddable":true,"href":"https:\/\/www.hoteldagiacomino.it\/de\/wp-json\/wp\/v2\/pages\/14501"}],"wp:attachment":[{"href":"https:\/\/www.hoteldagiacomino.it\/de\/wp-json\/wp\/v2\/media?parent=14369"}],"curies":[{"name":"wp","href":"https:\/\/api.w.org\/{rel}","templated":true}]}}