{"id":14413,"date":"2026-01-27T09:28:55","date_gmt":"2026-01-27T08:28:55","guid":{"rendered":"https:\/\/www.grow-fast.lu\/das-hotel\/der-garten-und-der-kiefernwald"},"modified":"2026-03-30T13:58:58","modified_gmt":"2026-03-30T11:58:58","slug":"der-garten-und-der-kiefernwald","status":"publish","type":"page","link":"https:\/\/www.hoteldagiacomino.it\/de\/hotel\/der-garten-und-der-kiefernwald","title":{"rendered":"Der Garten und der Kiefernwald"},"content":{"rendered":"<div class=\"wpb-content-wrapper\"><p>[vc_row full_width=&#8220;stretch_row&#8220; css=&#8220;.vc_custom_1539873101225{margin-top: 0px !important;margin-bottom: 0px !important;padding-top: 140px !important;padding-bottom: 40px !important;}&#8220;][vc_column][vc_column_text css=&#8220;&#8220; css_animation=&#8220;bottom-to-top&#8220; el_class=&#8220;uppercase-disable&#8220;]<\/p>\n<div class=\"title-h1\" style=\"text-align: center;\">Natur und Entspannung<br \/>\nauf der Insel Elba<\/div>\n<p>[\/vc_column_text]<div class=\"clearboth\"><\/div><style>#thegem-divider-69fdbeff74ad6 {margin-top: 35px !important;}<\/style><div id=\"thegem-divider-69fdbeff74ad6\" class=\"gem-divider  \" style=\"\" ><\/div>[vc_single_image image=&#8220;14343&#8243; img_size=&#8220;full&#8220; alignment=&#8220;center&#8220; css=&#8220;&#8220;][\/vc_column][\/vc_row][vc_row css=&#8220;.vc_custom_1539873119292{margin-top: 0px !important;margin-bottom: 0px !important;padding-top: 0px !important;padding-bottom: 150px !important;}&#8220;][vc_column offset=&#8220;vc_col-lg-6 vc_col-md-6 vc_col-xs-12&#8243;][vc_column_text css=&#8220;&#8220;]<\/p>\n<h3>Eine nat\u00fcrliche Oase mit Blick auf das Meer<\/h3>\n<p>[\/vc_column_text]<div class=\"clearboth\"><\/div><style>#thegem-divider-69fdbeff74b36 {margin-top: 60px !important;}<\/style><div id=\"thegem-divider-69fdbeff74b36\" class=\"gem-divider  \" style=\"\" ><\/div>[vc_column_text css=&#8220;&#8220; css_animation=&#8220;bottom-to-top&#8220;]<\/p>\n<div class=\"styled-subtitle\">Im Hotel da Giacomino spielt das Gr\u00fcn die Hauptrolle: Das gesamte Hotel ist von einem gro\u00dfen mediterranen Garten und einem \u00fcppigen Pinienwald umgeben, der sich bis zur K\u00fcste von Sant&#8217;Andrea erstreckt und eine Atmosph\u00e4re der Ruhe und des Wohlbefindens inmitten der Natur schafft.<\/div>\n<p>[\/vc_column_text][vc_column_text css=&#8220;&#8220; css_animation=&#8220;bottom-to-top&#8220;]<\/p>\n<div class=\"styled-subtitle\">Der Garten und der Pinienwald bieten unseren G\u00e4sten schattige Pl\u00e4tze unter den Pinien, ideal zum Lesen, Entspannen oder einfach um dem Rauschen der Brise und dem Meer in der Ferne zu lauschen.<\/div>\n<p>[\/vc_column_text][\/vc_column][vc_column thegem_content_alignment=&#8220;center&#8220; background_position_desktop=&#8220;center center&#8220; offset=&#8220;vc_col-lg-6 vc_col-md-6 vc_col-xs-12&#8243;]<div class=\"clearboth\"><\/div><style>#thegem-divider-69fdbeff74b6a {margin-top: 80px !important;}<\/style><div id=\"thegem-divider-69fdbeff74b6a\" class=\"gem-divider  \" style=\"\" ><\/div>[vc_gallery interval=&#8220;3&#8243; images=&#8220;14414,14417,14419&#8243; img_size=&#8220;full&#8220; css=&#8220;&#8220;][\/vc_column][vc_column][vc_column_text css=&#8220;&#8220; css_animation=&#8220;bottom-to-top&#8220;]<\/p>\n<p class=\"styled-subtitle\">Zwischen Agaven, Ginster, Kaktusfeigen und jahrhundertealten Kiefern bietet jede Ecke ein einzigartiges sensorisches Erlebnis.<\/p>\n<p class=\"styled-subtitle\">Neben dem Pinienwald wird das Anwesen durch Blumeng\u00e4rten, aromatische Pflanzen und einen saisonalen Gem\u00fcsegarten bereichert, in dem wir unsere eigenen Tomaten, Zucchini und gr\u00fcne Bohnen anbauen. Diese Gr\u00fcnfl\u00e4che tr\u00e4gt zur Versorgung der Hotelk\u00fcche mit frischen, gesunden Produkten bei.<\/p>\n<p>[\/vc_column_text]<style type=\"text\/css\">.thegem-button-69fdbeff74c1b9861 .gem-button svg {fill: #FFFFFF;}.thegem-button-69fdbeff74c1b9861 .gem-button:hover svg {fill: #9BB3DC;}<\/style><div class=\"gem-button-container gem-button-position-center thegem-button-69fdbeff74c1b9861    \"  ><a title=\"Contattaci\" class=\"gem-button gem-button-size-medium gem-button-style-flat gem-button-text-weight-normal\" data-ll-effect=\"drop-right-without-wrap\" style=\"border-radius: 20px;background-color: #9BB3DC;color: #FFFFFF;\" onmouseleave=\"this.style.backgroundColor='#9BB3DC';this.style.color='#FFFFFF';\" onmouseenter=\"this.style.backgroundColor='#FFFFFF';this.style.color='#9BB3DC';\" href=\"\/de\/kontakt\" target=\"_self\">Kontaktieren Sie uns<\/a><\/div> [\/vc_column][\/vc_row][vc_row full_width=&#8220;stretch_row&#8220; css=&#8220;.vc_custom_1769505394156{margin-top: 0px !important;margin-bottom: -120px !important;padding-top: 100px !important;padding-bottom: 0px !important;background-image: url(https:\/\/www.hoteldagiacomino.it\/wp-content\/uploads\/2018\/10\/4-1.jpg?id=196) !important;background-position: center !important;background-repeat: no-repeat !important;background-size: cover !important;}&#8220;][vc_column][vc_column_text css=&#8220;&#8220; css_animation=&#8220;bottom-to-top&#8220; el_class=&#8220;uppercase-disable&#8220;]<\/p>\n<div class=\"title-h1\" style=\"text-align: center;\">Warum uns w\u00e4hlen<\/div>\n<p>[\/vc_column_text]<div class=\"clearboth\"><\/div><style>#thegem-divider-69fdbeff74c65 {margin-top: 35px !important;}<\/style><div id=\"thegem-divider-69fdbeff74c65\" class=\"gem-divider  \" style=\"\" ><\/div>[vc_single_image image=&#8220;14343&#8243; img_size=&#8220;full&#8220; alignment=&#8220;center&#8220; css=&#8220;&#8220;]<div class=\"clearboth\"><\/div><style>#thegem-divider-69fdbeff74c90 {margin-top: 80px !important;}<\/style><div id=\"thegem-divider-69fdbeff74c90\" class=\"gem-divider  \" style=\"\" ><\/div>[\/vc_column][vc_column width=&#8220;1\/2&#8243; offset=&#8220;vc_col-lg-4 vc_col-md-4 vc_col-xs-12&#8243; css=&#8220;.vc_custom_1541416994380{margin-top: 0px !important;margin-bottom: 15px !important;padding-top: 0px !important;padding-bottom: 0px !important;}&#8220;]<div class=\"lazy-loading\" data-ll-item-delay=\"0\"><div class=\"gem-textbox  lazy-loading-item\"  data-ll-effect=\"move-up\" ><div class=\"gem-textbox-inner\" style=\"\"><div class=\"gem-textbox-content\" style=\"background-color: #ffffff;background-position: center top;padding-top: 40px;padding-bottom: 50px;\"><div class=\"centered-box\"><div class=\"gem-icon gem-icon-pack-elegant gem-icon-size-medium  gem-icon-shape-square gem-simple-icon\"  style=\"margin-top: 10px;margin-bottom: 40px;opacity: 1;\"><div class=\"gem-icon-inner\" style=\"\"><span class=\"gem-icon-half-1\" style=\"color: #5A90D7;\"><span class=\"back-angle\">&#xe081;<\/span><\/span><span class=\"gem-icon-half-2\" style=\"color: #5A90D7;\"><span class=\"back-angle\">&#xe081;<\/span><\/span><\/div><\/div><\/div>[vc_column_text css=&#8220;&#8220;]<\/p>\n<div class=\"title-h5\" style=\"text-align: center;\"><span class=\"light\">Standort<\/span><\/div>\n<p>[\/vc_column_text]<div class=\"clearboth\"><\/div><style>#thegem-divider-69fdbeff74d93 {margin-top: 30px !important;}<\/style><div id=\"thegem-divider-69fdbeff74d93\" class=\"gem-divider  \" style=\"\" ><\/div>[vc_column_text css=&#8220;&#8220;]<\/p>\n<p style=\"text-align: center;\">Liegt das Hotel nur wenige Minuten vom Strand Sant&#8217;Andrea entfernt.<\/p>\n<p>[\/vc_column_text]<\/div><\/div><\/div><\/div>[\/vc_column][vc_column width=&#8220;1\/2&#8243; css=&#8220;.vc_custom_1541416998759{margin-top: 0px !important;margin-bottom: 15px !important;padding-top: 0px !important;padding-bottom: 0px !important;}&#8220; offset=&#8220;vc_col-lg-4 vc_col-md-4 vc_col-xs-12&#8243;]<div class=\"lazy-loading\" data-ll-item-delay=\"0\"><div class=\"gem-textbox  lazy-loading-item\"  data-ll-effect=\"move-up\" ><div class=\"gem-textbox-inner\" style=\"\"><div class=\"gem-textbox-content\" style=\"background-color: #ffffff;background-position: center top;padding-top: 40px;padding-bottom: 50px;\"><div class=\"centered-box\"><div class=\"gem-icon gem-icon-pack-fontawesome gem-icon-size-medium  gem-icon-shape-square gem-simple-icon\"  style=\"margin-top: 10px;margin-bottom: 40px;opacity: 1;\"><div class=\"gem-icon-inner\" style=\"\"><span class=\"gem-icon-half-1\" style=\"color: #5A90D7;\"><span class=\"back-angle\">&#xf1bb;<\/span><\/span><span class=\"gem-icon-half-2\" style=\"color: #5A90D7;\"><span class=\"back-angle\">&#xf1bb;<\/span><\/span><\/div><\/div><\/div>[vc_column_text css=&#8220;&#8220;]<\/p>\n<div class=\"title-h5\" style=\"text-align: center;\"><span class=\"light\">Natur und Entspannung<\/span><\/div>\n<p>[\/vc_column_text]<div class=\"clearboth\"><\/div><style>#thegem-divider-69fdbeff74f24 {margin-top: 30px !important;}<\/style><div id=\"thegem-divider-69fdbeff74f24\" class=\"gem-divider  \" style=\"\" ><\/div>[vc_column_text css=&#8220;&#8220;]<\/p>\n<p style=\"text-align: center;\">Das Hotel liegt auf einer kleinen, malerischen Landzunge, abseits vom Verkehr.<\/p>\n<p>[\/vc_column_text]<\/div><\/div><\/div><\/div>[\/vc_column][vc_column width=&#8220;1\/2&#8243; css=&#8220;.vc_custom_1541417002487{margin-top: 0px !important;margin-bottom: 15px !important;padding-top: 0px !important;padding-bottom: 0px !important;}&#8220; offset=&#8220;vc_col-lg-4 vc_col-md-4 vc_col-xs-12&#8243;]<div class=\"lazy-loading\" data-ll-item-delay=\"0\"><div class=\"gem-textbox  lazy-loading-item\"  data-ll-effect=\"move-up\" ><div class=\"gem-textbox-inner\" style=\"\"><div class=\"gem-textbox-content\" style=\"background-color: #ffffff;background-position: center top;padding-top: 40px;padding-bottom: 50px;\"><div class=\"centered-box\"><div class=\"gem-icon gem-icon-pack-material gem-icon-size-medium  gem-icon-shape-square gem-simple-icon\"  style=\"margin-top: 10px;margin-bottom: 40px;opacity: 1;\"><div class=\"gem-icon-inner\" style=\"\"><span class=\"gem-icon-half-1\" style=\"color: #5A90D7;\"><span class=\"back-angle\">&#xf310;<\/span><\/span><span class=\"gem-icon-half-2\" style=\"color: #5A90D7;\"><span class=\"back-angle\">&#xf310;<\/span><\/span><\/div><\/div><\/div>[vc_column_text css=&#8220;&#8220;]<\/p>\n<div class=\"title-h5\" style=\"text-align: center;\"><span class=\"light\">frische Produkte<\/span><\/div>\n<p>[\/vc_column_text]<div class=\"clearboth\"><\/div><style>#thegem-divider-69fdbeff74fce {margin-top: 30px !important;}<\/style><div id=\"thegem-divider-69fdbeff74fce\" class=\"gem-divider  \" style=\"\" ><\/div>[vc_column_text css=&#8220;&#8220;]<\/p>\n<p style=\"text-align: center;\">Das Hotel verf\u00fcgt \u00fcber aromatische Pflanzen, einen saisonalen Gem\u00fcsegarten und einen Zitrusgarten.<\/p>\n<p>[\/vc_column_text]<\/div><\/div><\/div><\/div>[\/vc_column][vc_column width=&#8220;1\/2&#8243; offset=&#8220;vc_col-lg-4 vc_col-md-4 vc_col-xs-12&#8243; css=&#8220;.vc_custom_1541417025166{margin-top: 0px !important;margin-bottom: 15px !important;padding-top: 0px !important;padding-bottom: 0px !important;}&#8220;]<div class=\"lazy-loading\" data-ll-item-delay=\"0\"><div class=\"gem-textbox  lazy-loading-item\"  data-ll-effect=\"move-up\" ><div class=\"gem-textbox-inner\" style=\"\"><div class=\"gem-textbox-content\" style=\"background-color: #ffffff;background-position: center top;padding-top: 40px;padding-bottom: 50px;\"><div class=\"centered-box\"><div class=\"gem-icon gem-icon-pack-material gem-icon-size-medium  gem-icon-shape-square gem-simple-icon\"  style=\"margin-top: 10px;margin-bottom: 40px;opacity: 1;\"><div class=\"gem-icon-inner\" style=\"\"><span class=\"gem-icon-half-1\" style=\"color: #5A90D7;\"><span class=\"back-angle\">&#xf530;<\/span><\/span><span class=\"gem-icon-half-2\" style=\"color: #5A90D7;\"><span class=\"back-angle\">&#xf530;<\/span><\/span><\/div><\/div><\/div>[vc_column_text css=&#8220;&#8220;]<\/p>\n<div class=\"title-h5\" style=\"text-align: center;\"><span class=\"light\">Schwimmbad<\/span><\/div>\n<p>[\/vc_column_text]<div class=\"clearboth\"><\/div><style>#thegem-divider-69fdbeff75061 {margin-top: 30px !important;}<\/style><div id=\"thegem-divider-69fdbeff75061\" class=\"gem-divider  \" style=\"\" ><\/div>[vc_column_text css=&#8220;&#8220;]<\/p>\n<p style=\"text-align: center;\">Panoramapool mit Meerwasser, Whirlpool und Kinderbereich.<\/p>\n<p>[\/vc_column_text]<\/div><\/div><\/div><\/div>[\/vc_column][vc_column width=&#8220;1\/2&#8243; offset=&#8220;vc_col-lg-4 vc_col-md-4 vc_col-xs-12&#8243; css=&#8220;.vc_custom_1541417028979{margin-top: 0px !important;margin-bottom: 15px !important;padding-top: 0px !important;padding-bottom: 0px !important;}&#8220;]<div class=\"lazy-loading\" data-ll-item-delay=\"0\"><div class=\"gem-textbox  lazy-loading-item\"  data-ll-effect=\"move-up\" ><div class=\"gem-textbox-inner\" style=\"\"><div class=\"gem-textbox-content\" style=\"background-color: #ffffff;background-position: center top;padding-top: 40px;padding-bottom: 50px;\"><div class=\"centered-box\"><div class=\"gem-icon gem-icon-pack-material gem-icon-size-medium  gem-icon-shape-square gem-simple-icon\"  style=\"margin-top: 10px;margin-bottom: 40px;opacity: 1;\"><div class=\"gem-icon-inner\" style=\"\"><span class=\"gem-icon-half-1\" style=\"color: #5A90D7;\"><span class=\"back-angle\">&#xf221;<\/span><\/span><span class=\"gem-icon-half-2\" style=\"color: #5A90D7;\"><span class=\"back-angle\">&#xf221;<\/span><\/span><\/div><\/div><\/div>[vc_column_text css=&#8220;&#8220;]<\/p>\n<div class=\"title-h5\" style=\"text-align: center;\"><span class=\"light\">Zusp\u00e4tkommen<\/span><\/div>\n<p>[\/vc_column_text]<div class=\"clearboth\"><\/div><style>#thegem-divider-69fdbeff750ed {margin-top: 30px !important;}<\/style><div id=\"thegem-divider-69fdbeff750ed\" class=\"gem-divider  \" style=\"\" ><\/div>[vc_column_text css=&#8220;&#8220;]<\/p>\n<p style=\"text-align: center;\">Die Rezeption steht auch f\u00fcr sp\u00e4te Ank\u00fcnfte zur Verf\u00fcgung.<\/p>\n<p>[\/vc_column_text]<\/div><\/div><\/div><\/div>[\/vc_column][vc_column width=&#8220;1\/2&#8243; offset=&#8220;vc_col-lg-4 vc_col-md-4 vc_col-xs-12&#8243; css=&#8220;.vc_custom_1541417032368{margin-top: 0px !important;margin-bottom: 15px !important;padding-top: 0px !important;padding-bottom: 0px !important;}&#8220;]<div class=\"lazy-loading\" data-ll-item-delay=\"0\"><div class=\"gem-textbox  lazy-loading-item\"  data-ll-effect=\"move-up\" ><div class=\"gem-textbox-inner\" style=\"\"><div class=\"gem-textbox-content\" style=\"background-color: #ffffff;background-position: center top;padding-top: 40px;padding-bottom: 50px;\"><div class=\"centered-box\"><div class=\"gem-icon gem-icon-pack-material gem-icon-size-medium  gem-icon-shape-square gem-simple-icon\"  style=\"margin-top: 10px;margin-bottom: 40px;opacity: 1;\"><div class=\"gem-icon-inner\" style=\"\"><span class=\"gem-icon-half-1\" style=\"color: #5A90D7;\"><span class=\"back-angle\">&#xf23c;<\/span><\/span><span class=\"gem-icon-half-2\" style=\"color: #5A90D7;\"><span class=\"back-angle\">&#xf23c;<\/span><\/span><\/div><\/div><\/div>[vc_column_text css=&#8220;&#8220;]<\/p>\n<div class=\"title-h5\" style=\"text-align: center;\"><span class=\"light\">Fr\u00fchst\u00fcck<\/span><\/div>\n<p>[\/vc_column_text]<div class=\"clearboth\"><\/div><style>#thegem-divider-69fdbeff751d5 {margin-top: 30px !important;}<\/style><div id=\"thegem-divider-69fdbeff751d5\" class=\"gem-divider  \" style=\"\" ><\/div>[vc_column_text css=&#8220;&#8220;]<\/p>\n<p style=\"text-align: center;\">Fr\u00fchst\u00fccksbuffet mit frischen Produkten und hausgemachten Kuchen.<\/p>\n<p>[\/vc_column_text]<\/div><\/div><\/div><\/div>[\/vc_column][\/vc_row]<\/p>\n<\/div>","protected":false},"excerpt":{"rendered":"<p>[vc_row full_width=&#8220;stretch_row&#8220; css=&#8220;.vc_custom_1539873101225{margin-top: 0px !important;margin-bottom: 0px !important;padding-top: 140px !important;padding-bottom: 40px !important;}&#8220;][vc_column][vc_column_text css=&#8220;&#8220; css_animation=&#8220;bottom-to-top&#8220; el_class=&#8220;uppercase-disable&#8220;] Natur und Entspannung auf der Insel&#8230;<\/p>\n","protected":false},"author":1,"featured_media":0,"parent":14376,"menu_order":0,"comment_status":"closed","ping_status":"open","template":"","meta":{"footnotes":""},"class_list":["post-14413","page","type-page","status-publish"],"yoast_head":"<!-- This site is optimized with the Yoast SEO plugin v26.9 - https:\/\/yoast.com\/product\/yoast-seo-wordpress\/ -->\n<title>Der Garten und der Kiefernwald - Hotel da Giacomino - Isola d&#039;Elba<\/title>\n<meta name=\"description\" content=\"Der Garten und der Pinienwald des Hotels da Giacomino in Sant&#039;Andrea auf der Insel Elba: eine mediterrane Oase mit Blick auf das Meer.\" \/>\n<meta name=\"robots\" content=\"index, follow, max-snippet:-1, max-image-preview:large, max-video-preview:-1\" \/>\n<link rel=\"canonical\" href=\"https:\/\/www.hoteldagiacomino.it\/de\/hotel\/der-garten-und-der-kiefernwald\" \/>\n<meta property=\"og:locale\" content=\"de_DE\" \/>\n<meta property=\"og:type\" content=\"article\" \/>\n<meta property=\"og:title\" content=\"Der Garten und der Kiefernwald - Hotel da Giacomino - Isola d&#039;Elba\" \/>\n<meta property=\"og:description\" content=\"Der Garten und der Pinienwald des Hotels da Giacomino in Sant&#039;Andrea auf der Insel Elba: eine mediterrane Oase mit Blick auf das Meer.\" \/>\n<meta property=\"og:url\" content=\"https:\/\/www.hoteldagiacomino.it\/de\/hotel\/der-garten-und-der-kiefernwald\" \/>\n<meta property=\"og:site_name\" content=\"Hotel da Giacomino - Isola d&#039;Elba\" \/>\n<meta property=\"article:modified_time\" content=\"2026-03-30T11:58:58+00:00\" \/>\n<meta name=\"twitter:card\" content=\"summary_large_image\" \/>\n<meta name=\"twitter:label1\" content=\"Gesch\u00e4tzte Lesezeit\" \/>\n\t<meta name=\"twitter:data1\" content=\"3\u00a0Minuten\" \/>\n<script type=\"application\/ld+json\" class=\"yoast-schema-graph\">{\"@context\":\"https:\/\/schema.org\",\"@graph\":[{\"@type\":\"WebPage\",\"@id\":\"https:\/\/www.hoteldagiacomino.it\/de\/hotel\/der-garten-und-der-kiefernwald\",\"url\":\"https:\/\/www.hoteldagiacomino.it\/de\/hotel\/der-garten-und-der-kiefernwald\",\"name\":\"Der Garten und der Kiefernwald - Hotel da Giacomino - Isola d&#039;Elba\",\"isPartOf\":{\"@id\":\"https:\/\/www.hoteldagiacomino.it\/de#website\"},\"datePublished\":\"2026-01-27T08:28:55+00:00\",\"dateModified\":\"2026-03-30T11:58:58+00:00\",\"description\":\"Der Garten und der Pinienwald des Hotels da Giacomino in Sant'Andrea auf der Insel Elba: eine mediterrane Oase mit Blick auf das Meer.\",\"breadcrumb\":{\"@id\":\"https:\/\/www.hoteldagiacomino.it\/de\/hotel\/der-garten-und-der-kiefernwald#breadcrumb\"},\"inLanguage\":\"de\",\"potentialAction\":[{\"@type\":\"ReadAction\",\"target\":[\"https:\/\/www.hoteldagiacomino.it\/de\/hotel\/der-garten-und-der-kiefernwald\"]}]},{\"@type\":\"BreadcrumbList\",\"@id\":\"https:\/\/www.hoteldagiacomino.it\/de\/hotel\/der-garten-und-der-kiefernwald#breadcrumb\",\"itemListElement\":[{\"@type\":\"ListItem\",\"position\":1,\"name\":\"Accueil\",\"item\":\"https:\/\/www.hoteldagiacomino.it\/de\"},{\"@type\":\"ListItem\",\"position\":2,\"name\":\"Das Hotel\",\"item\":\"https:\/\/www.hoteldagiacomino.it\/de\/hotel\"},{\"@type\":\"ListItem\",\"position\":3,\"name\":\"Der Garten und der Kiefernwald\"}]},{\"@type\":\"WebSite\",\"@id\":\"https:\/\/www.hoteldagiacomino.it\/de#website\",\"url\":\"https:\/\/www.hoteldagiacomino.it\/de\",\"name\":\"Hotel da Giacomino - Isola d&#039;Elba\",\"description\":\"\",\"potentialAction\":[{\"@type\":\"SearchAction\",\"target\":{\"@type\":\"EntryPoint\",\"urlTemplate\":\"https:\/\/www.hoteldagiacomino.it\/de?s={search_term_string}\"},\"query-input\":{\"@type\":\"PropertyValueSpecification\",\"valueRequired\":true,\"valueName\":\"search_term_string\"}}],\"inLanguage\":\"de\"}]}<\/script>\n<!-- \/ Yoast SEO plugin. -->","yoast_head_json":{"title":"Der Garten und der Kiefernwald - Hotel da Giacomino - Isola d&#039;Elba","description":"Der Garten und der Pinienwald des Hotels da Giacomino in Sant'Andrea auf der Insel Elba: eine mediterrane Oase mit Blick auf das Meer.","robots":{"index":"index","follow":"follow","max-snippet":"max-snippet:-1","max-image-preview":"max-image-preview:large","max-video-preview":"max-video-preview:-1"},"canonical":"https:\/\/www.hoteldagiacomino.it\/de\/hotel\/der-garten-und-der-kiefernwald","og_locale":"de_DE","og_type":"article","og_title":"Der Garten und der Kiefernwald - Hotel da Giacomino - Isola d&#039;Elba","og_description":"Der Garten und der Pinienwald des Hotels da Giacomino in Sant'Andrea auf der Insel Elba: eine mediterrane Oase mit Blick auf das Meer.","og_url":"https:\/\/www.hoteldagiacomino.it\/de\/hotel\/der-garten-und-der-kiefernwald","og_site_name":"Hotel da Giacomino - Isola d&#039;Elba","article_modified_time":"2026-03-30T11:58:58+00:00","twitter_card":"summary_large_image","twitter_misc":{"Gesch\u00e4tzte Lesezeit":"3\u00a0Minuten"},"schema":{"@context":"https:\/\/schema.org","@graph":[{"@type":"WebPage","@id":"https:\/\/www.hoteldagiacomino.it\/de\/hotel\/der-garten-und-der-kiefernwald","url":"https:\/\/www.hoteldagiacomino.it\/de\/hotel\/der-garten-und-der-kiefernwald","name":"Der Garten und der Kiefernwald - Hotel da Giacomino - Isola d&#039;Elba","isPartOf":{"@id":"https:\/\/www.hoteldagiacomino.it\/de#website"},"datePublished":"2026-01-27T08:28:55+00:00","dateModified":"2026-03-30T11:58:58+00:00","description":"Der Garten und der Pinienwald des Hotels da Giacomino in Sant'Andrea auf der Insel Elba: eine mediterrane Oase mit Blick auf das Meer.","breadcrumb":{"@id":"https:\/\/www.hoteldagiacomino.it\/de\/hotel\/der-garten-und-der-kiefernwald#breadcrumb"},"inLanguage":"de","potentialAction":[{"@type":"ReadAction","target":["https:\/\/www.hoteldagiacomino.it\/de\/hotel\/der-garten-und-der-kiefernwald"]}]},{"@type":"BreadcrumbList","@id":"https:\/\/www.hoteldagiacomino.it\/de\/hotel\/der-garten-und-der-kiefernwald#breadcrumb","itemListElement":[{"@type":"ListItem","position":1,"name":"Accueil","item":"https:\/\/www.hoteldagiacomino.it\/de"},{"@type":"ListItem","position":2,"name":"Das Hotel","item":"https:\/\/www.hoteldagiacomino.it\/de\/hotel"},{"@type":"ListItem","position":3,"name":"Der Garten und der Kiefernwald"}]},{"@type":"WebSite","@id":"https:\/\/www.hoteldagiacomino.it\/de#website","url":"https:\/\/www.hoteldagiacomino.it\/de","name":"Hotel da Giacomino - Isola d&#039;Elba","description":"","potentialAction":[{"@type":"SearchAction","target":{"@type":"EntryPoint","urlTemplate":"https:\/\/www.hoteldagiacomino.it\/de?s={search_term_string}"},"query-input":{"@type":"PropertyValueSpecification","valueRequired":true,"valueName":"search_term_string"}}],"inLanguage":"de"}]}},"_links":{"self":[{"href":"https:\/\/www.hoteldagiacomino.it\/de\/wp-json\/wp\/v2\/pages\/14413","targetHints":{"allow":["GET"]}}],"collection":[{"href":"https:\/\/www.hoteldagiacomino.it\/de\/wp-json\/wp\/v2\/pages"}],"about":[{"href":"https:\/\/www.hoteldagiacomino.it\/de\/wp-json\/wp\/v2\/types\/page"}],"author":[{"embeddable":true,"href":"https:\/\/www.hoteldagiacomino.it\/de\/wp-json\/wp\/v2\/users\/1"}],"replies":[{"embeddable":true,"href":"https:\/\/www.hoteldagiacomino.it\/de\/wp-json\/wp\/v2\/comments?post=14413"}],"version-history":[{"count":9,"href":"https:\/\/www.hoteldagiacomino.it\/de\/wp-json\/wp\/v2\/pages\/14413\/revisions"}],"predecessor-version":[{"id":14580,"href":"https:\/\/www.hoteldagiacomino.it\/de\/wp-json\/wp\/v2\/pages\/14413\/revisions\/14580"}],"up":[{"embeddable":true,"href":"https:\/\/www.hoteldagiacomino.it\/de\/wp-json\/wp\/v2\/pages\/14376"}],"wp:attachment":[{"href":"https:\/\/www.hoteldagiacomino.it\/de\/wp-json\/wp\/v2\/media?parent=14413"}],"curies":[{"name":"wp","href":"https:\/\/api.w.org\/{rel}","templated":true}]}}