{"id":14446,"date":"2026-01-27T13:33:04","date_gmt":"2026-01-27T12:33:04","guid":{"rendered":"https:\/\/www.grow-fast.lu\/das-hotel\/das-schwimmbad"},"modified":"2026-03-30T21:24:14","modified_gmt":"2026-03-30T19:24:14","slug":"das-schwimmbad","status":"publish","type":"page","link":"https:\/\/www.hoteldagiacomino.it\/de\/hotel\/das-schwimmbad","title":{"rendered":"Das Schwimmbad"},"content":{"rendered":"<div class=\"wpb-content-wrapper\"><p>[vc_row full_width=&#8220;stretch_row&#8220; css=&#8220;.vc_custom_1539873101225{margin-top: 0px !important;margin-bottom: 0px !important;padding-top: 140px !important;padding-bottom: 40px !important;}&#8220;][vc_column][vc_column_text css=&#8220;&#8220; css_animation=&#8220;bottom-to-top&#8220; el_class=&#8220;uppercase-disable&#8220;]<\/p>\n<div class=\"title-h1\" style=\"text-align: center;\">Entspannung und Meerblick<br \/>\nim Hotel da Giacomino<\/div>\n<p>[\/vc_column_text]<div class=\"clearboth\"><\/div><style>#thegem-divider-69fdbeffa9cb0 {margin-top: 35px !important;}<\/style><div id=\"thegem-divider-69fdbeffa9cb0\" class=\"gem-divider  \" style=\"\" ><\/div>[vc_single_image image=&#8220;14343&#8243; img_size=&#8220;full&#8220; alignment=&#8220;center&#8220; css=&#8220;&#8220;][\/vc_column][\/vc_row][vc_row css=&#8220;.vc_custom_1539873119292{margin-top: 0px !important;margin-bottom: 0px !important;padding-top: 0px !important;padding-bottom: 150px !important;}&#8220;][vc_column offset=&#8220;vc_col-lg-6 vc_col-md-6 vc_col-xs-12&#8243;][vc_column_text css=&#8220;&#8220;]<\/p>\n<h3>Eine Oase des Wohlbefindens in Sant&#8217;Andrea, Insel Elba<\/h3>\n<p>[\/vc_column_text]<div class=\"clearboth\"><\/div><style>#thegem-divider-69fdbeffa9cf5 {margin-top: 60px !important;}<\/style><div id=\"thegem-divider-69fdbeffa9cf5\" class=\"gem-divider  \" style=\"\" ><\/div>[vc_column_text css=&#8220;&#8220; css_animation=&#8220;bottom-to-top&#8220;]<\/p>\n<div class=\"styled-subtitle\">Der Swimmingpool im Hotel da Giacomino ist der ideale Ort, um sich zu entspannen und die nat\u00fcrliche Sch\u00f6nheit der Insel Elba zu genie\u00dfen. Der Pool befindet sich in Panoramalage und bietet einen atemberaubenden Blick auf den Golf von Sant&#8217;Andrea, der zu jeder Tageszeit eine perfekte Kulisse f\u00fcr Entspannung bietet.<\/div>\n<p>[\/vc_column_text]<style type=\"text\/css\">.thegem-button-69fdbeffa9dbd980 .gem-button svg {fill: #FFFFFF;}.thegem-button-69fdbeffa9dbd980 .gem-button:hover svg {fill: #9BB3DC;}<\/style><div class=\"gem-button-container gem-button-position-center thegem-button-69fdbeffa9dbd980    \"  ><a title=\"Contattaci\" class=\"gem-button gem-button-size-medium gem-button-style-flat gem-button-text-weight-normal\" data-ll-effect=\"drop-right-without-wrap\" style=\"border-radius: 20px;background-color: #9BB3DC;color: #FFFFFF;\" onmouseleave=\"this.style.backgroundColor='#9BB3DC';this.style.color='#FFFFFF';\" onmouseenter=\"this.style.backgroundColor='#FFFFFF';this.style.color='#9BB3DC';\" href=\"\/de\/kontakt\" target=\"_self\">Kontaktieren Sie uns<\/a><\/div> [\/vc_column][vc_column thegem_content_alignment=&#8220;center&#8220; background_position_desktop=&#8220;center center&#8220; offset=&#8220;vc_col-lg-6 vc_col-md-6 vc_col-xs-12&#8243;]<div class=\"clearboth\"><\/div><style>#thegem-divider-69fdbeffa9e06 {margin-top: 80px !important;}<\/style><div id=\"thegem-divider-69fdbeffa9e06\" class=\"gem-divider  \" style=\"\" ><\/div>[vc_gallery interval=&#8220;3&#8243; images=&#8220;14447,14448,14449,14450,14451,14452&#8243; img_size=&#8220;full&#8220; css=&#8220;&#8220;][\/vc_column][vc_column][\/vc_column][\/vc_row][vc_row full_width=&#8220;stretch_row&#8220; css=&#8220;.vc_custom_1769518033094{margin-top: 0px !important;margin-bottom: -150px !important;padding-top: 100px !important;padding-bottom: 120px !important;background-image: url(https:\/\/www.hoteldagiacomino.it\/wp-content\/uploads\/2018\/10\/5-2.jpg?id=236) !important;background-position: center !important;background-repeat: no-repeat !important;background-size: cover !important;}&#8220;][vc_column][vc_column_text css=&#8220;&#8220; css_animation=&#8220;bottom-to-top&#8220; el_class=&#8220;uppercase-disable&#8220;]<\/p>\n<div class=\"title-h1\" style=\"text-align: center;\">FEATURES<\/div>\n<p>[\/vc_column_text]<div class=\"clearboth\"><\/div><style>#thegem-divider-69fdbeffa9e30 {margin-top: 35px !important;}<\/style><div id=\"thegem-divider-69fdbeffa9e30\" class=\"gem-divider  \" style=\"\" ><\/div>[vc_single_image image=&#8220;14343&#8243; img_size=&#8220;full&#8220; alignment=&#8220;center&#8220; css=&#8220;&#8220;]<div class=\"clearboth\"><\/div><style>#thegem-divider-69fdbeffa9e52 {margin-top: 60px !important;}<\/style><div id=\"thegem-divider-69fdbeffa9e52\" class=\"gem-divider  \" style=\"\" ><\/div>[\/vc_column][vc_column width=&#8220;1\/2&#8243; offset=&#8220;vc_col-lg-3 vc_col-md-6 vc_col-xs-12&#8243;]<div class=\"lazy-loading\" data-ll-item-delay=\"0\"><div class=\"gem-textbox  lazy-loading-item\"  data-ll-effect=\"move-up\" ><div class=\"gem-textbox-inner\" style=\"\"><div class=\"gem-textbox-content\" style=\"background-color: #ffffff;background-position: center top;padding-top: 50px;padding-bottom: 75px;\"><div class=\"gem-icon gem-icon-pack-material gem-icon-size-medium  gem-icon-shape-square gem-simple-icon\"  style=\"opacity: 1;\"><div class=\"gem-icon-inner\" style=\"\"><span class=\"gem-icon-half-1\" style=\"color: #5A90D7;\"><span class=\"back-angle\">&#xf530;<\/span><\/span><span class=\"gem-icon-half-2\" style=\"color: #5A90D7;\"><span class=\"back-angle\">&#xf530;<\/span><\/span><\/div><\/div><div class=\"clearboth\"><\/div><style>#thegem-divider-69fdbeffa9f54 {margin-top: 40px !important;}<\/style><div id=\"thegem-divider-69fdbeffa9f54\" class=\"gem-divider  \" style=\"\" ><\/div>[vc_column_text css=&#8220;&#8220;]<\/p>\n<div class=\"title-h5\"><span class=\"light\">Schwimmbad mit Meerblick<\/span><\/div>\n<p>[\/vc_column_text][vc_column_text css=&#8220;&#8220;]Pool mit Meerblick f\u00fcr ein authentisches und erholsames Erlebnis.[\/vc_column_text]<\/div><\/div><\/div><\/div>[\/vc_column][vc_column width=&#8220;1\/2&#8243; offset=&#8220;vc_col-lg-3 vc_col-md-6 vc_col-xs-12&#8243;]<div class=\"lazy-loading\" data-ll-item-delay=\"0\"><div class=\"gem-textbox  lazy-loading-item\"  data-ll-effect=\"move-up\" ><div class=\"gem-textbox-inner\" style=\"\"><div class=\"gem-textbox-content\" style=\"background-color: #ffffff;background-position: center top;padding-top: 50px;padding-bottom: 75px;\"><div class=\"gem-icon gem-icon-pack-thegem-header gem-icon-size-medium  gem-icon-shape-square gem-simple-icon\"  style=\"opacity: 1;\"><div class=\"gem-icon-inner\" style=\"\"><span class=\"gem-icon-half-1\" style=\"color: #5A90D7;\"><span class=\"back-angle\">&#xe9b7;<\/span><\/span><span class=\"gem-icon-half-2\" style=\"color: #5A90D7;\"><span class=\"back-angle\">&#xe9b7;<\/span><\/span><\/div><\/div><div class=\"clearboth\"><\/div><style>#thegem-divider-69fdbeffa9ffd {margin-top: 40px !important;}<\/style><div id=\"thegem-divider-69fdbeffa9ffd\" class=\"gem-divider  \" style=\"\" ><\/div>[vc_column_text css=&#8220;&#8220;]<\/p>\n<div class=\"title-h5\"><span class=\"light\">Whirlpool-Bereich<\/span><\/div>\n<p>[\/vc_column_text][vc_column_text css=&#8220;&#8220;]Der Pool verf\u00fcgt \u00fcber einen Whirlpool f\u00fcr maximale Entspannung.[\/vc_column_text]<\/div><\/div><\/div><\/div>[\/vc_column][vc_column width=&#8220;1\/2&#8243; offset=&#8220;vc_col-lg-3 vc_col-md-6 vc_col-xs-12&#8243;]<div class=\"lazy-loading\" data-ll-item-delay=\"0\"><div class=\"gem-textbox  lazy-loading-item\"  data-ll-effect=\"move-up\" ><div class=\"gem-textbox-inner\" style=\"\"><div class=\"gem-textbox-content\" style=\"background-color: #ffffff;background-position: center top;padding-top: 50px;padding-bottom: 75px;\"><div class=\"gem-icon gem-icon-pack-fontawesome gem-icon-size-medium  gem-icon-shape-square gem-simple-icon\"  style=\"opacity: 1;\"><div class=\"gem-icon-inner\" style=\"\"><span class=\"gem-icon-half-1\" style=\"color: #5A90D7;\"><span class=\"back-angle\">&#xf1ae;<\/span><\/span><span class=\"gem-icon-half-2\" style=\"color: #5A90D7;\"><span class=\"back-angle\">&#xf1ae;<\/span><\/span><\/div><\/div><div class=\"clearboth\"><\/div><style>#thegem-divider-69fdbeffaa090 {margin-top: 40px !important;}<\/style><div id=\"thegem-divider-69fdbeffaa090\" class=\"gem-divider  \" style=\"\" ><\/div>[vc_column_text css=&#8220;&#8220;]<\/p>\n<div class=\"title-h5\"><span class=\"light\">Bereich f\u00fcr Kinder<\/span><\/div>\n<p>[\/vc_column_text][vc_column_text css=&#8220;&#8220;]Ein spezieller Bereich f\u00fcr Kinder, der f\u00fcr Spa\u00df und Sicherheit sorgt.[\/vc_column_text]<\/div><\/div><\/div><\/div>[\/vc_column][vc_column width=&#8220;1\/2&#8243; offset=&#8220;vc_col-lg-3 vc_col-md-6 vc_col-xs-12&#8243;]<div class=\"lazy-loading\" data-ll-item-delay=\"0\"><div class=\"gem-textbox  lazy-loading-item\"  data-ll-effect=\"move-up\" ><div class=\"gem-textbox-inner\" style=\"\"><div class=\"gem-textbox-content\" style=\"background-color: #ffffff;background-position: center top;padding-top: 50px;padding-bottom: 50px;\"><div class=\"gem-icon gem-icon-pack-material gem-icon-size-medium  gem-icon-shape-square gem-simple-icon\"  style=\"opacity: 1;\"><div class=\"gem-icon-inner\" style=\"\"><span class=\"gem-icon-half-1\" style=\"color: #5A90D7;\"><span class=\"back-angle\">&#xf179;<\/span><\/span><span class=\"gem-icon-half-2\" style=\"color: #5A90D7;\"><span class=\"back-angle\">&#xf179;<\/span><\/span><\/div><\/div><div class=\"clearboth\"><\/div><style>#thegem-divider-69fdbeffaa119 {margin-top: 40px !important;}<\/style><div id=\"thegem-divider-69fdbeffaa119\" class=\"gem-divider  \" style=\"\" ><\/div>[vc_column_text css=&#8220;&#8220;]<\/p>\n<div class=\"title-h5\"><span class=\"light\">Bar und Entspannung<\/span><\/div>\n<p>[\/vc_column_text][vc_column_text css=&#8220;&#8220;]Bar und Entspannungsbereich sind zu Fu\u00df erreichbar; es stehen Liegest\u00fchle zur Verf\u00fcgung.[\/vc_column_text]<\/div><\/div><\/div><\/div>[\/vc_column][\/vc_row]<\/p>\n<\/div>","protected":false},"excerpt":{"rendered":"<p>[vc_row full_width=&#8220;stretch_row&#8220; css=&#8220;.vc_custom_1539873101225{margin-top: 0px !important;margin-bottom: 0px !important;padding-top: 140px !important;padding-bottom: 40px !important;}&#8220;][vc_column][vc_column_text css=&#8220;&#8220; css_animation=&#8220;bottom-to-top&#8220; el_class=&#8220;uppercase-disable&#8220;] Entspannung und Meerblick im Hotel da&#8230;<\/p>\n","protected":false},"author":1,"featured_media":0,"parent":14376,"menu_order":0,"comment_status":"closed","ping_status":"open","template":"","meta":{"footnotes":""},"class_list":["post-14446","page","type-page","status-publish"],"yoast_head":"<!-- This site is optimized with the Yoast SEO plugin v26.9 - https:\/\/yoast.com\/product\/yoast-seo-wordpress\/ -->\n<title>Das Schwimmbad - Hotel da Giacomino - Isola d&#039;Elba<\/title>\n<meta name=\"description\" content=\"Panorama-Pool mit Blick auf den Golf von Sant&#039;Andrea im Hotel da Giacomino auf der Insel Elba. Whirlpoolbereich, Kinderbereich und Bar.\" \/>\n<meta name=\"robots\" content=\"index, follow, max-snippet:-1, max-image-preview:large, max-video-preview:-1\" \/>\n<link rel=\"canonical\" href=\"https:\/\/www.hoteldagiacomino.it\/de\/hotel\/das-schwimmbad\" \/>\n<meta property=\"og:locale\" content=\"de_DE\" \/>\n<meta property=\"og:type\" content=\"article\" \/>\n<meta property=\"og:title\" content=\"Das Schwimmbad - Hotel da Giacomino - Isola d&#039;Elba\" \/>\n<meta property=\"og:description\" content=\"Panorama-Pool mit Blick auf den Golf von Sant&#039;Andrea im Hotel da Giacomino auf der Insel Elba. Whirlpoolbereich, Kinderbereich und Bar.\" \/>\n<meta property=\"og:url\" content=\"https:\/\/www.hoteldagiacomino.it\/de\/hotel\/das-schwimmbad\" \/>\n<meta property=\"og:site_name\" content=\"Hotel da Giacomino - Isola d&#039;Elba\" \/>\n<meta property=\"article:modified_time\" content=\"2026-03-30T19:24:14+00:00\" \/>\n<meta name=\"twitter:card\" content=\"summary_large_image\" \/>\n<meta name=\"twitter:label1\" content=\"Gesch\u00e4tzte Lesezeit\" \/>\n\t<meta name=\"twitter:data1\" content=\"3\u00a0Minuten\" \/>\n<script type=\"application\/ld+json\" class=\"yoast-schema-graph\">{\"@context\":\"https:\/\/schema.org\",\"@graph\":[{\"@type\":\"WebPage\",\"@id\":\"https:\/\/www.hoteldagiacomino.it\/de\/hotel\/das-schwimmbad\",\"url\":\"https:\/\/www.hoteldagiacomino.it\/de\/hotel\/das-schwimmbad\",\"name\":\"Das Schwimmbad - Hotel da Giacomino - Isola d&#039;Elba\",\"isPartOf\":{\"@id\":\"https:\/\/www.hoteldagiacomino.it\/de#website\"},\"datePublished\":\"2026-01-27T12:33:04+00:00\",\"dateModified\":\"2026-03-30T19:24:14+00:00\",\"description\":\"Panorama-Pool mit Blick auf den Golf von Sant'Andrea im Hotel da Giacomino auf der Insel Elba. Whirlpoolbereich, Kinderbereich und Bar.\",\"breadcrumb\":{\"@id\":\"https:\/\/www.hoteldagiacomino.it\/de\/hotel\/das-schwimmbad#breadcrumb\"},\"inLanguage\":\"de\",\"potentialAction\":[{\"@type\":\"ReadAction\",\"target\":[\"https:\/\/www.hoteldagiacomino.it\/de\/hotel\/das-schwimmbad\"]}]},{\"@type\":\"BreadcrumbList\",\"@id\":\"https:\/\/www.hoteldagiacomino.it\/de\/hotel\/das-schwimmbad#breadcrumb\",\"itemListElement\":[{\"@type\":\"ListItem\",\"position\":1,\"name\":\"Accueil\",\"item\":\"https:\/\/www.hoteldagiacomino.it\/de\"},{\"@type\":\"ListItem\",\"position\":2,\"name\":\"Das Hotel\",\"item\":\"https:\/\/www.hoteldagiacomino.it\/de\/hotel\"},{\"@type\":\"ListItem\",\"position\":3,\"name\":\"Das Schwimmbad\"}]},{\"@type\":\"WebSite\",\"@id\":\"https:\/\/www.hoteldagiacomino.it\/de#website\",\"url\":\"https:\/\/www.hoteldagiacomino.it\/de\",\"name\":\"Hotel da Giacomino - Isola d&#039;Elba\",\"description\":\"\",\"potentialAction\":[{\"@type\":\"SearchAction\",\"target\":{\"@type\":\"EntryPoint\",\"urlTemplate\":\"https:\/\/www.hoteldagiacomino.it\/de?s={search_term_string}\"},\"query-input\":{\"@type\":\"PropertyValueSpecification\",\"valueRequired\":true,\"valueName\":\"search_term_string\"}}],\"inLanguage\":\"de\"}]}<\/script>\n<!-- \/ Yoast SEO plugin. -->","yoast_head_json":{"title":"Das Schwimmbad - Hotel da Giacomino - Isola d&#039;Elba","description":"Panorama-Pool mit Blick auf den Golf von Sant'Andrea im Hotel da Giacomino auf der Insel Elba. Whirlpoolbereich, Kinderbereich und Bar.","robots":{"index":"index","follow":"follow","max-snippet":"max-snippet:-1","max-image-preview":"max-image-preview:large","max-video-preview":"max-video-preview:-1"},"canonical":"https:\/\/www.hoteldagiacomino.it\/de\/hotel\/das-schwimmbad","og_locale":"de_DE","og_type":"article","og_title":"Das Schwimmbad - Hotel da Giacomino - Isola d&#039;Elba","og_description":"Panorama-Pool mit Blick auf den Golf von Sant'Andrea im Hotel da Giacomino auf der Insel Elba. Whirlpoolbereich, Kinderbereich und Bar.","og_url":"https:\/\/www.hoteldagiacomino.it\/de\/hotel\/das-schwimmbad","og_site_name":"Hotel da Giacomino - Isola d&#039;Elba","article_modified_time":"2026-03-30T19:24:14+00:00","twitter_card":"summary_large_image","twitter_misc":{"Gesch\u00e4tzte Lesezeit":"3\u00a0Minuten"},"schema":{"@context":"https:\/\/schema.org","@graph":[{"@type":"WebPage","@id":"https:\/\/www.hoteldagiacomino.it\/de\/hotel\/das-schwimmbad","url":"https:\/\/www.hoteldagiacomino.it\/de\/hotel\/das-schwimmbad","name":"Das Schwimmbad - Hotel da Giacomino - Isola d&#039;Elba","isPartOf":{"@id":"https:\/\/www.hoteldagiacomino.it\/de#website"},"datePublished":"2026-01-27T12:33:04+00:00","dateModified":"2026-03-30T19:24:14+00:00","description":"Panorama-Pool mit Blick auf den Golf von Sant'Andrea im Hotel da Giacomino auf der Insel Elba. Whirlpoolbereich, Kinderbereich und Bar.","breadcrumb":{"@id":"https:\/\/www.hoteldagiacomino.it\/de\/hotel\/das-schwimmbad#breadcrumb"},"inLanguage":"de","potentialAction":[{"@type":"ReadAction","target":["https:\/\/www.hoteldagiacomino.it\/de\/hotel\/das-schwimmbad"]}]},{"@type":"BreadcrumbList","@id":"https:\/\/www.hoteldagiacomino.it\/de\/hotel\/das-schwimmbad#breadcrumb","itemListElement":[{"@type":"ListItem","position":1,"name":"Accueil","item":"https:\/\/www.hoteldagiacomino.it\/de"},{"@type":"ListItem","position":2,"name":"Das Hotel","item":"https:\/\/www.hoteldagiacomino.it\/de\/hotel"},{"@type":"ListItem","position":3,"name":"Das Schwimmbad"}]},{"@type":"WebSite","@id":"https:\/\/www.hoteldagiacomino.it\/de#website","url":"https:\/\/www.hoteldagiacomino.it\/de","name":"Hotel da Giacomino - Isola d&#039;Elba","description":"","potentialAction":[{"@type":"SearchAction","target":{"@type":"EntryPoint","urlTemplate":"https:\/\/www.hoteldagiacomino.it\/de?s={search_term_string}"},"query-input":{"@type":"PropertyValueSpecification","valueRequired":true,"valueName":"search_term_string"}}],"inLanguage":"de"}]}},"_links":{"self":[{"href":"https:\/\/www.hoteldagiacomino.it\/de\/wp-json\/wp\/v2\/pages\/14446","targetHints":{"allow":["GET"]}}],"collection":[{"href":"https:\/\/www.hoteldagiacomino.it\/de\/wp-json\/wp\/v2\/pages"}],"about":[{"href":"https:\/\/www.hoteldagiacomino.it\/de\/wp-json\/wp\/v2\/types\/page"}],"author":[{"embeddable":true,"href":"https:\/\/www.hoteldagiacomino.it\/de\/wp-json\/wp\/v2\/users\/1"}],"replies":[{"embeddable":true,"href":"https:\/\/www.hoteldagiacomino.it\/de\/wp-json\/wp\/v2\/comments?post=14446"}],"version-history":[{"count":7,"href":"https:\/\/www.hoteldagiacomino.it\/de\/wp-json\/wp\/v2\/pages\/14446\/revisions"}],"predecessor-version":[{"id":14655,"href":"https:\/\/www.hoteldagiacomino.it\/de\/wp-json\/wp\/v2\/pages\/14446\/revisions\/14655"}],"up":[{"embeddable":true,"href":"https:\/\/www.hoteldagiacomino.it\/de\/wp-json\/wp\/v2\/pages\/14376"}],"wp:attachment":[{"href":"https:\/\/www.hoteldagiacomino.it\/de\/wp-json\/wp\/v2\/media?parent=14446"}],"curies":[{"name":"wp","href":"https:\/\/api.w.org\/{rel}","templated":true}]}}