{"id":14501,"date":"2026-02-05T15:07:56","date_gmt":"2026-02-05T14:07:56","guid":{"rendered":"https:\/\/www.grow-fast.lu\/insel-elba-und-santandrea"},"modified":"2026-03-30T14:02:52","modified_gmt":"2026-03-30T12:02:52","slug":"insel-elba-und-santandrea","status":"publish","type":"page","link":"https:\/\/www.hoteldagiacomino.it\/de\/insel-elba-und-santandrea","title":{"rendered":"Insel Elba und Sant&#8217;Andrea"},"content":{"rendered":"<div class=\"wpb-content-wrapper\"><p>[vc_row full_width=&#8220;stretch_row&#8220; css=&#8220;.vc_custom_1539873101225{margin-top: 0px !important;margin-bottom: 0px !important;padding-top: 140px !important;padding-bottom: 40px !important;}&#8220;][vc_column][vc_column_text css=&#8220;&#8220; css_animation=&#8220;bottom-to-top&#8220;]<\/p>\n<div class=\"title-h5\" style=\"text-align: center;\"><span class=\"light\">Entdecken Sie die Insel Elba und Sant&#8217;Andrea<\/span><\/div>\n<p>[\/vc_column_text]<div class=\"clearboth\"><\/div><style>#thegem-divider-69fdbef48185d {margin-top: -20px !important;}<\/style><div id=\"thegem-divider-69fdbef48185d\" class=\"gem-divider  \" style=\"\" ><\/div>[vc_column_text css=&#8220;&#8220; css_animation=&#8220;bottom-to-top&#8220; el_class=&#8220;uppercase-disable&#8220;]<\/p>\n<div class=\"title-h1\" style=\"text-align: center;\">Die Insel Elba: Meer,<br \/>\nNatur und einzigartige Aussichten<\/div>\n<p>[\/vc_column_text]<div class=\"clearboth\"><\/div><style>#thegem-divider-69fdbef4818ae {margin-top: 35px !important;}<\/style><div id=\"thegem-divider-69fdbef4818ae\" class=\"gem-divider  \" style=\"\" ><\/div>[vc_single_image image=&#8220;14372&#8243; img_size=&#8220;full&#8220; alignment=&#8220;center&#8220; css=&#8220;&#8220;][\/vc_column][\/vc_row][vc_row css=&#8220;.vc_custom_1539873119292{margin-top: 0px !important;margin-bottom: 0px !important;padding-top: 0px !important;padding-bottom: 150px !important;}&#8220;][vc_column offset=&#8220;vc_col-lg-6 vc_col-md-6 vc_col-xs-12&#8243; css=&#8220;.vc_custom_1770632834823{margin-top: -20px !important;}&#8220;][vc_column_text css=&#8220;&#8220; css_animation=&#8220;bottom-to-top&#8220;]<\/p>\n<div class=\"styled-subtitle\">\n<p>Die Insel Elba ist die gr\u00f6\u00dfte des Toskanischen Archipels und liegt im Tyrrhenischen Meer etwa 10 km vor der K\u00fcste der Toskana. Bekannt f\u00fcr ihr kristallklares Wasser, ihre Sandstr\u00e4nde und felsigen Buchten, wechselt die Insel zwischen Meereslandschaften, H\u00fcgeln, W\u00e4ldern und charakteristischen D\u00f6rfern ab und bietet ideale Erlebnisse sowohl f\u00fcr Erholungssuchende als auch f\u00fcr Abenteuerlustige und Naturliebhaber. Die Gegend ist leicht mit dem Auto, dem Fahrrad oder zu Fu\u00df zu erkunden: malerische Routen, Naturpfade und atemberaubende Ausblicke auf das Meer machen Elba zu einem kompletten und faszinierenden Reiseziel.<\/p>\n<\/div>\n<p>[\/vc_column_text][\/vc_column][vc_column offset=&#8220;vc_col-lg-6 vc_col-md-6 vc_col-xs-12&#8243;]<div class=\"clearboth\"><\/div><style>#thegem-divider-69fdbef4818dd {margin-top: 15px !important;}<\/style><div id=\"thegem-divider-69fdbef4818dd\" class=\"gem-divider  \" style=\"\" ><\/div><div class=\"gem-image gem-wrapbox gem-wrapbox-style-default gem-wrapbox-position-below  thegem-custom-69fdbef481913543\"  style=\"\" ><div class=\"gem-wrapbox-inner \" ><img class=\"gem-wrapbox-element img-responsive\" src=\"https:\/\/www.hoteldagiacomino.it\/wp-content\/uploads\/2026\/02\/mappa-isola-delba-1.png\" alt=\"\"\/><\/div><\/div>[\/vc_column][vc_column][vc_column_text css=&#8220;&#8220; css_animation=&#8220;bottom-to-top&#8220; el_class=&#8220;uppercase-disable&#8220;]<\/p>\n<div class=\"title-h1\" style=\"text-align: left;\">So erreichen Sie die Insel Elba<\/div>\n<p>[\/vc_column_text][vc_column_text css=&#8220;&#8220; css_animation=&#8220;bottom-to-top&#8220;]<\/p>\n<div class=\"styled-subtitle\">\n<p>Die h\u00e4ufigste und einfachste Art, nach Elba zu gelangen, ist mit der F\u00e4hre von Piombino (Toskana) aus.<br \/>\nMehrere Reedereien &#8211; darunter <a href=\"https:\/\/www.toremar.it\/it\/\" target=\"_blank\" rel=\"noopener\">Toremar<\/a>, <a href=\"https:\/\/www.moby.it\/\" target=\"_blank\" rel=\"noopener\">Moby Lines<\/a>, <a href=\"https:\/\/blunavytraghetti.com\/\" target=\"_blank\" rel=\"noopener\">Blu Navy<\/a> und <a href=\"https:\/\/www.corsica-ferries.it\/\" target=\"_blank\" rel=\"noopener\">Corsica Ferries<\/a> &#8211; bieten t\u00e4gliche Fahrten zu den wichtigsten H\u00e4fen der Insel (Portoferraio, Rio Marina und Cavo) an.<\/p>\n<p>Die \u00dcberfahrt dauert im Allgemeinen etwa 40-60 Minuten, je nach Ankunftshafen und Schiffstyp. Tragfl\u00fcgelboote f\u00fcr Passagiere sind ebenfalls verf\u00fcgbar und verk\u00fcrzen die Fahrtzeit.<\/p>\n<p>Wir empfehlen Ihnen, die F\u00e4hre im Voraus zu buchen, insbesondere in der Hochsaison, um einen Sitzplatz zur gew\u00fcnschten Zeit zu garantieren.<\/p>\n<p>Die Insel Elba ist dank des Flughafens Marina di Campo (Elba &#8211; La Pila), der sich im s\u00fcdlichen Teil der Insel befindet, auch mit dem Flugzeug zu erreichen. W\u00e4hrend der Tourismussaison gibt es Direktverbindungen mit mehreren italienischen und europ\u00e4ischen St\u00e4dten, so dass Elba auch f\u00fcr kurze Aufenthalte ein leicht erreichbares Ziel ist.<\/p>\n<\/div>\n<p>[\/vc_column_text]<style type=\"text\/css\">.thegem-button-69fdbef481bf48850 .gem-button svg {fill: #FFFFFF;}.thegem-button-69fdbef481bf48850 .gem-button:hover svg {fill: #9BB3DC;}<\/style><div class=\"gem-button-container gem-button-position-center thegem-button-69fdbef481bf48850    \"  ><a title=\"Contattaci\" class=\"gem-button gem-button-size-medium gem-button-style-flat gem-button-text-weight-normal\" data-ll-effect=\"drop-right-without-wrap\" style=\"border-radius: 20px;background-color: #9BB3DC;color: #FFFFFF;\" onmouseleave=\"this.style.backgroundColor='#9BB3DC';this.style.color='#FFFFFF';\" onmouseenter=\"this.style.backgroundColor='#FFFFFF';this.style.color='#9BB3DC';\" href=\"\/de\/kontakt\" target=\"_self\">Kontaktieren Sie uns<\/a><\/div> <style type=\"text\/css\">.thegem-button-69fdbef481cc82725 .gem-button svg {fill: #FFFFFF;}.thegem-button-69fdbef481cc82725 .gem-button:hover svg {fill: #9BB3DC;}<\/style><div class=\"gem-button-container gem-button-position-center thegem-button-69fdbef481cc82725    \"  ><a title=\"Contattaci\" class=\"gem-button gem-button-size-medium gem-button-style-flat gem-button-text-weight-normal\" data-ll-effect=\"drop-right-without-wrap\" style=\"border-radius: 20px;background-color: #9BB3DC;color: #FFFFFF;\" onmouseleave=\"this.style.backgroundColor='#9BB3DC';this.style.color='#FFFFFF';\" onmouseenter=\"this.style.backgroundColor='#FFFFFF';this.style.color='#9BB3DC';\" href=\"\/de\/insel-elba-und-santandrea\/prenotazione-traghetti\" target=\"_self\">F\u00e4hre buchen<\/a><\/div> [\/vc_column][\/vc_row][vc_row css=&#8220;.vc_custom_1770632961182{margin-top: -70px !important;}&#8220;][vc_column width=&#8220;1\/2&#8243;][vc_column_text css=&#8220;&#8220; css_animation=&#8220;bottom-to-top&#8220; el_class=&#8220;uppercase-disable&#8220;]<\/p>\n<div class=\"title-h1\" style=\"text-align: left;\">Sant&#8217;Andrea: wo sich Meer und Berge treffen<\/div>\n<p>[\/vc_column_text][vc_column_text css=&#8220;&#8220; css_animation=&#8220;bottom-to-top&#8220;]<\/p>\n<div class=\"styled-subtitle\">\n<p>Sant&#8217;Andrea liegt an der Nordwestk\u00fcste der Insel Elba und ist einer der malerischsten Urlaubsorte der Insel. Bekannt f\u00fcr seinen charakteristischen Sand- und Felsenstrand und sein klares Wasser, verbindet Sant&#8217;Andrea den Charme des Meeres mit der Ruhe einer unber\u00fchrten Naturlandschaft.<\/p>\n<\/div>\n<p>[\/vc_column_text][\/vc_column][vc_column width=&#8220;1\/2&#8243;]<div class=\"clearboth\"><\/div><style>#thegem-divider-69fdbef481d0e {margin-top: 30px !important;}<\/style><div id=\"thegem-divider-69fdbef481d0e\" class=\"gem-divider  \" style=\"\" ><\/div>[vc_gallery interval=&#8220;3&#8243; images=&#8220;14502,14503,14370,14492&#8243; css=&#8220;&#8220;][\/vc_column][vc_column][vc_column_text css=&#8220;&#8220; css_animation=&#8220;bottom-to-top&#8220;]<\/p>\n<div class=\"styled-subtitle\">\n<p>Von hier aus \u00e4ndert sich die Landschaft schnell: Berge, W\u00e4lder und H\u00fcgel bieten zahlreiche M\u00f6glichkeiten f\u00fcr Wanderungen, Trekking und malerische Spazierg\u00e4nge, perfekt f\u00fcr diejenigen, die in ihrem Urlaub Meer und Berge kombinieren m\u00f6chten.<\/p>\n<\/div>\n<p>[\/vc_column_text]<div class=\"clearboth\"><\/div><style>#thegem-divider-69fdbef481d3a {margin-top: 20px !important;}<\/style><div id=\"thegem-divider-69fdbef481d3a\" class=\"gem-divider  \" style=\"\" ><\/div>[vc_column_text css=&#8220;&#8220; css_animation=&#8220;bottom-to-top&#8220; el_class=&#8220;uppercase-disable&#8220;]<\/p>\n<div class=\"title-h1\" style=\"text-align: left;\">Sant&#8217;Andrea von Portoferraio aus erreichen<\/div>\n<p>[\/vc_column_text][vc_column_text css=&#8220;&#8220; css_animation=&#8220;bottom-to-top&#8220;]<\/p>\n<div class=\"styled-subtitle\">\n<p>Nach Ihrer Ankunft in Portoferraio, dem Hauptort und Hafen der Insel, fahren Sie auf der Panoramastra\u00dfe in Richtung Procchio, Marciana Marina und dann Marciana.<br \/>\nFahren Sie weiter auf der Stra\u00dfe in Richtung Sant&#8217;Andrea, erreichen Sie die K\u00fcste und folgen Sie den \u00f6rtlichen Hinweisschildern, um schnell zu dem K\u00fcstenort zu gelangen, in dem sich das Hotel da Giacomino befindet.<\/p>\n<p>Vom Flughafen Marina di Campo aus erreichen Sie Sant&#8217;Andrea mit dem Auto oder Taxi in etwa 30-40 Minuten.<\/p>\n<\/div>\n<p>[\/vc_column_text][\/vc_column][\/vc_row]<\/p>\n<\/div>","protected":false},"excerpt":{"rendered":"<p>[vc_row full_width=&#8220;stretch_row&#8220; css=&#8220;.vc_custom_1539873101225{margin-top: 0px !important;margin-bottom: 0px !important;padding-top: 140px !important;padding-bottom: 40px !important;}&#8220;][vc_column][vc_column_text css=&#8220;&#8220; css_animation=&#8220;bottom-to-top&#8220;] Entdecken Sie die Insel Elba und Sant&#8217;Andrea&#8230;<\/p>\n","protected":false},"author":1,"featured_media":0,"parent":0,"menu_order":0,"comment_status":"closed","ping_status":"open","template":"","meta":{"footnotes":""},"class_list":["post-14501","page","type-page","status-publish"],"yoast_head":"<!-- This site is optimized with the Yoast SEO plugin v26.9 - https:\/\/yoast.com\/product\/yoast-seo-wordpress\/ -->\n<title>Insel Elba und Sant&#039;Andrea - Hotel da Giacomino - Isola d&#039;Elba<\/title>\n<meta name=\"description\" content=\"Entdecken Sie die Insel Elba: kristallklare Str\u00e4nde, mediterrane Natur und charakteristische D\u00f6rfer im Herzen des toskanischen Archipels.\" \/>\n<meta name=\"robots\" content=\"index, follow, max-snippet:-1, max-image-preview:large, max-video-preview:-1\" \/>\n<link rel=\"canonical\" href=\"https:\/\/www.hoteldagiacomino.it\/de\/insel-elba-und-santandrea\" \/>\n<meta property=\"og:locale\" content=\"de_DE\" \/>\n<meta property=\"og:type\" content=\"article\" \/>\n<meta property=\"og:title\" content=\"Insel Elba und Sant&#039;Andrea - Hotel da Giacomino - Isola d&#039;Elba\" \/>\n<meta property=\"og:description\" content=\"Entdecken Sie die Insel Elba: kristallklare Str\u00e4nde, mediterrane Natur und charakteristische D\u00f6rfer im Herzen des toskanischen Archipels.\" \/>\n<meta property=\"og:url\" content=\"https:\/\/www.hoteldagiacomino.it\/de\/insel-elba-und-santandrea\" \/>\n<meta property=\"og:site_name\" content=\"Hotel da Giacomino - Isola d&#039;Elba\" \/>\n<meta property=\"article:modified_time\" content=\"2026-03-30T12:02:52+00:00\" \/>\n<meta name=\"twitter:card\" content=\"summary_large_image\" \/>\n<meta name=\"twitter:label1\" content=\"Gesch\u00e4tzte Lesezeit\" \/>\n\t<meta name=\"twitter:data1\" content=\"3\u00a0Minuten\" \/>\n<script type=\"application\/ld+json\" class=\"yoast-schema-graph\">{\"@context\":\"https:\/\/schema.org\",\"@graph\":[{\"@type\":\"WebPage\",\"@id\":\"https:\/\/www.hoteldagiacomino.it\/de\/insel-elba-und-santandrea\",\"url\":\"https:\/\/www.hoteldagiacomino.it\/de\/insel-elba-und-santandrea\",\"name\":\"Insel Elba und Sant'Andrea - Hotel da Giacomino - Isola d&#039;Elba\",\"isPartOf\":{\"@id\":\"https:\/\/www.hoteldagiacomino.it\/de#website\"},\"datePublished\":\"2026-02-05T14:07:56+00:00\",\"dateModified\":\"2026-03-30T12:02:52+00:00\",\"description\":\"Entdecken Sie die Insel Elba: kristallklare Str\u00e4nde, mediterrane Natur und charakteristische D\u00f6rfer im Herzen des toskanischen Archipels.\",\"breadcrumb\":{\"@id\":\"https:\/\/www.hoteldagiacomino.it\/de\/insel-elba-und-santandrea#breadcrumb\"},\"inLanguage\":\"de\",\"potentialAction\":[{\"@type\":\"ReadAction\",\"target\":[\"https:\/\/www.hoteldagiacomino.it\/de\/insel-elba-und-santandrea\"]}]},{\"@type\":\"BreadcrumbList\",\"@id\":\"https:\/\/www.hoteldagiacomino.it\/de\/insel-elba-und-santandrea#breadcrumb\",\"itemListElement\":[{\"@type\":\"ListItem\",\"position\":1,\"name\":\"Accueil\",\"item\":\"https:\/\/www.hoteldagiacomino.it\/de\"},{\"@type\":\"ListItem\",\"position\":2,\"name\":\"Insel Elba und Sant&#8217;Andrea\"}]},{\"@type\":\"WebSite\",\"@id\":\"https:\/\/www.hoteldagiacomino.it\/de#website\",\"url\":\"https:\/\/www.hoteldagiacomino.it\/de\",\"name\":\"Hotel da Giacomino - Isola d&#039;Elba\",\"description\":\"\",\"potentialAction\":[{\"@type\":\"SearchAction\",\"target\":{\"@type\":\"EntryPoint\",\"urlTemplate\":\"https:\/\/www.hoteldagiacomino.it\/de?s={search_term_string}\"},\"query-input\":{\"@type\":\"PropertyValueSpecification\",\"valueRequired\":true,\"valueName\":\"search_term_string\"}}],\"inLanguage\":\"de\"}]}<\/script>\n<!-- \/ Yoast SEO plugin. -->","yoast_head_json":{"title":"Insel Elba und Sant'Andrea - Hotel da Giacomino - Isola d&#039;Elba","description":"Entdecken Sie die Insel Elba: kristallklare Str\u00e4nde, mediterrane Natur und charakteristische D\u00f6rfer im Herzen des toskanischen Archipels.","robots":{"index":"index","follow":"follow","max-snippet":"max-snippet:-1","max-image-preview":"max-image-preview:large","max-video-preview":"max-video-preview:-1"},"canonical":"https:\/\/www.hoteldagiacomino.it\/de\/insel-elba-und-santandrea","og_locale":"de_DE","og_type":"article","og_title":"Insel Elba und Sant'Andrea - Hotel da Giacomino - Isola d&#039;Elba","og_description":"Entdecken Sie die Insel Elba: kristallklare Str\u00e4nde, mediterrane Natur und charakteristische D\u00f6rfer im Herzen des toskanischen Archipels.","og_url":"https:\/\/www.hoteldagiacomino.it\/de\/insel-elba-und-santandrea","og_site_name":"Hotel da Giacomino - Isola d&#039;Elba","article_modified_time":"2026-03-30T12:02:52+00:00","twitter_card":"summary_large_image","twitter_misc":{"Gesch\u00e4tzte Lesezeit":"3\u00a0Minuten"},"schema":{"@context":"https:\/\/schema.org","@graph":[{"@type":"WebPage","@id":"https:\/\/www.hoteldagiacomino.it\/de\/insel-elba-und-santandrea","url":"https:\/\/www.hoteldagiacomino.it\/de\/insel-elba-und-santandrea","name":"Insel Elba und Sant'Andrea - Hotel da Giacomino - Isola d&#039;Elba","isPartOf":{"@id":"https:\/\/www.hoteldagiacomino.it\/de#website"},"datePublished":"2026-02-05T14:07:56+00:00","dateModified":"2026-03-30T12:02:52+00:00","description":"Entdecken Sie die Insel Elba: kristallklare Str\u00e4nde, mediterrane Natur und charakteristische D\u00f6rfer im Herzen des toskanischen Archipels.","breadcrumb":{"@id":"https:\/\/www.hoteldagiacomino.it\/de\/insel-elba-und-santandrea#breadcrumb"},"inLanguage":"de","potentialAction":[{"@type":"ReadAction","target":["https:\/\/www.hoteldagiacomino.it\/de\/insel-elba-und-santandrea"]}]},{"@type":"BreadcrumbList","@id":"https:\/\/www.hoteldagiacomino.it\/de\/insel-elba-und-santandrea#breadcrumb","itemListElement":[{"@type":"ListItem","position":1,"name":"Accueil","item":"https:\/\/www.hoteldagiacomino.it\/de"},{"@type":"ListItem","position":2,"name":"Insel Elba und Sant&#8217;Andrea"}]},{"@type":"WebSite","@id":"https:\/\/www.hoteldagiacomino.it\/de#website","url":"https:\/\/www.hoteldagiacomino.it\/de","name":"Hotel da Giacomino - Isola d&#039;Elba","description":"","potentialAction":[{"@type":"SearchAction","target":{"@type":"EntryPoint","urlTemplate":"https:\/\/www.hoteldagiacomino.it\/de?s={search_term_string}"},"query-input":{"@type":"PropertyValueSpecification","valueRequired":true,"valueName":"search_term_string"}}],"inLanguage":"de"}]}},"_links":{"self":[{"href":"https:\/\/www.hoteldagiacomino.it\/de\/wp-json\/wp\/v2\/pages\/14501","targetHints":{"allow":["GET"]}}],"collection":[{"href":"https:\/\/www.hoteldagiacomino.it\/de\/wp-json\/wp\/v2\/pages"}],"about":[{"href":"https:\/\/www.hoteldagiacomino.it\/de\/wp-json\/wp\/v2\/types\/page"}],"author":[{"embeddable":true,"href":"https:\/\/www.hoteldagiacomino.it\/de\/wp-json\/wp\/v2\/users\/1"}],"replies":[{"embeddable":true,"href":"https:\/\/www.hoteldagiacomino.it\/de\/wp-json\/wp\/v2\/comments?post=14501"}],"version-history":[{"count":5,"href":"https:\/\/www.hoteldagiacomino.it\/de\/wp-json\/wp\/v2\/pages\/14501\/revisions"}],"predecessor-version":[{"id":14592,"href":"https:\/\/www.hoteldagiacomino.it\/de\/wp-json\/wp\/v2\/pages\/14501\/revisions\/14592"}],"wp:attachment":[{"href":"https:\/\/www.hoteldagiacomino.it\/de\/wp-json\/wp\/v2\/media?parent=14501"}],"curies":[{"name":"wp","href":"https:\/\/api.w.org\/{rel}","templated":true}]}}