{"id":14504,"date":"2026-01-29T21:48:40","date_gmt":"2026-01-29T20:48:40","guid":{"rendered":"https:\/\/www.grow-fast.lu\/das-hotel\/restaurant"},"modified":"2026-04-07T20:25:14","modified_gmt":"2026-04-07T18:25:14","slug":"restaurant","status":"publish","type":"page","link":"https:\/\/www.hoteldagiacomino.it\/de\/hotel\/restaurant","title":{"rendered":"Restaurant"},"content":{"rendered":"<div class=\"wpb-content-wrapper\"><p>[vc_row full_width=&#8220;stretch_row&#8220; css=&#8220;.vc_custom_1539873101225{margin-top: 0px !important;margin-bottom: 0px !important;padding-top: 140px !important;padding-bottom: 40px !important;}&#8220;][vc_column][vc_column_text css=&#8220;&#8220; css_animation=&#8220;bottom-to-top&#8220; el_class=&#8220;uppercase-disable&#8220;]<\/p>\n<div class=\"title-h1\" style=\"text-align: center;\">Mediterraner Geschmack mit Meerblick<\/div>\n<p>[\/vc_column_text]<div class=\"clearboth\"><\/div><style>#thegem-divider-69fdbeffe33c6 {margin-top: 35px !important;}<\/style><div id=\"thegem-divider-69fdbeffe33c6\" class=\"gem-divider  \" style=\"\" ><\/div>[vc_single_image image=&#8220;14343&#8243; img_size=&#8220;full&#8220; alignment=&#8220;center&#8220; css=&#8220;&#8220;][\/vc_column][\/vc_row][vc_row css=&#8220;.vc_custom_1539873119292{margin-top: 0px !important;margin-bottom: 0px !important;padding-top: 0px !important;padding-bottom: 150px !important;}&#8220;][vc_column width=&#8220;1\/2&#8243; offset=&#8220;vc_col-lg-6 vc_col-md-6 vc_col-xs-12&#8243;][vc_column_text css=&#8220;&#8220;]<\/p>\n<h3>Ein stimmungsvolles kulinarisches Erlebnis auf der Insel Elba<\/h3>\n<p>[\/vc_column_text]<div class=\"clearboth\"><\/div><style>#thegem-divider-69fdbeffe341f {margin-top: 60px !important;}<\/style><div id=\"thegem-divider-69fdbeffe341f\" class=\"gem-divider  \" style=\"\" ><\/div>[vc_column_text css=&#8220;&#8220; css_animation=&#8220;bottom-to-top&#8220;]<\/p>\n<div class=\"styled-subtitle\">\n<p>Im Hotel da Giacomino ist die K\u00fcche ein zentrales Element des Urlaubserlebnisses: authentische Gerichte, frische Zutaten und eine atemberaubende Aussicht machen jede Mahlzeit zu einem besonderen Moment. Vom Fr\u00fchst\u00fccksbuffet bis zum typisch mediterranen Abendessen wird alles im Freien auf der Panoramaterrasse mit Blick auf das Meer von Sant&#8217;Andrea serviert.<\/p>\n<p>Unsere K\u00fcche vereint Geschmack, Tradition und Geselligkeit: Fisch- und Fleischgerichte sowie mediterrane Vorspeisen werden von der Inhaberfamilie mit viel Leidenschaft zubereitet und sorgen f\u00fcr ein authentisches und unvergessliches Erlebnis.<\/p>\n<\/div>\n<p>[\/vc_column_text][\/vc_column][vc_column width=&#8220;1\/2&#8243; thegem_content_alignment=&#8220;center&#8220; background_position_desktop=&#8220;center center&#8220; offset=&#8220;vc_col-lg-6 vc_col-md-6 vc_col-xs-12&#8243;]<div class=\"clearboth\"><\/div><style>#thegem-divider-69fdbeffe344e {margin-top: 150px !important;}<\/style><div id=\"thegem-divider-69fdbeffe344e\" class=\"gem-divider  \" style=\"\" ><\/div>[vc_gallery interval=&#8220;3&#8243; images=&#8220;14506,14507,14510,14509,14505,14508&#8243; img_size=&#8220;full&#8220; css=&#8220;&#8220;][\/vc_column][vc_column][vc_column_text css=&#8220;&#8220; css_animation=&#8220;bottom-to-top&#8220;]<\/p>\n<div class=\"styled-subtitle\">\n<p>Wenn Sie sich f\u00fcr das Hotel da Giacomino&#8217;s Restaurant &amp; Terrace entscheiden, machen Sie Ihren Urlaub zu einem kompletten Erlebnis: authentische Aromen, stimmungsvolle Landschaften und eine mediterrane Atmosph\u00e4re, mitten im Herzen des sch\u00f6nen Sant&#8217;Andrea auf der Insel Elba.<\/p>\n<\/div>\n<p>[\/vc_column_text]<style type=\"text\/css\">.thegem-button-69fdbeffe34de1359 .gem-button svg {fill: #FFFFFF;}.thegem-button-69fdbeffe34de1359 .gem-button:hover svg {fill: #9BB3DC;}<\/style><div class=\"gem-button-container gem-button-position-center thegem-button-69fdbeffe34de1359    \"  ><a title=\"Contattaci\" class=\"gem-button gem-button-size-medium gem-button-style-flat gem-button-text-weight-normal\" data-ll-effect=\"drop-right-without-wrap\" style=\"border-radius: 20px;background-color: #9BB3DC;color: #FFFFFF;\" onmouseleave=\"this.style.backgroundColor='#9BB3DC';this.style.color='#FFFFFF';\" onmouseenter=\"this.style.backgroundColor='#FFFFFF';this.style.color='#9BB3DC';\" href=\"\/de\/kontakt\" target=\"_self\">Kontaktieren Sie uns<\/a><\/div> [\/vc_column][\/vc_row][vc_row full_width=&#8220;stretch_row&#8220; css=&#8220;.vc_custom_1769518033094{margin-top: 0px !important;margin-bottom: -150px !important;padding-top: 100px !important;padding-bottom: 120px !important;background-image: url(https:\/\/www.hoteldagiacomino.it\/wp-content\/uploads\/2018\/10\/5-2.jpg?id=236) !important;background-position: center !important;background-repeat: no-repeat !important;background-size: cover !important;}&#8220;][vc_column][vc_column_text css=&#8220;&#8220; css_animation=&#8220;bottom-to-top&#8220; el_class=&#8220;uppercase-disable&#8220;]<\/p>\n<div class=\"title-h1\" style=\"text-align: center;\">FEATURES<\/div>\n<p>[\/vc_column_text]<div class=\"clearboth\"><\/div><style>#thegem-divider-69fdbeffe3526 {margin-top: 35px !important;}<\/style><div id=\"thegem-divider-69fdbeffe3526\" class=\"gem-divider  \" style=\"\" ><\/div>[vc_single_image image=&#8220;14343&#8243; img_size=&#8220;full&#8220; alignment=&#8220;center&#8220; css=&#8220;&#8220;]<div class=\"clearboth\"><\/div><style>#thegem-divider-69fdbeffe354e {margin-top: 60px !important;}<\/style><div id=\"thegem-divider-69fdbeffe354e\" class=\"gem-divider  \" style=\"\" ><\/div>[\/vc_column][vc_column width=&#8220;1\/2&#8243; offset=&#8220;vc_col-lg-3 vc_col-md-6 vc_col-xs-12&#8243;]<div class=\"lazy-loading\" data-ll-item-delay=\"0\"><div class=\"gem-textbox  lazy-loading-item\"  data-ll-effect=\"move-up\" ><div class=\"gem-textbox-inner\" style=\"\"><div class=\"gem-textbox-content\" style=\"background-color: #ffffff;background-position: center top;padding-top: 50px;padding-bottom: 50px;\"><div class=\"gem-icon gem-icon-pack-fontawesome gem-icon-size-medium  gem-icon-shape-square gem-simple-icon\"  style=\"opacity: 1;\"><div class=\"gem-icon-inner\" style=\"\"><span class=\"gem-icon-half-1\" style=\"color: #5A90D7;\"><span class=\"back-angle\">&#xf0f4;<\/span><\/span><span class=\"gem-icon-half-2\" style=\"color: #5A90D7;\"><span class=\"back-angle\">&#xf0f4;<\/span><\/span><\/div><\/div><div class=\"clearboth\"><\/div><style>#thegem-divider-69fdbeffe365d {margin-top: 40px !important;}<\/style><div id=\"thegem-divider-69fdbeffe365d\" class=\"gem-divider  \" style=\"\" ><\/div>[vc_column_text css=&#8220;&#8220;]<\/p>\n<div class=\"title-h5\"><span class=\"light\">Fr\u00fchst\u00fcck mit Panoramablick<\/span><\/div>\n<p>[\/vc_column_text][vc_column_text css=&#8220;&#8220;]Ein Fr\u00fchst\u00fccksbuffet mit frischen Produkten und hausgemachtem Geb\u00e4ck ist die perfekte Art, den Tag zu beginnen, w\u00e4hrend Sie den Blick auf das Meer und den Golf von Sant&#8217;Andrea genie\u00dfen.[\/vc_column_text]<\/div><\/div><\/div><\/div>[\/vc_column][vc_column width=&#8220;1\/2&#8243; offset=&#8220;vc_col-lg-3 vc_col-md-6 vc_col-xs-12&#8243;]<div class=\"lazy-loading\" data-ll-item-delay=\"0\"><div class=\"gem-textbox  lazy-loading-item\"  data-ll-effect=\"move-up\" ><div class=\"gem-textbox-inner\" style=\"\"><div class=\"gem-textbox-content\" style=\"background-color: #ffffff;background-position: center top;padding-top: 50px;padding-bottom: 70px;\"><div class=\"gem-icon gem-icon-pack-material gem-icon-size-medium  gem-icon-shape-square gem-simple-icon\"  style=\"opacity: 1;\"><div class=\"gem-icon-inner\" style=\"\"><span class=\"gem-icon-half-1\" style=\"color: #5A90D7;\"><span class=\"back-angle\">&#xf4fe;<\/span><\/span><span class=\"gem-icon-half-2\" style=\"color: #5A90D7;\"><span class=\"back-angle\">&#xf4fe;<\/span><\/span><\/div><\/div><div class=\"clearboth\"><\/div><style>#thegem-divider-69fdbeffe3709 {margin-top: 40px !important;}<\/style><div id=\"thegem-divider-69fdbeffe3709\" class=\"gem-divider  \" style=\"\" ><\/div>[vc_column_text css=&#8220;&#8220;]<\/p>\n<div class=\"title-h5\"><span class=\"light\">Mediterrane Mittag- und Abendessen<\/span><\/div>\n<p>[\/vc_column_text][vc_column_text css=&#8220;&#8220;]Eine gro\u00dfe Auswahl an Fisch- und Fleischgerichten, darunter traditionelle Rezepte und Beilagen aus frischen Zutaten.[\/vc_column_text]<\/div><\/div><\/div><\/div>[\/vc_column][vc_column width=&#8220;1\/2&#8243; offset=&#8220;vc_col-lg-3 vc_col-md-6 vc_col-xs-12&#8243;]<div class=\"lazy-loading\" data-ll-item-delay=\"0\"><div class=\"gem-textbox  lazy-loading-item\"  data-ll-effect=\"move-up\" ><div class=\"gem-textbox-inner\" style=\"\"><div class=\"gem-textbox-content\" style=\"background-color: #ffffff;background-position: center top;padding-top: 50px;padding-bottom: 75px;\"><div class=\"gem-icon gem-icon-pack-material gem-icon-size-medium  gem-icon-shape-square gem-simple-icon\"  style=\"opacity: 1;\"><div class=\"gem-icon-inner\" style=\"\"><span class=\"gem-icon-half-1\" style=\"color: #5A90D7;\"><span class=\"back-angle\">&#xf5cc;<\/span><\/span><span class=\"gem-icon-half-2\" style=\"color: #5A90D7;\"><span class=\"back-angle\">&#xf5cc;<\/span><\/span><\/div><\/div><div class=\"clearboth\"><\/div><style>#thegem-divider-69fdbeffe37be {margin-top: 40px !important;}<\/style><div id=\"thegem-divider-69fdbeffe37be\" class=\"gem-divider  \" style=\"\" ><\/div>[vc_column_text css=&#8220;&#8220;]<\/p>\n<div class=\"title-h5\"><span class=\"light\">Terrasse mit Meerblick<\/span><\/div>\n<p>[\/vc_column_text][vc_column_text css=&#8220;.vc_custom_1769720602896{margin-bottom: 27px !important;}&#8220;]Die Terrasse mit Panoramablick auf das Meer ist der ideale Ort, um jedes Gericht zu genie\u00dfen, umgeben von den intensiven Farben des Meeres.[\/vc_column_text]<\/div><\/div><\/div><\/div>[\/vc_column][vc_column width=&#8220;1\/2&#8243; offset=&#8220;vc_col-lg-3 vc_col-md-6 vc_col-xs-12&#8243;]<div class=\"lazy-loading\" data-ll-item-delay=\"0\"><div class=\"gem-textbox  lazy-loading-item\"  data-ll-effect=\"move-up\" ><div class=\"gem-textbox-inner\" style=\"\"><div class=\"gem-textbox-content\" style=\"background-color: #ffffff;background-position: center top;padding-top: 50px;padding-bottom: 125px;\"><div class=\"gem-icon gem-icon-pack-fontawesome gem-icon-size-medium  gem-icon-shape-square gem-simple-icon\"  style=\"opacity: 1;\"><div class=\"gem-icon-inner\" style=\"\"><span class=\"gem-icon-half-1\" style=\"color: #5A90D7;\"><span class=\"back-angle\">&#xf000;<\/span><\/span><span class=\"gem-icon-half-2\" style=\"color: #5A90D7;\"><span class=\"back-angle\">&#xf000;<\/span><\/span><\/div><\/div><div class=\"clearboth\"><\/div><style>#thegem-divider-69fdbeffe3858 {margin-top: 40px !important;}<\/style><div id=\"thegem-divider-69fdbeffe3858\" class=\"gem-divider  \" style=\"\" ><\/div>[vc_column_text css=&#8220;&#8220;]<\/p>\n<div class=\"title-h5\"><span class=\"light\">Aperitifs bei Sonnenuntergang<\/span><\/div>\n<p>[\/vc_column_text][vc_column_text css=&#8220;&#8220;]Neben den Hauptmahlzeiten ist die Terrasse ideal f\u00fcr einen Aperitif bei Sonnenuntergang, ein entspannender Moment mit Blick auf das Meer.[\/vc_column_text]<\/div><\/div><\/div><\/div>[\/vc_column][\/vc_row]<\/p>\n<\/div>","protected":false},"excerpt":{"rendered":"<p>[vc_row full_width=&#8220;stretch_row&#8220; css=&#8220;.vc_custom_1539873101225{margin-top: 0px !important;margin-bottom: 0px !important;padding-top: 140px !important;padding-bottom: 40px !important;}&#8220;][vc_column][vc_column_text css=&#8220;&#8220; css_animation=&#8220;bottom-to-top&#8220; el_class=&#8220;uppercase-disable&#8220;] Mediterraner Geschmack mit Meerblick [\/vc_column_text][vc_single_image image=&#8220;14343&#8243;&#8230;<\/p>\n","protected":false},"author":1,"featured_media":0,"parent":14376,"menu_order":0,"comment_status":"closed","ping_status":"open","template":"","meta":{"footnotes":""},"class_list":["post-14504","page","type-page","status-publish"],"yoast_head":"<!-- This site is optimized with the Yoast SEO plugin v26.9 - https:\/\/yoast.com\/product\/yoast-seo-wordpress\/ -->\n<title>Restaurant - Hotel da Giacomino - Isola d&#039;Elba<\/title>\n<meta name=\"description\" content=\"Mediterrane K\u00fcche mit Meerblick im Hotel da Giacomino auf der Insel Elba. Fr\u00fchst\u00fccksbuffet sowie Mittag- und Abendessen mit frischen Produkten.\" \/>\n<meta name=\"robots\" content=\"index, follow, max-snippet:-1, max-image-preview:large, max-video-preview:-1\" \/>\n<link rel=\"canonical\" href=\"https:\/\/www.hoteldagiacomino.it\/de\/hotel\/restaurant\" \/>\n<meta property=\"og:locale\" content=\"de_DE\" \/>\n<meta property=\"og:type\" content=\"article\" \/>\n<meta property=\"og:title\" content=\"Restaurant - Hotel da Giacomino - Isola d&#039;Elba\" \/>\n<meta property=\"og:description\" content=\"Mediterrane K\u00fcche mit Meerblick im Hotel da Giacomino auf der Insel Elba. Fr\u00fchst\u00fccksbuffet sowie Mittag- und Abendessen mit frischen Produkten.\" \/>\n<meta property=\"og:url\" content=\"https:\/\/www.hoteldagiacomino.it\/de\/hotel\/restaurant\" \/>\n<meta property=\"og:site_name\" content=\"Hotel da Giacomino - Isola d&#039;Elba\" \/>\n<meta property=\"article:modified_time\" content=\"2026-04-07T18:25:14+00:00\" \/>\n<meta name=\"twitter:card\" content=\"summary_large_image\" \/>\n<meta name=\"twitter:label1\" content=\"Gesch\u00e4tzte Lesezeit\" \/>\n\t<meta name=\"twitter:data1\" content=\"3\u00a0Minuten\" \/>\n<script type=\"application\/ld+json\" class=\"yoast-schema-graph\">{\"@context\":\"https:\/\/schema.org\",\"@graph\":[{\"@type\":\"WebPage\",\"@id\":\"https:\/\/www.hoteldagiacomino.it\/de\/hotel\/restaurant\",\"url\":\"https:\/\/www.hoteldagiacomino.it\/de\/hotel\/restaurant\",\"name\":\"Restaurant - Hotel da Giacomino - Isola d&#039;Elba\",\"isPartOf\":{\"@id\":\"https:\/\/www.hoteldagiacomino.it\/de#website\"},\"datePublished\":\"2026-01-29T20:48:40+00:00\",\"dateModified\":\"2026-04-07T18:25:14+00:00\",\"description\":\"Mediterrane K\u00fcche mit Meerblick im Hotel da Giacomino auf der Insel Elba. Fr\u00fchst\u00fccksbuffet sowie Mittag- und Abendessen mit frischen Produkten.\",\"breadcrumb\":{\"@id\":\"https:\/\/www.hoteldagiacomino.it\/de\/hotel\/restaurant#breadcrumb\"},\"inLanguage\":\"de\",\"potentialAction\":[{\"@type\":\"ReadAction\",\"target\":[\"https:\/\/www.hoteldagiacomino.it\/de\/hotel\/restaurant\"]}]},{\"@type\":\"BreadcrumbList\",\"@id\":\"https:\/\/www.hoteldagiacomino.it\/de\/hotel\/restaurant#breadcrumb\",\"itemListElement\":[{\"@type\":\"ListItem\",\"position\":1,\"name\":\"Accueil\",\"item\":\"https:\/\/www.hoteldagiacomino.it\/de\"},{\"@type\":\"ListItem\",\"position\":2,\"name\":\"Das Hotel\",\"item\":\"https:\/\/www.hoteldagiacomino.it\/de\/hotel\"},{\"@type\":\"ListItem\",\"position\":3,\"name\":\"Restaurant\"}]},{\"@type\":\"WebSite\",\"@id\":\"https:\/\/www.hoteldagiacomino.it\/de#website\",\"url\":\"https:\/\/www.hoteldagiacomino.it\/de\",\"name\":\"Hotel da Giacomino - Isola d&#039;Elba\",\"description\":\"\",\"potentialAction\":[{\"@type\":\"SearchAction\",\"target\":{\"@type\":\"EntryPoint\",\"urlTemplate\":\"https:\/\/www.hoteldagiacomino.it\/de?s={search_term_string}\"},\"query-input\":{\"@type\":\"PropertyValueSpecification\",\"valueRequired\":true,\"valueName\":\"search_term_string\"}}],\"inLanguage\":\"de\"}]}<\/script>\n<!-- \/ Yoast SEO plugin. -->","yoast_head_json":{"title":"Restaurant - Hotel da Giacomino - Isola d&#039;Elba","description":"Mediterrane K\u00fcche mit Meerblick im Hotel da Giacomino auf der Insel Elba. Fr\u00fchst\u00fccksbuffet sowie Mittag- und Abendessen mit frischen Produkten.","robots":{"index":"index","follow":"follow","max-snippet":"max-snippet:-1","max-image-preview":"max-image-preview:large","max-video-preview":"max-video-preview:-1"},"canonical":"https:\/\/www.hoteldagiacomino.it\/de\/hotel\/restaurant","og_locale":"de_DE","og_type":"article","og_title":"Restaurant - Hotel da Giacomino - Isola d&#039;Elba","og_description":"Mediterrane K\u00fcche mit Meerblick im Hotel da Giacomino auf der Insel Elba. Fr\u00fchst\u00fccksbuffet sowie Mittag- und Abendessen mit frischen Produkten.","og_url":"https:\/\/www.hoteldagiacomino.it\/de\/hotel\/restaurant","og_site_name":"Hotel da Giacomino - Isola d&#039;Elba","article_modified_time":"2026-04-07T18:25:14+00:00","twitter_card":"summary_large_image","twitter_misc":{"Gesch\u00e4tzte Lesezeit":"3\u00a0Minuten"},"schema":{"@context":"https:\/\/schema.org","@graph":[{"@type":"WebPage","@id":"https:\/\/www.hoteldagiacomino.it\/de\/hotel\/restaurant","url":"https:\/\/www.hoteldagiacomino.it\/de\/hotel\/restaurant","name":"Restaurant - Hotel da Giacomino - Isola d&#039;Elba","isPartOf":{"@id":"https:\/\/www.hoteldagiacomino.it\/de#website"},"datePublished":"2026-01-29T20:48:40+00:00","dateModified":"2026-04-07T18:25:14+00:00","description":"Mediterrane K\u00fcche mit Meerblick im Hotel da Giacomino auf der Insel Elba. Fr\u00fchst\u00fccksbuffet sowie Mittag- und Abendessen mit frischen Produkten.","breadcrumb":{"@id":"https:\/\/www.hoteldagiacomino.it\/de\/hotel\/restaurant#breadcrumb"},"inLanguage":"de","potentialAction":[{"@type":"ReadAction","target":["https:\/\/www.hoteldagiacomino.it\/de\/hotel\/restaurant"]}]},{"@type":"BreadcrumbList","@id":"https:\/\/www.hoteldagiacomino.it\/de\/hotel\/restaurant#breadcrumb","itemListElement":[{"@type":"ListItem","position":1,"name":"Accueil","item":"https:\/\/www.hoteldagiacomino.it\/de"},{"@type":"ListItem","position":2,"name":"Das Hotel","item":"https:\/\/www.hoteldagiacomino.it\/de\/hotel"},{"@type":"ListItem","position":3,"name":"Restaurant"}]},{"@type":"WebSite","@id":"https:\/\/www.hoteldagiacomino.it\/de#website","url":"https:\/\/www.hoteldagiacomino.it\/de","name":"Hotel da Giacomino - Isola d&#039;Elba","description":"","potentialAction":[{"@type":"SearchAction","target":{"@type":"EntryPoint","urlTemplate":"https:\/\/www.hoteldagiacomino.it\/de?s={search_term_string}"},"query-input":{"@type":"PropertyValueSpecification","valueRequired":true,"valueName":"search_term_string"}}],"inLanguage":"de"}]}},"_links":{"self":[{"href":"https:\/\/www.hoteldagiacomino.it\/de\/wp-json\/wp\/v2\/pages\/14504","targetHints":{"allow":["GET"]}}],"collection":[{"href":"https:\/\/www.hoteldagiacomino.it\/de\/wp-json\/wp\/v2\/pages"}],"about":[{"href":"https:\/\/www.hoteldagiacomino.it\/de\/wp-json\/wp\/v2\/types\/page"}],"author":[{"embeddable":true,"href":"https:\/\/www.hoteldagiacomino.it\/de\/wp-json\/wp\/v2\/users\/1"}],"replies":[{"embeddable":true,"href":"https:\/\/www.hoteldagiacomino.it\/de\/wp-json\/wp\/v2\/comments?post=14504"}],"version-history":[{"count":9,"href":"https:\/\/www.hoteldagiacomino.it\/de\/wp-json\/wp\/v2\/pages\/14504\/revisions"}],"predecessor-version":[{"id":14672,"href":"https:\/\/www.hoteldagiacomino.it\/de\/wp-json\/wp\/v2\/pages\/14504\/revisions\/14672"}],"up":[{"embeddable":true,"href":"https:\/\/www.hoteldagiacomino.it\/de\/wp-json\/wp\/v2\/pages\/14376"}],"wp:attachment":[{"href":"https:\/\/www.hoteldagiacomino.it\/de\/wp-json\/wp\/v2\/media?parent=14504"}],"curies":[{"name":"wp","href":"https:\/\/api.w.org\/{rel}","templated":true}]}}