{"id":14517,"date":"2026-02-13T21:48:05","date_gmt":"2026-02-13T20:48:05","guid":{"rendered":"https:\/\/www.grow-fast.lu\/das-hotel\/spa\/wellness-pfade"},"modified":"2026-03-30T21:42:08","modified_gmt":"2026-03-30T19:42:08","slug":"wellness-pfade","status":"publish","type":"page","link":"https:\/\/www.hoteldagiacomino.it\/de\/hotel\/spa\/wellness-pfade","title":{"rendered":"Wellness-Pfade"},"content":{"rendered":"<div class=\"wpb-content-wrapper\"><p>[vc_row full_width=&#8220;stretch_row&#8220; css=&#8220;.vc_custom_1771016165137{margin-top: 0px !important;margin-bottom: 0px !important;padding-top: 140px !important;padding-bottom: 40px !important;}&#8220;][vc_column][vc_column_text css=&#8220;&#8220; css_animation=&#8220;bottom-to-top&#8220; el_class=&#8220;uppercase-disable&#8220;]<\/p>\n<div class=\"title-h1\" style=\"text-align: center;\">Entdecken Sie die Wellness-Pfade<br \/>\nim Hotel da Giacomino<\/div>\n<p>[\/vc_column_text]<div class=\"clearboth\"><\/div><style>#thegem-divider-69fdbef32352b {margin-top: 35px !important;}<\/style><div id=\"thegem-divider-69fdbef32352b\" class=\"gem-divider  \" style=\"\" ><\/div>[vc_single_image image=&#8220;14343&#8243; img_size=&#8220;full&#8220; alignment=&#8220;center&#8220; css=&#8220;&#8220;][vc_column_text css=&#8220;&#8220; css_animation=&#8220;bottom-to-top&#8220;]<\/p>\n<div class=\"styled-subtitle\">\n<p>G\u00f6nnen Sie sich ein komplettes Wellness-Erlebnis mit unseren ein- oder zweit\u00e4gigen Spa-Paketen, die darauf ausgerichtet sind, K\u00f6rper und Geist durch gezielte Behandlungen, professionelle Techniken und individuelle Rituale zu regenerieren.<\/p>\n<\/div>\n<p>[\/vc_column_text]<div class=\"clearboth\"><\/div><style>#thegem-divider-69fdbef32357c {margin-top: 35px !important;}<\/style><div id=\"thegem-divider-69fdbef32357c\" class=\"gem-divider  \" style=\"\" ><\/div>[vc_column_text css=&#8220;&#8220;]<\/p>\n<h3 style=\"text-align: center;\">Wellness Paths<br \/>\nan 1 Tag<\/h3>\n<p>[\/vc_column_text][\/vc_column][\/vc_row][vc_row full_width=&#8220;stretch_row&#8220;][vc_column width=&#8220;1\/3&#8243;]<div class=\"gem-textbox \"  ><div class=\"gem-textbox-inner\" style=\"\"><div class=\"gem-textbox-content\" style=\"background-color: #f4f6f7;background-position: center top;padding-bottom: 220px;\">[vc_column_text css=&#8220;&#8220;]<\/p>\n<h4 style=\"text-align: left;\"><strong>Entgiftung &amp; Glanzweg Massage<\/strong><\/h4>\n<p style=\"text-align: left;\">Entgiftende osmotische Ganzk\u00f6rpermassage mit Himalayasalzen und Aromatherapie.<\/p>\n<p style=\"text-align: left;\"><strong>Kosten: 90\u20ac<br \/>\nDauer: 50 Minuten<\/strong><\/p>\n<p>[\/vc_column_text]<\/div><\/div><\/div>[\/vc_column][vc_column width=&#8220;1\/3&#8243;]<div class=\"gem-textbox \"  ><div class=\"gem-textbox-inner\" style=\"\"><div class=\"gem-textbox-content\" style=\"background-color: #f4f6f7;background-position: center top;padding-bottom: 70px;\">[vc_column_text css=&#8220;&#8220;]<\/p>\n<h4 style=\"text-align: left;\">Abfluss- und Flugbahnmassage<\/h4>\n<p>Ganzk\u00f6rper-Tiefendrainage-Behandlung. Sie beinhaltet die Anwendung von Lymphdrainage- und Umformungstechniken mit einer remineralisierenden Schlamm- und Algenpackung zur Bek\u00e4mpfung von Wassereinlagerungen, ven\u00f6sen und lymphatischen Stauungen und lokaler Adipositas.<\/p>\n<p><strong>Kosten: 110\u20ac<br \/>\nDauer: 75 Minuten<br \/>\n<\/strong>[\/vc_column_text]<\/div><\/div><\/div>[\/vc_column][vc_column width=&#8220;1\/3&#8243; css=&#8220;.vc_custom_1771341205200{margin-bottom: 100px !important;}&#8220;]<div class=\"gem-textbox \"  ><div class=\"gem-textbox-inner\" style=\"\"><div class=\"gem-textbox-content\" style=\"background-color: #f4f6f7;background-position: center top;padding-bottom: 140px;\">[vc_column_text css=&#8220;&#8220;]<\/p>\n<h4>Liebe, Mein Alter Weg Massage<\/h4>\n<p>Wellness-Behandlung und globale Pflege.<br \/>\nDiese Behandlung umfasst ein Anti-Aging-K\u00f6rperpeeling mit einem speziellen Gesichtsritual, eine Fu\u00dfmassage und eine R\u00fcckenmassage mit Vulkansteinen.<\/p>\n<p><strong>Kosten: 110\u20ac<br \/>\nDauer: 75 Minuten<\/strong>[\/vc_column_text]<\/div><\/div><\/div>[\/vc_column][vc_column][vc_column_text css=&#8220;&#8220;]<\/p>\n<h3 style=\"text-align: center;\">Wellness Paths<br \/>\nan 2 Tagen<\/h3>\n<p>[\/vc_column_text]<div class=\"clearboth\"><\/div><style>#thegem-divider-69fdbef32367c {margin-top: 20px !important;}<\/style><div id=\"thegem-divider-69fdbef32367c\" class=\"gem-divider  \" style=\"\" ><\/div>[\/vc_column][\/vc_row][vc_row full_width=&#8220;stretch_row&#8220;][vc_column width=&#8220;1\/3&#8243;]<div class=\"gem-textbox \"  ><div class=\"gem-textbox-inner\" style=\"\"><div class=\"gem-textbox-content\" style=\"background-color: #f4f6f7;background-position: center top;padding-bottom: 180px;\">[vc_column_text css=&#8220;&#8220;]<\/p>\n<h4 style=\"text-align: left;\"><strong>Entgiftung &amp; Glanzweg Massage<\/strong><\/h4>\n<p style=\"text-align: left;\">Eine entgiftende Kur, die ideal ist, um Haut und K\u00f6rper auf das Sonnenbad vorzubereiten.<\/p>\n<p>Das Programm umfasst:<\/p>\n<ul>\n<li>2 osmotische Entgiftungsmassagen f\u00fcr eine gleichm\u00e4\u00dfigere und l\u00e4nger anhaltende Br\u00e4une<\/li>\n<\/ul>\n<p style=\"text-align: left;\"><strong>Kosten: 180\u20ac<\/strong><\/p>\n<p style=\"text-align: left;\">\ud83c\udf81 Wenn Sie den Kurs bei der Best\u00e4tigung Ihres Aufenthalts buchen, erhalten Sie das folgende Geschenk gratis:<br \/>\nDry Spa Manik\u00fcre oder Pedik\u00fcre (Wert \u20ac45)<\/p>\n<p>[\/vc_column_text]<\/div><\/div><\/div>[\/vc_column][vc_column width=&#8220;1\/3&#8243;]<div class=\"gem-textbox \"  ><div class=\"gem-textbox-inner\" style=\"\"><div class=\"gem-textbox-content\" style=\"background-color: #f4f6f7;background-position: center top;padding-bottom: 140px;\">[vc_column_text css=&#8220;&#8220;]<\/p>\n<h4 style=\"text-align: center;\">Abfluss- und Flugbahnmassage<\/h4>\n<p>Entw\u00e4ssernde und umformende Bahnen zur Bek\u00e4mpfung von Wasseransammlungen und Lymphstauungen.<\/p>\n<p>Das Programm umfasst:<\/p>\n<ul>\n<li>2 umgestaltende Drainage-Massagen<\/li>\n<li>2 Algen- und Schlammwickel<\/li>\n<li>2 Sitzungen Welldome Ferninfrarot-Sauna<\/li>\n<\/ul>\n<p><strong>Kosten: 220\u20ac<\/strong><\/p>\n<p>\ud83c\udf81 Wenn Sie den Kurs bei der Best\u00e4tigung Ihres Aufenthalts buchen, erhalten Sie das folgende Geschenk:<br \/>\n2 Pressotherapie-Sitzungen (Wert 60 \u20ac)[\/vc_column_text]<\/div><\/div><\/div>[\/vc_column][vc_column width=&#8220;1\/3&#8243;]<div class=\"gem-textbox \"  ><div class=\"gem-textbox-inner\" style=\"\"><div class=\"gem-textbox-content\" style=\"background-color: #f4f6f7;background-position: center top;padding-bottom: 80px;\">[vc_column_text css=&#8220;&#8220;]<\/p>\n<h4>Liebe, Mein Alter Weg Massage<\/h4>\n<p>Globales Anti-Aging-Wellness- und Pflegeprogramm.<\/p>\n<p>Das Programm umfasst:<\/p>\n<ul>\n<li>2 Anti-Aging-K\u00f6rperpeelings + Massagen<\/li>\n<li>2 ma\u00dfgeschneiderte Gesichtsrituale<\/li>\n<li>2 Fu\u00dfmassagen<\/li>\n<li>2 R\u00fcckenmassagen mit vulkanischen Steinen<\/li>\n<\/ul>\n<p><strong>Kosten: 240 \u20ac<\/strong><\/p>\n<p>\ud83c\udf81 Wenn Sie den Kurs bei der Best\u00e4tigung Ihres Aufenthalts buchen, erhalten Sie folgendes als Geschenk:<br \/>\n1 personalisierte Anti-Aging Needling Gesichtsbehandlung (Wert \u20ac80)[\/vc_column_text]<\/div><\/div><\/div>[\/vc_column][\/vc_row][vc_row full_width=&#8220;stretch_row&#8220; css=&#8220;.vc_custom_1769551946157{margin-top: 0px !important;padding-top: 100px !important;padding-bottom: 120px !important;background-image: url(https:\/\/www.hoteldagiacomino.it\/wp-content\/uploads\/2018\/10\/21.jpg?id=131) !important;background-position: center !important;background-repeat: no-repeat !important;background-size: cover !important;}&#8220;][vc_column][vc_column_text css=&#8220;&#8220; css_animation=&#8220;bottom-to-top&#8220; el_class=&#8220;uppercase-disable&#8220;]<\/p>\n<div class=\"title-h1\" style=\"text-align: center;\"><span style=\"color: #ffffff;\">Besuchen Sie uns<\/span><\/div>\n<p>[\/vc_column_text]<div class=\"clearboth\"><\/div><style>#thegem-divider-69fdbef323736 {margin-top: 35px !important;}<\/style><div id=\"thegem-divider-69fdbef323736\" class=\"gem-divider  \" style=\"\" ><\/div>[vc_column_text css=&#8220;&#8220;]<\/p>\n<p style=\"text-align: center;\"><span style=\"color: #ffffff;\">Das Seafront SPA des Hotels da Giacomino erwartet Sie in Sant&#8217;Andrea auf der Insel Elba, um Ihnen Energie, Ausgeglichenheit und Momente der puren Entspannung zu schenken.<br \/>\n<\/span><\/p>\n<p style=\"text-align: center;\"><span style=\"color: #ffffff;\">Das SPA steht t\u00e4glich nach Vereinbarung zur Verf\u00fcgung und kann sowohl von Hotelg\u00e4sten als auch von solchen, die es ohne Aufenthalt besuchen m\u00f6chten, genutzt werden.<\/span><\/p>\n<p>[\/vc_column_text]<style type=\"text\/css\">.thegem-button-69fdbef3237be4752 .gem-button svg {fill: #FFFFFF;}.thegem-button-69fdbef3237be4752 .gem-button:hover svg {fill: #9BB3DC;}<\/style><div class=\"gem-button-container gem-button-position-center thegem-button-69fdbef3237be4752    \"  ><a title=\"Contatta la SPA\" class=\"gem-button gem-button-size-medium gem-button-style-flat gem-button-text-weight-normal\" data-ll-effect=\"drop-right-without-wrap\" style=\"border-radius: 20px;background-color: #9BB3DC;color: #FFFFFF;\" onmouseleave=\"this.style.backgroundColor='#9BB3DC';this.style.color='#FFFFFF';\" onmouseenter=\"this.style.backgroundColor='#FFFFFF';this.style.color='#9BB3DC';\" href=\"\/de\/spa-kontakte\" target=\"_self\">Kontaktieren Sie das SPA<\/a><\/div> [\/vc_column][\/vc_row]<\/p>\n<\/div>","protected":false},"excerpt":{"rendered":"<p>[vc_row full_width=&#8220;stretch_row&#8220; css=&#8220;.vc_custom_1771016165137{margin-top: 0px !important;margin-bottom: 0px !important;padding-top: 140px !important;padding-bottom: 40px !important;}&#8220;][vc_column][vc_column_text css=&#8220;&#8220; css_animation=&#8220;bottom-to-top&#8220; el_class=&#8220;uppercase-disable&#8220;] Entdecken Sie die Wellness-Pfade im Hotel&#8230;<\/p>\n","protected":false},"author":1,"featured_media":14427,"parent":14421,"menu_order":0,"comment_status":"closed","ping_status":"open","template":"","meta":{"footnotes":""},"class_list":["post-14517","page","type-page","status-publish","has-post-thumbnail"],"yoast_head":"<!-- This site is optimized with the Yoast SEO plugin v26.9 - https:\/\/yoast.com\/product\/yoast-seo-wordpress\/ -->\n<title>Wellness-Pfade - Hotel da Giacomino - Isola d&#039;Elba<\/title>\n<meta name=\"description\" content=\"Wellness-Programme im SPA des Hotels da Giacomino in Sant&#039;Andrea auf der Insel Elba: Entgiftungs-, Entw\u00e4sserungs- und Anti-Age-Massagen.\" \/>\n<meta name=\"robots\" content=\"index, follow, max-snippet:-1, max-image-preview:large, max-video-preview:-1\" \/>\n<link rel=\"canonical\" href=\"https:\/\/www.hoteldagiacomino.it\/de\/hotel\/spa\/wellness-pfade\" \/>\n<meta property=\"og:locale\" content=\"de_DE\" \/>\n<meta property=\"og:type\" content=\"article\" \/>\n<meta property=\"og:title\" content=\"Wellness-Pfade - Hotel da Giacomino - Isola d&#039;Elba\" \/>\n<meta property=\"og:description\" content=\"Wellness-Programme im SPA des Hotels da Giacomino in Sant&#039;Andrea auf der Insel Elba: Entgiftungs-, Entw\u00e4sserungs- und Anti-Age-Massagen.\" \/>\n<meta property=\"og:url\" content=\"https:\/\/www.hoteldagiacomino.it\/de\/hotel\/spa\/wellness-pfade\" \/>\n<meta property=\"og:site_name\" content=\"Hotel da Giacomino - Isola d&#039;Elba\" \/>\n<meta property=\"article:modified_time\" content=\"2026-03-30T19:42:08+00:00\" \/>\n<meta property=\"og:image\" content=\"https:\/\/www.hoteldagiacomino.it\/wp-content\/uploads\/2026\/01\/Hotel-da-Giacomino-Isola-dElba-SPA-03.jpg\" \/>\n\t<meta property=\"og:image:width\" content=\"900\" \/>\n\t<meta property=\"og:image:height\" content=\"600\" \/>\n\t<meta property=\"og:image:type\" content=\"image\/jpeg\" \/>\n<meta name=\"twitter:card\" content=\"summary_large_image\" \/>\n<meta name=\"twitter:label1\" content=\"Gesch\u00e4tzte Lesezeit\" \/>\n\t<meta name=\"twitter:data1\" content=\"3\u00a0Minuten\" \/>\n<script type=\"application\/ld+json\" class=\"yoast-schema-graph\">{\"@context\":\"https:\/\/schema.org\",\"@graph\":[{\"@type\":\"WebPage\",\"@id\":\"https:\/\/www.hoteldagiacomino.it\/de\/hotel\/spa\/wellness-pfade\",\"url\":\"https:\/\/www.hoteldagiacomino.it\/de\/hotel\/spa\/wellness-pfade\",\"name\":\"Wellness-Pfade - Hotel da Giacomino - Isola d&#039;Elba\",\"isPartOf\":{\"@id\":\"https:\/\/www.hoteldagiacomino.it\/de#website\"},\"primaryImageOfPage\":{\"@id\":\"https:\/\/www.hoteldagiacomino.it\/de\/hotel\/spa\/wellness-pfade#primaryimage\"},\"image\":{\"@id\":\"https:\/\/www.hoteldagiacomino.it\/de\/hotel\/spa\/wellness-pfade#primaryimage\"},\"thumbnailUrl\":\"https:\/\/www.hoteldagiacomino.it\/wp-content\/uploads\/2026\/01\/Hotel-da-Giacomino-Isola-dElba-SPA-03.jpg\",\"datePublished\":\"2026-02-13T20:48:05+00:00\",\"dateModified\":\"2026-03-30T19:42:08+00:00\",\"description\":\"Wellness-Programme im SPA des Hotels da Giacomino in Sant'Andrea auf der Insel Elba: Entgiftungs-, Entw\u00e4sserungs- und Anti-Age-Massagen.\",\"breadcrumb\":{\"@id\":\"https:\/\/www.hoteldagiacomino.it\/de\/hotel\/spa\/wellness-pfade#breadcrumb\"},\"inLanguage\":\"de\",\"potentialAction\":[{\"@type\":\"ReadAction\",\"target\":[\"https:\/\/www.hoteldagiacomino.it\/de\/hotel\/spa\/wellness-pfade\"]}]},{\"@type\":\"ImageObject\",\"inLanguage\":\"de\",\"@id\":\"https:\/\/www.hoteldagiacomino.it\/de\/hotel\/spa\/wellness-pfade#primaryimage\",\"url\":\"https:\/\/www.hoteldagiacomino.it\/wp-content\/uploads\/2026\/01\/Hotel-da-Giacomino-Isola-dElba-SPA-03.jpg\",\"contentUrl\":\"https:\/\/www.hoteldagiacomino.it\/wp-content\/uploads\/2026\/01\/Hotel-da-Giacomino-Isola-dElba-SPA-03.jpg\",\"width\":900,\"height\":600},{\"@type\":\"BreadcrumbList\",\"@id\":\"https:\/\/www.hoteldagiacomino.it\/de\/hotel\/spa\/wellness-pfade#breadcrumb\",\"itemListElement\":[{\"@type\":\"ListItem\",\"position\":1,\"name\":\"Accueil\",\"item\":\"https:\/\/www.hoteldagiacomino.it\/de\"},{\"@type\":\"ListItem\",\"position\":2,\"name\":\"Das Hotel\",\"item\":\"https:\/\/www.hoteldagiacomino.it\/de\/hotel\"},{\"@type\":\"ListItem\",\"position\":3,\"name\":\"SPA\",\"item\":\"https:\/\/www.hoteldagiacomino.it\/de\/hotel\/spa\"},{\"@type\":\"ListItem\",\"position\":4,\"name\":\"Wellness-Pfade\"}]},{\"@type\":\"WebSite\",\"@id\":\"https:\/\/www.hoteldagiacomino.it\/de#website\",\"url\":\"https:\/\/www.hoteldagiacomino.it\/de\",\"name\":\"Hotel da Giacomino - Isola d&#039;Elba\",\"description\":\"\",\"potentialAction\":[{\"@type\":\"SearchAction\",\"target\":{\"@type\":\"EntryPoint\",\"urlTemplate\":\"https:\/\/www.hoteldagiacomino.it\/de?s={search_term_string}\"},\"query-input\":{\"@type\":\"PropertyValueSpecification\",\"valueRequired\":true,\"valueName\":\"search_term_string\"}}],\"inLanguage\":\"de\"}]}<\/script>\n<!-- \/ Yoast SEO plugin. -->","yoast_head_json":{"title":"Wellness-Pfade - Hotel da Giacomino - Isola d&#039;Elba","description":"Wellness-Programme im SPA des Hotels da Giacomino in Sant'Andrea auf der Insel Elba: Entgiftungs-, Entw\u00e4sserungs- und Anti-Age-Massagen.","robots":{"index":"index","follow":"follow","max-snippet":"max-snippet:-1","max-image-preview":"max-image-preview:large","max-video-preview":"max-video-preview:-1"},"canonical":"https:\/\/www.hoteldagiacomino.it\/de\/hotel\/spa\/wellness-pfade","og_locale":"de_DE","og_type":"article","og_title":"Wellness-Pfade - Hotel da Giacomino - Isola d&#039;Elba","og_description":"Wellness-Programme im SPA des Hotels da Giacomino in Sant'Andrea auf der Insel Elba: Entgiftungs-, Entw\u00e4sserungs- und Anti-Age-Massagen.","og_url":"https:\/\/www.hoteldagiacomino.it\/de\/hotel\/spa\/wellness-pfade","og_site_name":"Hotel da Giacomino - Isola d&#039;Elba","article_modified_time":"2026-03-30T19:42:08+00:00","og_image":[{"width":900,"height":600,"url":"https:\/\/www.hoteldagiacomino.it\/wp-content\/uploads\/2026\/01\/Hotel-da-Giacomino-Isola-dElba-SPA-03.jpg","type":"image\/jpeg"}],"twitter_card":"summary_large_image","twitter_misc":{"Gesch\u00e4tzte Lesezeit":"3\u00a0Minuten"},"schema":{"@context":"https:\/\/schema.org","@graph":[{"@type":"WebPage","@id":"https:\/\/www.hoteldagiacomino.it\/de\/hotel\/spa\/wellness-pfade","url":"https:\/\/www.hoteldagiacomino.it\/de\/hotel\/spa\/wellness-pfade","name":"Wellness-Pfade - Hotel da Giacomino - Isola d&#039;Elba","isPartOf":{"@id":"https:\/\/www.hoteldagiacomino.it\/de#website"},"primaryImageOfPage":{"@id":"https:\/\/www.hoteldagiacomino.it\/de\/hotel\/spa\/wellness-pfade#primaryimage"},"image":{"@id":"https:\/\/www.hoteldagiacomino.it\/de\/hotel\/spa\/wellness-pfade#primaryimage"},"thumbnailUrl":"https:\/\/www.hoteldagiacomino.it\/wp-content\/uploads\/2026\/01\/Hotel-da-Giacomino-Isola-dElba-SPA-03.jpg","datePublished":"2026-02-13T20:48:05+00:00","dateModified":"2026-03-30T19:42:08+00:00","description":"Wellness-Programme im SPA des Hotels da Giacomino in Sant'Andrea auf der Insel Elba: Entgiftungs-, Entw\u00e4sserungs- und Anti-Age-Massagen.","breadcrumb":{"@id":"https:\/\/www.hoteldagiacomino.it\/de\/hotel\/spa\/wellness-pfade#breadcrumb"},"inLanguage":"de","potentialAction":[{"@type":"ReadAction","target":["https:\/\/www.hoteldagiacomino.it\/de\/hotel\/spa\/wellness-pfade"]}]},{"@type":"ImageObject","inLanguage":"de","@id":"https:\/\/www.hoteldagiacomino.it\/de\/hotel\/spa\/wellness-pfade#primaryimage","url":"https:\/\/www.hoteldagiacomino.it\/wp-content\/uploads\/2026\/01\/Hotel-da-Giacomino-Isola-dElba-SPA-03.jpg","contentUrl":"https:\/\/www.hoteldagiacomino.it\/wp-content\/uploads\/2026\/01\/Hotel-da-Giacomino-Isola-dElba-SPA-03.jpg","width":900,"height":600},{"@type":"BreadcrumbList","@id":"https:\/\/www.hoteldagiacomino.it\/de\/hotel\/spa\/wellness-pfade#breadcrumb","itemListElement":[{"@type":"ListItem","position":1,"name":"Accueil","item":"https:\/\/www.hoteldagiacomino.it\/de"},{"@type":"ListItem","position":2,"name":"Das Hotel","item":"https:\/\/www.hoteldagiacomino.it\/de\/hotel"},{"@type":"ListItem","position":3,"name":"SPA","item":"https:\/\/www.hoteldagiacomino.it\/de\/hotel\/spa"},{"@type":"ListItem","position":4,"name":"Wellness-Pfade"}]},{"@type":"WebSite","@id":"https:\/\/www.hoteldagiacomino.it\/de#website","url":"https:\/\/www.hoteldagiacomino.it\/de","name":"Hotel da Giacomino - Isola d&#039;Elba","description":"","potentialAction":[{"@type":"SearchAction","target":{"@type":"EntryPoint","urlTemplate":"https:\/\/www.hoteldagiacomino.it\/de?s={search_term_string}"},"query-input":{"@type":"PropertyValueSpecification","valueRequired":true,"valueName":"search_term_string"}}],"inLanguage":"de"}]}},"_links":{"self":[{"href":"https:\/\/www.hoteldagiacomino.it\/de\/wp-json\/wp\/v2\/pages\/14517","targetHints":{"allow":["GET"]}}],"collection":[{"href":"https:\/\/www.hoteldagiacomino.it\/de\/wp-json\/wp\/v2\/pages"}],"about":[{"href":"https:\/\/www.hoteldagiacomino.it\/de\/wp-json\/wp\/v2\/types\/page"}],"author":[{"embeddable":true,"href":"https:\/\/www.hoteldagiacomino.it\/de\/wp-json\/wp\/v2\/users\/1"}],"replies":[{"embeddable":true,"href":"https:\/\/www.hoteldagiacomino.it\/de\/wp-json\/wp\/v2\/comments?post=14517"}],"version-history":[{"count":7,"href":"https:\/\/www.hoteldagiacomino.it\/de\/wp-json\/wp\/v2\/pages\/14517\/revisions"}],"predecessor-version":[{"id":14667,"href":"https:\/\/www.hoteldagiacomino.it\/de\/wp-json\/wp\/v2\/pages\/14517\/revisions\/14667"}],"up":[{"embeddable":true,"href":"https:\/\/www.hoteldagiacomino.it\/de\/wp-json\/wp\/v2\/pages\/14421"}],"wp:featuredmedia":[{"embeddable":true,"href":"https:\/\/www.hoteldagiacomino.it\/de\/wp-json\/wp\/v2\/media\/14427"}],"wp:attachment":[{"href":"https:\/\/www.hoteldagiacomino.it\/de\/wp-json\/wp\/v2\/media?parent=14517"}],"curies":[{"name":"wp","href":"https:\/\/api.w.org\/{rel}","templated":true}]}}