{"id":14521,"date":"2026-02-03T14:37:45","date_gmt":"2026-02-03T13:37:45","guid":{"rendered":"https:\/\/www.grow-fast.lu\/zoelle"},"modified":"2026-03-30T14:01:48","modified_gmt":"2026-03-30T12:01:48","slug":"zoelle","status":"publish","type":"page","link":"https:\/\/www.hoteldagiacomino.it\/de\/zoelle","title":{"rendered":"Z\u00f6lle"},"content":{"rendered":"<div class=\"wpb-content-wrapper\"><p>[vc_row css=&#8220;.vc_custom_1474554084150{padding-bottom: 60px !important;}&#8220;][vc_column]<div class=\"clearboth\"><\/div><style>#thegem-divider-69fdc07bf110b {margin-top: 112px !important;}<\/style><div id=\"thegem-divider-69fdc07bf110b\" class=\"gem-divider  \" style=\"\" ><\/div>[vc_column_text css=&#8220;&#8220; css_animation=&#8220;bottom-to-top&#8220;]<\/p>\n<div class=\"title-h1\" style=\"text-align: center;\"><span style=\"color: #282d3c;\">Unsere Zimmer<br \/>\n<\/span><\/div>\n<p>[\/vc_column_text]<div class=\"clearboth\"><\/div><style>#thegem-divider-69fdc07bf1156 {margin-top: -10px !important;}<\/style><div id=\"thegem-divider-69fdc07bf1156\" class=\"gem-divider  \" style=\"\" ><\/div>[vc_column_text css=&#8220;&#8220; css_animation=&#8220;bottom-to-top&#8220;]Willkommen auf der Seite Preise des Hotel da Giacomino. Hier finden Sie Informationen \u00fcber die Preise unserer Zimmer f\u00fcr Ihren Urlaub auf der Insel Elba.<\/p>\n<p><strong>Die Preise variieren je nach Saison und Anzahl der Personen<\/strong>, so dass wir Ihnen immer die beste L\u00f6sung f\u00fcr Ihre Bed\u00fcrfnisse anbieten k\u00f6nnen. Kontaktieren Sie uns und erfahren Sie mehr.[\/vc_column_text]<style type=\"text\/css\">.thegem-button-69fdc07bf121c5796 .gem-button svg {fill: #FFFFFF;}.thegem-button-69fdc07bf121c5796 .gem-button:hover svg {fill: #9BB3DC;}<\/style><div class=\"gem-button-container gem-button-position-center thegem-button-69fdc07bf121c5796    \"  ><a title=\"Contattaci\" class=\"gem-button gem-button-size-medium gem-button-style-flat gem-button-text-weight-normal\" data-ll-effect=\"drop-right-without-wrap\" style=\"border-radius: 20px;background-color: #9BB3DC;color: #FFFFFF;\" onmouseleave=\"this.style.backgroundColor='#9BB3DC';this.style.color='#FFFFFF';\" onmouseenter=\"this.style.backgroundColor='#FFFFFF';this.style.color='#9BB3DC';\" href=\"\/de\/kontakt\" target=\"_self\">Kontaktieren Sie uns<\/a><\/div> <div class=\"clearboth\"><\/div><style>#thegem-divider-69fdc07bf126b {margin-top: -10px !important;}<\/style><div id=\"thegem-divider-69fdc07bf126b\" class=\"gem-divider  \" style=\"\" ><\/div>[\/vc_column][\/vc_row][vc_row][vc_column][vc_row_inner][vc_column_inner offset=&#8220;vc_col-lg-4 vc_col-md-offset-0 vc_col-md-4 vc_col-sm-offset-0 vc_col-xs-12&#8243;]<div class=\"lazy-loading\" data-ll-item-delay=\"0\"><div class=\"gem-textbox  lazy-loading-item\"  data-ll-effect=\"move-up\" ><div class=\"gem-textbox-picture centered-box\"><img src=\"https:\/\/www.hoteldagiacomino.it\/wp-content\/uploads\/2026\/01\/Camera-Standard-Hotel-da-Giacomino-Isola-dElba-02.jpg\" alt=\"\" class=\"img-responsive\" \/><\/div><div class=\"gem-textbox-inner gem-textbox-after-image\" style=\"border: 3px solid #ffffff;\"><div class=\"gem-textbox-content\" style=\"background-color: rgba(255,255,255,0.55);background-position: center top;\"><div class=\"clearboth\"><\/div><style>#thegem-divider-69fdc07bf1566 {margin-top: -5px !important;}<\/style><div id=\"thegem-divider-69fdc07bf1566\" class=\"gem-divider  \" style=\"\" ><\/div>[vc_column_text css=&#8220;&#8220;]<\/p>\n<div class=\"title-h4\" style=\"text-align: center;\"><span class=\"light\" style=\"color: #282d3c;\">Standard Zimmer<\/span><\/div>\n<p>[\/vc_column_text]<div class=\"clearboth\"><\/div><style>#thegem-divider-69fdc07bf1597 {margin-top: 30px !important;}<\/style><div id=\"thegem-divider-69fdc07bf1597\" class=\"gem-divider  \" style=\"\" ><\/div>[vc_column_text css=&#8220;&#8220;]<\/p>\n<p style=\"text-align: center;\"><span style=\"color: #282d3c;\">Max. 2 Personen<br \/>\nGartenblick<\/span><\/p>\n<p>[\/vc_column_text]<div class=\"clearboth\"><\/div><style>#thegem-divider-69fdc07bf15bc {margin-top: 32px !important;}<\/style><div id=\"thegem-divider-69fdc07bf15bc\" class=\"gem-divider  \" style=\"\" ><\/div>[vc_column_text css=&#8220;&#8220;]<\/p>\n<div class=\"title-h4\" style=\"text-align: center;\">von \u20ac120 bis \u20ac320 <span style=\"color: #5f727f; font-family: 'Source Sans Pro'; font-size: 16px; font-weight: 200; text-transform: none;\">\/Nacht<\/span><\/div>\n<p>[\/vc_column_text]<div class=\"clearboth\"><\/div><style>#thegem-divider-69fdc07bf15dd {margin-top: 14px !important;}<\/style><div id=\"thegem-divider-69fdc07bf15dd\" class=\"gem-divider  \" style=\"\" ><\/div><style type=\"text\/css\">.thegem-button-69fdc07bf16469758 .gem-button svg {fill: #FFFFFF;}.thegem-button-69fdc07bf16469758 .gem-button:hover svg {fill: #9BB3DC;}<\/style><div class=\"gem-button-container gem-button-position-center thegem-button-69fdc07bf16469758    \"  ><a title=\"Scopri la stanza\" class=\"gem-button gem-button-size-medium gem-button-style-flat gem-button-text-weight-normal\" data-ll-effect=\"drop-right-without-wrap\" style=\"border-radius: 20px;background-color: #9BB3DC;color: #FFFFFF;\" onmouseleave=\"this.style.backgroundColor='#9BB3DC';this.style.color='#FFFFFF';\" onmouseenter=\"this.style.backgroundColor='#FFFFFF';this.style.color='#9BB3DC';\" href=\"\/de\/zimmer\/standard-zimmer\" target=\"_self\">Das Zimmer<\/a><\/div> <\/div><\/div><\/div><\/div>[\/vc_column_inner][vc_column_inner offset=&#8220;vc_col-lg-4 vc_col-md-offset-0 vc_col-md-4 vc_col-sm-offset-0 vc_col-xs-12&#8243;]<div class=\"lazy-loading\" data-ll-item-delay=\"0\"><div class=\"gem-textbox  lazy-loading-item\"  data-ll-effect=\"move-up\" ><div class=\"gem-textbox-picture centered-box\"><img src=\"https:\/\/www.hoteldagiacomino.it\/wp-content\/uploads\/2026\/01\/Camera-Superior-06.jpg\" alt=\"\" class=\"img-responsive\" \/><\/div><div class=\"gem-textbox-inner gem-textbox-after-image\" style=\"border: 3px solid #ffffff;\"><div class=\"gem-textbox-content\" style=\"background-color: rgba(255,255,255,0.55);background-position: center top;\"><div class=\"clearboth\"><\/div><style>#thegem-divider-69fdc07bf18b8 {margin-top: -5px !important;}<\/style><div id=\"thegem-divider-69fdc07bf18b8\" class=\"gem-divider  \" style=\"\" ><\/div>[vc_column_text css=&#8220;&#8220;]<\/p>\n<div class=\"title-h4\" style=\"text-align: center;\"><span class=\"light\" style=\"color: #282d3c;\">Superior Zimmer<\/span><\/div>\n<p>[\/vc_column_text]<div class=\"clearboth\"><\/div><style>#thegem-divider-69fdc07bf18e4 {margin-top: 30px !important;}<\/style><div id=\"thegem-divider-69fdc07bf18e4\" class=\"gem-divider  \" style=\"\" ><\/div>[vc_column_text css=&#8220;&#8220;]<\/p>\n<p style=\"text-align: center;\"><span style=\"color: #282d3c;\">Max. 2 Personen<br \/>\nMeerblick<\/span><\/p>\n<p>[\/vc_column_text]<div class=\"clearboth\"><\/div><style>#thegem-divider-69fdc07bf1906 {margin-top: 32px !important;}<\/style><div id=\"thegem-divider-69fdc07bf1906\" class=\"gem-divider  \" style=\"\" ><\/div>[vc_column_text css=&#8220;&#8220;]<\/p>\n<div class=\"title-h4\" style=\"text-align: center;\">von \u20ac160 bis \u20ac360 <span style=\"color: #5f727f; font-family: 'Source Sans Pro'; font-size: 16px; font-weight: 200; text-transform: none;\">\/Nacht<\/span><\/div>\n<p>[\/vc_column_text]<div class=\"clearboth\"><\/div><style>#thegem-divider-69fdc07bf1926 {margin-top: 14px !important;}<\/style><div id=\"thegem-divider-69fdc07bf1926\" class=\"gem-divider  \" style=\"\" ><\/div><style type=\"text\/css\">.thegem-button-69fdc07bf1985879 .gem-button svg {fill: #FFFFFF;}.thegem-button-69fdc07bf1985879 .gem-button:hover svg {fill: #9BB3DC;}<\/style><div class=\"gem-button-container gem-button-position-center thegem-button-69fdc07bf1985879    \"  ><a title=\"Scopri la stanza\" class=\"gem-button gem-button-size-medium gem-button-style-flat gem-button-text-weight-normal\" data-ll-effect=\"drop-right-without-wrap\" style=\"border-radius: 20px;background-color: #9BB3DC;color: #FFFFFF;\" onmouseleave=\"this.style.backgroundColor='#9BB3DC';this.style.color='#FFFFFF';\" onmouseenter=\"this.style.backgroundColor='#FFFFFF';this.style.color='#9BB3DC';\" href=\"\/de\/zimmer\/superior-zimmer\" target=\"_self\">Das Zimmer<\/a><\/div> <\/div><\/div><\/div><\/div>[\/vc_column_inner][vc_column_inner offset=&#8220;vc_col-lg-offset-0 vc_col-lg-4 vc_col-md-offset-0 vc_col-md-4 vc_col-sm-offset-0 vc_col-xs-12&#8243;]<div class=\"lazy-loading\" data-ll-item-delay=\"0\"><div class=\"gem-textbox  lazy-loading-item\"  data-ll-effect=\"move-up\" ><div class=\"gem-textbox-picture centered-box\"><img src=\"https:\/\/www.hoteldagiacomino.it\/wp-content\/uploads\/2026\/01\/Camera-Familiare-Hotel-da-Giacomino-Isola-dElba-02.jpg\" alt=\"\" class=\"img-responsive\" \/><\/div><div class=\"gem-textbox-inner gem-textbox-after-image\" style=\"border: 3px solid #ffffff;\"><div class=\"gem-textbox-content\" style=\"background-color: rgba(255,255,255,0.55);background-position: center top;\"><div class=\"clearboth\"><\/div><style>#thegem-divider-69fdc07bf1bd8 {margin-top: -5px !important;}<\/style><div id=\"thegem-divider-69fdc07bf1bd8\" class=\"gem-divider  \" style=\"\" ><\/div>[vc_column_text css=&#8220;&#8220;]<\/p>\n<div class=\"title-h4\" style=\"text-align: center;\"><span class=\"light\" style=\"color: #282d3c;\">Familienzimmer<\/span><\/div>\n<p>[\/vc_column_text]<div class=\"clearboth\"><\/div><style>#thegem-divider-69fdc07bf1c01 {margin-top: 30px !important;}<\/style><div id=\"thegem-divider-69fdc07bf1c01\" class=\"gem-divider  \" style=\"\" ><\/div>[vc_column_text css=&#8220;&#8220;]<\/p>\n<p style=\"text-align: center;\"><span style=\"color: #282d3c;\">3 bis 5 Personen<br \/>\nMeer- oder Gartenblick<\/span><\/p>\n<p>[\/vc_column_text]<div class=\"clearboth\"><\/div><style>#thegem-divider-69fdc07bf1c23 {margin-top: 32px !important;}<\/style><div id=\"thegem-divider-69fdc07bf1c23\" class=\"gem-divider  \" style=\"\" ><\/div>[vc_column_text css=&#8220;&#8220;]<\/p>\n<div class=\"title-h4\" style=\"text-align: center;\">von \u20ac250 bis \u20ac520 <span style=\"color: #5f727f; font-family: 'Source Sans Pro'; font-size: 16px; font-weight: 200; text-transform: none;\">\/Nacht<\/span><\/div>\n<p>[\/vc_column_text]<div class=\"clearboth\"><\/div><style>#thegem-divider-69fdc07bf1c42 {margin-top: 14px !important;}<\/style><div id=\"thegem-divider-69fdc07bf1c42\" class=\"gem-divider  \" style=\"\" ><\/div><style type=\"text\/css\">.thegem-button-69fdc07bf1c9d1514 .gem-button svg {fill: #FFFFFF;}.thegem-button-69fdc07bf1c9d1514 .gem-button:hover svg {fill: #9BB3DC;}<\/style><div class=\"gem-button-container gem-button-position-center thegem-button-69fdc07bf1c9d1514    \"  ><a title=\"Scopri la stanza\" class=\"gem-button gem-button-size-medium gem-button-style-flat gem-button-text-weight-normal\" data-ll-effect=\"drop-right-without-wrap\" style=\"border-radius: 20px;background-color: #9BB3DC;color: #FFFFFF;\" onmouseleave=\"this.style.backgroundColor='#9BB3DC';this.style.color='#FFFFFF';\" onmouseenter=\"this.style.backgroundColor='#FFFFFF';this.style.color='#9BB3DC';\" href=\"\/de\/zimmer\/deluxe-zimmer\" target=\"_self\">Das Zimmer<\/a><\/div> <\/div><\/div><\/div><\/div>[\/vc_column_inner][\/vc_row_inner][\/vc_column][\/vc_row][vc_row][vc_column][vc_column_text css=&#8220;&#8220;]<\/p>\n<h3 style=\"text-align: center;\">Was den Preis beeinflusst<\/h3>\n<p>Die Zimmerpreise k\u00f6nnen je nach Art der Unterkunft variieren:<\/p>\n<ul>\n<li>Touristensaison (Neben-, Mittel- oder Hochsaison)<\/li>\n<li>Anzahl der Personen pro Zimmer<\/li>\n<li>Gew\u00e4hlte Behandlung: Halbpension oder Vollpension<\/li>\n<\/ul>\n<p>Kontaktieren Sie uns f\u00fcr ein individuelles Angebot, das auf Ihre Bed\u00fcrfnisse zugeschnitten ist.[\/vc_column_text]<div class=\"clearboth\"><\/div><style>#thegem-divider-69fdc07bf1cdf {margin-top: 30px !important;}<\/style><div id=\"thegem-divider-69fdc07bf1cdf\" class=\"gem-divider  \" style=\"\" ><\/div>[\/vc_column][\/vc_row]<\/p>\n<\/div>","protected":false},"excerpt":{"rendered":"<p>[vc_row css=&#8220;.vc_custom_1474554084150{padding-bottom: 60px !important;}&#8220;][vc_column][vc_column_text css=&#8220;&#8220; css_animation=&#8220;bottom-to-top&#8220;] Unsere Zimmer [\/vc_column_text][vc_column_text css=&#8220;&#8220; css_animation=&#8220;bottom-to-top&#8220;]Willkommen auf der Seite Preise des Hotel da Giacomino. Hier&#8230;<\/p>\n","protected":false},"author":1,"featured_media":0,"parent":0,"menu_order":0,"comment_status":"closed","ping_status":"closed","template":"","meta":{"footnotes":""},"class_list":["post-14521","page","type-page","status-publish"],"yoast_head":"<!-- This site is optimized with the Yoast SEO plugin v26.9 - https:\/\/yoast.com\/product\/yoast-seo-wordpress\/ -->\n<title>Z\u00f6lle - Hotel da Giacomino - Isola d&#039;Elba<\/title>\n<meta name=\"description\" content=\"Entdecken Sie die Preise des Hotels Da Giacomino auf der Insel Elba. Zimmer mit Garten- oder Meerblick. Kontaktieren Sie.\" \/>\n<meta name=\"robots\" content=\"index, follow, max-snippet:-1, max-image-preview:large, max-video-preview:-1\" \/>\n<link rel=\"canonical\" href=\"https:\/\/www.hoteldagiacomino.it\/de\/zoelle\" \/>\n<meta property=\"og:locale\" content=\"de_DE\" \/>\n<meta property=\"og:type\" content=\"article\" \/>\n<meta property=\"og:title\" content=\"Z\u00f6lle - Hotel da Giacomino - Isola d&#039;Elba\" \/>\n<meta property=\"og:description\" content=\"Entdecken Sie die Preise des Hotels Da Giacomino auf der Insel Elba. Zimmer mit Garten- oder Meerblick. Kontaktieren Sie.\" \/>\n<meta property=\"og:url\" content=\"https:\/\/www.hoteldagiacomino.it\/de\/zoelle\" \/>\n<meta property=\"og:site_name\" content=\"Hotel da Giacomino - Isola d&#039;Elba\" \/>\n<meta property=\"article:modified_time\" content=\"2026-03-30T12:01:48+00:00\" \/>\n<meta name=\"twitter:card\" content=\"summary_large_image\" \/>\n<meta name=\"twitter:label1\" content=\"Gesch\u00e4tzte Lesezeit\" \/>\n\t<meta name=\"twitter:data1\" content=\"2\u00a0Minuten\" \/>\n<script type=\"application\/ld+json\" class=\"yoast-schema-graph\">{\"@context\":\"https:\/\/schema.org\",\"@graph\":[{\"@type\":\"WebPage\",\"@id\":\"https:\/\/www.hoteldagiacomino.it\/de\/zoelle\",\"url\":\"https:\/\/www.hoteldagiacomino.it\/de\/zoelle\",\"name\":\"Z\u00f6lle - Hotel da Giacomino - Isola d&#039;Elba\",\"isPartOf\":{\"@id\":\"https:\/\/www.hoteldagiacomino.it\/de#website\"},\"datePublished\":\"2026-02-03T13:37:45+00:00\",\"dateModified\":\"2026-03-30T12:01:48+00:00\",\"description\":\"Entdecken Sie die Preise des Hotels Da Giacomino auf der Insel Elba. Zimmer mit Garten- oder Meerblick. Kontaktieren Sie.\",\"breadcrumb\":{\"@id\":\"https:\/\/www.hoteldagiacomino.it\/de\/zoelle#breadcrumb\"},\"inLanguage\":\"de\",\"potentialAction\":[{\"@type\":\"ReadAction\",\"target\":[\"https:\/\/www.hoteldagiacomino.it\/de\/zoelle\"]}]},{\"@type\":\"BreadcrumbList\",\"@id\":\"https:\/\/www.hoteldagiacomino.it\/de\/zoelle#breadcrumb\",\"itemListElement\":[{\"@type\":\"ListItem\",\"position\":1,\"name\":\"Accueil\",\"item\":\"https:\/\/www.hoteldagiacomino.it\/de\"},{\"@type\":\"ListItem\",\"position\":2,\"name\":\"Z\u00f6lle\"}]},{\"@type\":\"WebSite\",\"@id\":\"https:\/\/www.hoteldagiacomino.it\/de#website\",\"url\":\"https:\/\/www.hoteldagiacomino.it\/de\",\"name\":\"Hotel da Giacomino - Isola d&#039;Elba\",\"description\":\"\",\"potentialAction\":[{\"@type\":\"SearchAction\",\"target\":{\"@type\":\"EntryPoint\",\"urlTemplate\":\"https:\/\/www.hoteldagiacomino.it\/de?s={search_term_string}\"},\"query-input\":{\"@type\":\"PropertyValueSpecification\",\"valueRequired\":true,\"valueName\":\"search_term_string\"}}],\"inLanguage\":\"de\"}]}<\/script>\n<!-- \/ Yoast SEO plugin. -->","yoast_head_json":{"title":"Z\u00f6lle - Hotel da Giacomino - Isola d&#039;Elba","description":"Entdecken Sie die Preise des Hotels Da Giacomino auf der Insel Elba. Zimmer mit Garten- oder Meerblick. Kontaktieren Sie.","robots":{"index":"index","follow":"follow","max-snippet":"max-snippet:-1","max-image-preview":"max-image-preview:large","max-video-preview":"max-video-preview:-1"},"canonical":"https:\/\/www.hoteldagiacomino.it\/de\/zoelle","og_locale":"de_DE","og_type":"article","og_title":"Z\u00f6lle - Hotel da Giacomino - Isola d&#039;Elba","og_description":"Entdecken Sie die Preise des Hotels Da Giacomino auf der Insel Elba. Zimmer mit Garten- oder Meerblick. Kontaktieren Sie.","og_url":"https:\/\/www.hoteldagiacomino.it\/de\/zoelle","og_site_name":"Hotel da Giacomino - Isola d&#039;Elba","article_modified_time":"2026-03-30T12:01:48+00:00","twitter_card":"summary_large_image","twitter_misc":{"Gesch\u00e4tzte Lesezeit":"2\u00a0Minuten"},"schema":{"@context":"https:\/\/schema.org","@graph":[{"@type":"WebPage","@id":"https:\/\/www.hoteldagiacomino.it\/de\/zoelle","url":"https:\/\/www.hoteldagiacomino.it\/de\/zoelle","name":"Z\u00f6lle - Hotel da Giacomino - Isola d&#039;Elba","isPartOf":{"@id":"https:\/\/www.hoteldagiacomino.it\/de#website"},"datePublished":"2026-02-03T13:37:45+00:00","dateModified":"2026-03-30T12:01:48+00:00","description":"Entdecken Sie die Preise des Hotels Da Giacomino auf der Insel Elba. Zimmer mit Garten- oder Meerblick. Kontaktieren Sie.","breadcrumb":{"@id":"https:\/\/www.hoteldagiacomino.it\/de\/zoelle#breadcrumb"},"inLanguage":"de","potentialAction":[{"@type":"ReadAction","target":["https:\/\/www.hoteldagiacomino.it\/de\/zoelle"]}]},{"@type":"BreadcrumbList","@id":"https:\/\/www.hoteldagiacomino.it\/de\/zoelle#breadcrumb","itemListElement":[{"@type":"ListItem","position":1,"name":"Accueil","item":"https:\/\/www.hoteldagiacomino.it\/de"},{"@type":"ListItem","position":2,"name":"Z\u00f6lle"}]},{"@type":"WebSite","@id":"https:\/\/www.hoteldagiacomino.it\/de#website","url":"https:\/\/www.hoteldagiacomino.it\/de","name":"Hotel da Giacomino - Isola d&#039;Elba","description":"","potentialAction":[{"@type":"SearchAction","target":{"@type":"EntryPoint","urlTemplate":"https:\/\/www.hoteldagiacomino.it\/de?s={search_term_string}"},"query-input":{"@type":"PropertyValueSpecification","valueRequired":true,"valueName":"search_term_string"}}],"inLanguage":"de"}]}},"_links":{"self":[{"href":"https:\/\/www.hoteldagiacomino.it\/de\/wp-json\/wp\/v2\/pages\/14521","targetHints":{"allow":["GET"]}}],"collection":[{"href":"https:\/\/www.hoteldagiacomino.it\/de\/wp-json\/wp\/v2\/pages"}],"about":[{"href":"https:\/\/www.hoteldagiacomino.it\/de\/wp-json\/wp\/v2\/types\/page"}],"author":[{"embeddable":true,"href":"https:\/\/www.hoteldagiacomino.it\/de\/wp-json\/wp\/v2\/users\/1"}],"replies":[{"embeddable":true,"href":"https:\/\/www.hoteldagiacomino.it\/de\/wp-json\/wp\/v2\/comments?post=14521"}],"version-history":[{"count":8,"href":"https:\/\/www.hoteldagiacomino.it\/de\/wp-json\/wp\/v2\/pages\/14521\/revisions"}],"predecessor-version":[{"id":14575,"href":"https:\/\/www.hoteldagiacomino.it\/de\/wp-json\/wp\/v2\/pages\/14521\/revisions\/14575"}],"wp:attachment":[{"href":"https:\/\/www.hoteldagiacomino.it\/de\/wp-json\/wp\/v2\/media?parent=14521"}],"curies":[{"name":"wp","href":"https:\/\/api.w.org\/{rel}","templated":true}]}}