{"id":14127,"date":"2026-02-13T23:11:20","date_gmt":"2026-02-13T22:11:20","guid":{"rendered":"https:\/\/www.grow-fast.lu\/merci-davoir-contacte-spa-seafront"},"modified":"2026-03-03T15:02:21","modified_gmt":"2026-03-03T14:02:21","slug":"merci-davoir-contacte-spa-seafront","status":"publish","type":"page","link":"https:\/\/www.hoteldagiacomino.it\/fr\/merci-davoir-contacte-spa-seafront","title":{"rendered":"Merci d&rsquo;avoir contact\u00e9 SPA Seafront"},"content":{"rendered":"<div class=\"wpb-content-wrapper\"><p>[vc_row][vc_column][vc_column_text css=\u00a0\u00bb\u00a0\u00bb]<\/p>\n<p>Merci de nous avoir contact\u00e9s : notre personnel vous r\u00e9pondra dans les plus brefs d\u00e9lais avec toutes les informations dont vous avez besoin.<\/p>\n<p>[\/vc_column_text][\/vc_column][\/vc_row]<\/p>\n<\/div>","protected":false},"excerpt":{"rendered":"<p>[vc_row][vc_column][vc_column_text css=\u00a0\u00bb\u00a0\u00bb] Merci de nous avoir contact\u00e9s : notre personnel vous r\u00e9pondra dans les plus brefs d\u00e9lais avec toutes les&#8230;<\/p>\n","protected":false},"author":1,"featured_media":0,"parent":0,"menu_order":0,"comment_status":"closed","ping_status":"open","template":"","meta":{"footnotes":""},"class_list":["post-14127","page","type-page","status-publish"],"yoast_head":"<!-- This site is optimized with the Yoast SEO plugin v26.9 - https:\/\/yoast.com\/product\/yoast-seo-wordpress\/ -->\n<title>Merci d&#039;avoir contact\u00e9 SPA Seafront - Hotel da Giacomino - Isola d&#039;Elba<\/title>\n<meta name=\"robots\" content=\"index, follow, max-snippet:-1, max-image-preview:large, max-video-preview:-1\" \/>\n<link rel=\"canonical\" href=\"https:\/\/www.hoteldagiacomino.it\/fr\/merci-davoir-contacte-spa-seafront\" \/>\n<meta property=\"og:locale\" content=\"fr_FR\" \/>\n<meta property=\"og:type\" content=\"article\" \/>\n<meta property=\"og:title\" content=\"Merci d&#039;avoir contact\u00e9 SPA Seafront - Hotel da Giacomino - Isola d&#039;Elba\" \/>\n<meta property=\"og:description\" content=\"[vc_row][vc_column][vc_column_text css=\u00a0\u00bb\u00a0\u00bb] Merci de nous avoir contact\u00e9s : notre personnel vous r\u00e9pondra dans les plus brefs d\u00e9lais avec toutes les...\" \/>\n<meta property=\"og:url\" content=\"https:\/\/www.hoteldagiacomino.it\/fr\/merci-davoir-contacte-spa-seafront\" \/>\n<meta property=\"og:site_name\" content=\"Hotel da Giacomino - Isola d&#039;Elba\" \/>\n<meta property=\"article:modified_time\" content=\"2026-03-03T14:02:21+00:00\" \/>\n<meta name=\"twitter:card\" content=\"summary_large_image\" \/>\n<script type=\"application\/ld+json\" class=\"yoast-schema-graph\">{\"@context\":\"https:\/\/schema.org\",\"@graph\":[{\"@type\":\"WebPage\",\"@id\":\"https:\/\/www.hoteldagiacomino.it\/fr\/merci-davoir-contacte-spa-seafront\",\"url\":\"https:\/\/www.hoteldagiacomino.it\/fr\/merci-davoir-contacte-spa-seafront\",\"name\":\"Merci d'avoir contact\u00e9 SPA Seafront - Hotel da Giacomino - Isola d&#039;Elba\",\"isPartOf\":{\"@id\":\"https:\/\/www.hoteldagiacomino.it\/fr#website\"},\"datePublished\":\"2026-02-13T22:11:20+00:00\",\"dateModified\":\"2026-03-03T14:02:21+00:00\",\"breadcrumb\":{\"@id\":\"https:\/\/www.hoteldagiacomino.it\/fr\/merci-davoir-contacte-spa-seafront#breadcrumb\"},\"inLanguage\":\"fr-FR\",\"potentialAction\":[{\"@type\":\"ReadAction\",\"target\":[\"https:\/\/www.hoteldagiacomino.it\/fr\/merci-davoir-contacte-spa-seafront\"]}]},{\"@type\":\"BreadcrumbList\",\"@id\":\"https:\/\/www.hoteldagiacomino.it\/fr\/merci-davoir-contacte-spa-seafront#breadcrumb\",\"itemListElement\":[{\"@type\":\"ListItem\",\"position\":1,\"name\":\"Accueil\",\"item\":\"https:\/\/www.hoteldagiacomino.it\/fr\"},{\"@type\":\"ListItem\",\"position\":2,\"name\":\"Merci d&#8217;avoir contact\u00e9 SPA Seafront\"}]},{\"@type\":\"WebSite\",\"@id\":\"https:\/\/www.hoteldagiacomino.it\/fr#website\",\"url\":\"https:\/\/www.hoteldagiacomino.it\/fr\",\"name\":\"Hotel da Giacomino - Isola d&#039;Elba\",\"description\":\"\",\"potentialAction\":[{\"@type\":\"SearchAction\",\"target\":{\"@type\":\"EntryPoint\",\"urlTemplate\":\"https:\/\/www.hoteldagiacomino.it\/fr?s={search_term_string}\"},\"query-input\":{\"@type\":\"PropertyValueSpecification\",\"valueRequired\":true,\"valueName\":\"search_term_string\"}}],\"inLanguage\":\"fr-FR\"}]}<\/script>\n<!-- \/ Yoast SEO plugin. -->","yoast_head_json":{"title":"Merci d'avoir contact\u00e9 SPA Seafront - Hotel da Giacomino - Isola d&#039;Elba","robots":{"index":"index","follow":"follow","max-snippet":"max-snippet:-1","max-image-preview":"max-image-preview:large","max-video-preview":"max-video-preview:-1"},"canonical":"https:\/\/www.hoteldagiacomino.it\/fr\/merci-davoir-contacte-spa-seafront","og_locale":"fr_FR","og_type":"article","og_title":"Merci d'avoir contact\u00e9 SPA Seafront - Hotel da Giacomino - Isola d&#039;Elba","og_description":"[vc_row][vc_column][vc_column_text css=\u00a0\u00bb\u00a0\u00bb] Merci de nous avoir contact\u00e9s : notre personnel vous r\u00e9pondra dans les plus brefs d\u00e9lais avec toutes les...","og_url":"https:\/\/www.hoteldagiacomino.it\/fr\/merci-davoir-contacte-spa-seafront","og_site_name":"Hotel da Giacomino - Isola d&#039;Elba","article_modified_time":"2026-03-03T14:02:21+00:00","twitter_card":"summary_large_image","schema":{"@context":"https:\/\/schema.org","@graph":[{"@type":"WebPage","@id":"https:\/\/www.hoteldagiacomino.it\/fr\/merci-davoir-contacte-spa-seafront","url":"https:\/\/www.hoteldagiacomino.it\/fr\/merci-davoir-contacte-spa-seafront","name":"Merci d'avoir contact\u00e9 SPA Seafront - Hotel da Giacomino - Isola d&#039;Elba","isPartOf":{"@id":"https:\/\/www.hoteldagiacomino.it\/fr#website"},"datePublished":"2026-02-13T22:11:20+00:00","dateModified":"2026-03-03T14:02:21+00:00","breadcrumb":{"@id":"https:\/\/www.hoteldagiacomino.it\/fr\/merci-davoir-contacte-spa-seafront#breadcrumb"},"inLanguage":"fr-FR","potentialAction":[{"@type":"ReadAction","target":["https:\/\/www.hoteldagiacomino.it\/fr\/merci-davoir-contacte-spa-seafront"]}]},{"@type":"BreadcrumbList","@id":"https:\/\/www.hoteldagiacomino.it\/fr\/merci-davoir-contacte-spa-seafront#breadcrumb","itemListElement":[{"@type":"ListItem","position":1,"name":"Accueil","item":"https:\/\/www.hoteldagiacomino.it\/fr"},{"@type":"ListItem","position":2,"name":"Merci d&#8217;avoir contact\u00e9 SPA Seafront"}]},{"@type":"WebSite","@id":"https:\/\/www.hoteldagiacomino.it\/fr#website","url":"https:\/\/www.hoteldagiacomino.it\/fr","name":"Hotel da Giacomino - Isola d&#039;Elba","description":"","potentialAction":[{"@type":"SearchAction","target":{"@type":"EntryPoint","urlTemplate":"https:\/\/www.hoteldagiacomino.it\/fr?s={search_term_string}"},"query-input":{"@type":"PropertyValueSpecification","valueRequired":true,"valueName":"search_term_string"}}],"inLanguage":"fr-FR"}]}},"_links":{"self":[{"href":"https:\/\/www.hoteldagiacomino.it\/fr\/wp-json\/wp\/v2\/pages\/14127","targetHints":{"allow":["GET"]}}],"collection":[{"href":"https:\/\/www.hoteldagiacomino.it\/fr\/wp-json\/wp\/v2\/pages"}],"about":[{"href":"https:\/\/www.hoteldagiacomino.it\/fr\/wp-json\/wp\/v2\/types\/page"}],"author":[{"embeddable":true,"href":"https:\/\/www.hoteldagiacomino.it\/fr\/wp-json\/wp\/v2\/users\/1"}],"replies":[{"embeddable":true,"href":"https:\/\/www.hoteldagiacomino.it\/fr\/wp-json\/wp\/v2\/comments?post=14127"}],"version-history":[{"count":2,"href":"https:\/\/www.hoteldagiacomino.it\/fr\/wp-json\/wp\/v2\/pages\/14127\/revisions"}],"predecessor-version":[{"id":14129,"href":"https:\/\/www.hoteldagiacomino.it\/fr\/wp-json\/wp\/v2\/pages\/14127\/revisions\/14129"}],"wp:attachment":[{"href":"https:\/\/www.hoteldagiacomino.it\/fr\/wp-json\/wp\/v2\/media?parent=14127"}],"curies":[{"name":"wp","href":"https:\/\/api.w.org\/{rel}","templated":true}]}}