{"id":14130,"date":"2026-02-03T14:37:45","date_gmt":"2026-02-03T13:37:45","guid":{"rendered":"https:\/\/www.grow-fast.lu\/tarifs"},"modified":"2026-03-30T14:01:54","modified_gmt":"2026-03-30T12:01:54","slug":"tarifs","status":"publish","type":"page","link":"https:\/\/www.hoteldagiacomino.it\/fr\/tarifs","title":{"rendered":"Tarifs"},"content":{"rendered":"<div class=\"wpb-content-wrapper\"><p>[vc_row css=\u00a0\u00bb.vc_custom_1474554084150{padding-bottom: 60px !important;}\u00a0\u00bb][vc_column]<div class=\"clearboth\"><\/div><style>#thegem-divider-69fdbefda0485 {margin-top: 112px !important;}<\/style><div id=\"thegem-divider-69fdbefda0485\" class=\"gem-divider  \" style=\"\" ><\/div>[vc_column_text css=\u00a0\u00bb\u00a0\u00bb css_animation=\u00a0\u00bbbottom-to-top\u00a0\u00bb]<\/p>\n<div class=\"title-h1\" style=\"text-align: center;\"><span style=\"color: #282d3c;\">Nos chambres<br \/>\n<\/span><\/div>\n<p>[\/vc_column_text]<div class=\"clearboth\"><\/div><style>#thegem-divider-69fdbefda04d2 {margin-top: -10px !important;}<\/style><div id=\"thegem-divider-69fdbefda04d2\" class=\"gem-divider  \" style=\"\" ><\/div>[vc_column_text css=\u00a0\u00bb\u00a0\u00bb css_animation=\u00a0\u00bbbottom-to-top\u00a0\u00bb]Bienvenue sur la page des tarifs de l&rsquo;H\u00f4tel da Giacomino. Vous trouverez ici des informations sur les prix de nos chambres pour vos vacances sur l&rsquo;\u00eele d&rsquo;Elbe.<\/p>\n<p><strong>Les prix varient en fonction de la saison et du nombre de personnes<\/strong>, de sorte que nous pouvons toujours vous proposer la solution la mieux adapt\u00e9e \u00e0 vos besoins. Contactez-nous pour en savoir plus.[\/vc_column_text]<style type=\"text\/css\">.thegem-button-69fdbefda0580787 .gem-button svg {fill: #FFFFFF;}.thegem-button-69fdbefda0580787 .gem-button:hover svg {fill: #9BB3DC;}<\/style><div class=\"gem-button-container gem-button-position-center thegem-button-69fdbefda0580787    \"  ><a title=\"Contattaci\" class=\"gem-button gem-button-size-medium gem-button-style-flat gem-button-text-weight-normal\" data-ll-effect=\"drop-right-without-wrap\" style=\"border-radius: 20px;background-color: #9BB3DC;color: #FFFFFF;\" onmouseleave=\"this.style.backgroundColor='#9BB3DC';this.style.color='#FFFFFF';\" onmouseenter=\"this.style.backgroundColor='#FFFFFF';this.style.color='#9BB3DC';\" href=\"\/fr\/contact\" target=\"_self\">Contactez nous<\/a><\/div> <div class=\"clearboth\"><\/div><style>#thegem-divider-69fdbefda05cb {margin-top: -10px !important;}<\/style><div id=\"thegem-divider-69fdbefda05cb\" class=\"gem-divider  \" style=\"\" ><\/div>[\/vc_column][\/vc_row][vc_row][vc_column][vc_row_inner][vc_column_inner offset=\u00a0\u00bbvc_col-lg-4 vc_col-md-offset-0 vc_col-md-4 vc_col-sm-offset-0 vc_col-xs-12&Prime;]<div class=\"lazy-loading\" data-ll-item-delay=\"0\"><div class=\"gem-textbox  lazy-loading-item\"  data-ll-effect=\"move-up\" ><div class=\"gem-textbox-picture centered-box\"><img src=\"https:\/\/www.hoteldagiacomino.it\/wp-content\/uploads\/2026\/01\/Camera-Standard-Hotel-da-Giacomino-Isola-dElba-02.jpg\" alt=\"\" class=\"img-responsive\" \/><\/div><div class=\"gem-textbox-inner gem-textbox-after-image\" style=\"border: 3px solid #ffffff;\"><div class=\"gem-textbox-content\" style=\"background-color: rgba(255,255,255,0.55);background-position: center top;\"><div class=\"clearboth\"><\/div><style>#thegem-divider-69fdbefda0930 {margin-top: -5px !important;}<\/style><div id=\"thegem-divider-69fdbefda0930\" class=\"gem-divider  \" style=\"\" ><\/div>[vc_column_text css=\u00a0\u00bb\u00a0\u00bb]<\/p>\n<div class=\"title-h4\" style=\"text-align: center;\"><span class=\"light\" style=\"color: #282d3c;\">Chambre standard<\/span><\/div>\n<p>[\/vc_column_text]<div class=\"clearboth\"><\/div><style>#thegem-divider-69fdbefda0963 {margin-top: 30px !important;}<\/style><div id=\"thegem-divider-69fdbefda0963\" class=\"gem-divider  \" style=\"\" ><\/div>[vc_column_text css=\u00a0\u00bb\u00a0\u00bb]<\/p>\n<p style=\"text-align: center;\"><span style=\"color: #282d3c;\">Max. 2 personnes<br \/>\nVue sur le jardin<\/span><\/p>\n<p>[\/vc_column_text]<div class=\"clearboth\"><\/div><style>#thegem-divider-69fdbefda0988 {margin-top: 32px !important;}<\/style><div id=\"thegem-divider-69fdbefda0988\" class=\"gem-divider  \" style=\"\" ><\/div>[vc_column_text css=\u00a0\u00bb\u00a0\u00bb]<\/p>\n<div class=\"title-h4\" style=\"text-align: center;\">de 120 \u20ac \u00e0 320 \u20ac <span style=\"color: #5f727f; font-family: 'Source Sans Pro'; font-size: 16px; font-weight: 200; text-transform: none;\">\/nuit<\/span><\/div>\n<p>[\/vc_column_text]<div class=\"clearboth\"><\/div><style>#thegem-divider-69fdbefda09a9 {margin-top: 14px !important;}<\/style><div id=\"thegem-divider-69fdbefda09a9\" class=\"gem-divider  \" style=\"\" ><\/div><style type=\"text\/css\">.thegem-button-69fdbefda0a2c4476 .gem-button svg {fill: #FFFFFF;}.thegem-button-69fdbefda0a2c4476 .gem-button:hover svg {fill: #9BB3DC;}<\/style><div class=\"gem-button-container gem-button-position-center thegem-button-69fdbefda0a2c4476    \"  ><a title=\"Scopri la stanza\" class=\"gem-button gem-button-size-medium gem-button-style-flat gem-button-text-weight-normal\" data-ll-effect=\"drop-right-without-wrap\" style=\"border-radius: 20px;background-color: #9BB3DC;color: #FFFFFF;\" onmouseleave=\"this.style.backgroundColor='#9BB3DC';this.style.color='#FFFFFF';\" onmouseenter=\"this.style.backgroundColor='#FFFFFF';this.style.color='#9BB3DC';\" href=\"\/fr\/chambres\/chambre-standard\" target=\"_self\">D\u00e9couvrez la salle<\/a><\/div> <\/div><\/div><\/div><\/div>[\/vc_column_inner][vc_column_inner offset=\u00a0\u00bbvc_col-lg-4 vc_col-md-offset-0 vc_col-md-4 vc_col-sm-offset-0 vc_col-xs-12&Prime;]<div class=\"lazy-loading\" data-ll-item-delay=\"0\"><div class=\"gem-textbox  lazy-loading-item\"  data-ll-effect=\"move-up\" ><div class=\"gem-textbox-picture centered-box\"><img src=\"https:\/\/www.hoteldagiacomino.it\/wp-content\/uploads\/2026\/01\/Camera-Superior-06.jpg\" alt=\"\" class=\"img-responsive\" \/><\/div><div class=\"gem-textbox-inner gem-textbox-after-image\" style=\"border: 3px solid #ffffff;\"><div class=\"gem-textbox-content\" style=\"background-color: rgba(255,255,255,0.55);background-position: center top;\"><div class=\"clearboth\"><\/div><style>#thegem-divider-69fdbefda0cb7 {margin-top: -5px !important;}<\/style><div id=\"thegem-divider-69fdbefda0cb7\" class=\"gem-divider  \" style=\"\" ><\/div>[vc_column_text css=\u00a0\u00bb\u00a0\u00bb]<\/p>\n<div class=\"title-h4\" style=\"text-align: center;\"><span class=\"light\" style=\"color: #282d3c;\">Chambre Superior<\/span><\/div>\n<p>[\/vc_column_text]<div class=\"clearboth\"><\/div><style>#thegem-divider-69fdbefda0ce2 {margin-top: 30px !important;}<\/style><div id=\"thegem-divider-69fdbefda0ce2\" class=\"gem-divider  \" style=\"\" ><\/div>[vc_column_text css=\u00a0\u00bb\u00a0\u00bb]<\/p>\n<p style=\"text-align: center;\"><span style=\"color: #282d3c;\">Max. 2 personnes<br \/>\nVue sur la mer<\/span><\/p>\n<p>[\/vc_column_text]<div class=\"clearboth\"><\/div><style>#thegem-divider-69fdbefda0d05 {margin-top: 32px !important;}<\/style><div id=\"thegem-divider-69fdbefda0d05\" class=\"gem-divider  \" style=\"\" ><\/div>[vc_column_text css=\u00a0\u00bb\u00a0\u00bb]<\/p>\n<div class=\"title-h4\" style=\"text-align: center;\">de 160 \u20ac \u00e0 360 \u20ac <span style=\"color: #5f727f; font-family: 'Source Sans Pro'; font-size: 16px; font-weight: 200; text-transform: none;\">\/nuit<\/span><\/div>\n<p>[\/vc_column_text]<div class=\"clearboth\"><\/div><style>#thegem-divider-69fdbefda0d25 {margin-top: 14px !important;}<\/style><div id=\"thegem-divider-69fdbefda0d25\" class=\"gem-divider  \" style=\"\" ><\/div><style type=\"text\/css\">.thegem-button-69fdbefda0d7f8908 .gem-button svg {fill: #FFFFFF;}.thegem-button-69fdbefda0d7f8908 .gem-button:hover svg {fill: #9BB3DC;}<\/style><div class=\"gem-button-container gem-button-position-center thegem-button-69fdbefda0d7f8908    \"  ><a title=\"Scopri la stanza\" class=\"gem-button gem-button-size-medium gem-button-style-flat gem-button-text-weight-normal\" data-ll-effect=\"drop-right-without-wrap\" style=\"border-radius: 20px;background-color: #9BB3DC;color: #FFFFFF;\" onmouseleave=\"this.style.backgroundColor='#9BB3DC';this.style.color='#FFFFFF';\" onmouseenter=\"this.style.backgroundColor='#FFFFFF';this.style.color='#9BB3DC';\" href=\"\/fr\/chambres\/chambre-superior\" target=\"_self\">D\u00e9couvrez la salle<\/a><\/div> <\/div><\/div><\/div><\/div>[\/vc_column_inner][vc_column_inner offset=\u00a0\u00bbvc_col-lg-offset-0 vc_col-lg-4 vc_col-md-offset-0 vc_col-md-4 vc_col-sm-offset-0 vc_col-xs-12&Prime;]<div class=\"lazy-loading\" data-ll-item-delay=\"0\"><div class=\"gem-textbox  lazy-loading-item\"  data-ll-effect=\"move-up\" ><div class=\"gem-textbox-picture centered-box\"><img src=\"https:\/\/www.hoteldagiacomino.it\/wp-content\/uploads\/2026\/01\/Camera-Familiare-Hotel-da-Giacomino-Isola-dElba-02.jpg\" alt=\"\" class=\"img-responsive\" \/><\/div><div class=\"gem-textbox-inner gem-textbox-after-image\" style=\"border: 3px solid #ffffff;\"><div class=\"gem-textbox-content\" style=\"background-color: rgba(255,255,255,0.55);background-position: center top;\"><div class=\"clearboth\"><\/div><style>#thegem-divider-69fdbefda0fc2 {margin-top: -5px !important;}<\/style><div id=\"thegem-divider-69fdbefda0fc2\" class=\"gem-divider  \" style=\"\" ><\/div>[vc_column_text css=\u00a0\u00bb\u00a0\u00bb]<\/p>\n<div class=\"title-h4\" style=\"text-align: center;\"><span class=\"light\" style=\"color: #282d3c;\">Chambre Deluxe<\/span><\/div>\n<p>[\/vc_column_text]<div class=\"clearboth\"><\/div><style>#thegem-divider-69fdbefda0fea {margin-top: 30px !important;}<\/style><div id=\"thegem-divider-69fdbefda0fea\" class=\"gem-divider  \" style=\"\" ><\/div>[vc_column_text css=\u00a0\u00bb\u00a0\u00bb]<\/p>\n<p style=\"text-align: center;\"><span style=\"color: #282d3c;\">3 \u00e0 5 personnes<br \/>\nVue sur la mer ou le jardin<\/span><\/p>\n<p>[\/vc_column_text]<div class=\"clearboth\"><\/div><style>#thegem-divider-69fdbefda100b {margin-top: 32px !important;}<\/style><div id=\"thegem-divider-69fdbefda100b\" class=\"gem-divider  \" style=\"\" ><\/div>[vc_column_text css=\u00a0\u00bb\u00a0\u00bb]<\/p>\n<div class=\"title-h4\" style=\"text-align: center;\">de 250 \u20ac \u00e0 520 \u20ac <span style=\"color: #5f727f; font-family: 'Source Sans Pro'; font-size: 16px; font-weight: 200; text-transform: none;\">\/nuit<\/span><\/div>\n<p>[\/vc_column_text]<div class=\"clearboth\"><\/div><style>#thegem-divider-69fdbefda102a {margin-top: 14px !important;}<\/style><div id=\"thegem-divider-69fdbefda102a\" class=\"gem-divider  \" style=\"\" ><\/div><style type=\"text\/css\">.thegem-button-69fdbefda107f3153 .gem-button svg {fill: #FFFFFF;}.thegem-button-69fdbefda107f3153 .gem-button:hover svg {fill: #9BB3DC;}<\/style><div class=\"gem-button-container gem-button-position-center thegem-button-69fdbefda107f3153    \"  ><a title=\"Scopri la stanza\" class=\"gem-button gem-button-size-medium gem-button-style-flat gem-button-text-weight-normal\" data-ll-effect=\"drop-right-without-wrap\" style=\"border-radius: 20px;background-color: #9BB3DC;color: #FFFFFF;\" onmouseleave=\"this.style.backgroundColor='#9BB3DC';this.style.color='#FFFFFF';\" onmouseenter=\"this.style.backgroundColor='#FFFFFF';this.style.color='#9BB3DC';\" href=\"\/fr\/chambres\/chambre-deluxe\" target=\"_self\">D\u00e9couvrez la salle<\/a><\/div> <\/div><\/div><\/div><\/div>[\/vc_column_inner][\/vc_row_inner][\/vc_column][\/vc_row][vc_row][vc_column][vc_column_text css=\u00a0\u00bb\u00a0\u00bb]<\/p>\n<h3 style=\"text-align: center;\">Ce qui influence le prix<\/h3>\n<p>Les tarifs des chambres peuvent varier en fonction de :<\/p>\n<ul>\n<li>Saison touristique (basse, moyenne ou haute saison)<\/li>\n<li>Nombre de personnes par chambre<\/li>\n<li>Traitement choisi : demi-pension ou pension compl\u00e8te<\/li>\n<\/ul>\n<p>Contactez-nous pour un devis personnalis\u00e9 en fonction de vos besoins.[\/vc_column_text]<div class=\"clearboth\"><\/div><style>#thegem-divider-69fdbefda10f4 {margin-top: 30px !important;}<\/style><div id=\"thegem-divider-69fdbefda10f4\" class=\"gem-divider  \" style=\"\" ><\/div>[\/vc_column][\/vc_row]<\/p>\n<\/div>","protected":false},"excerpt":{"rendered":"<p>[vc_row css=\u00a0\u00bb.vc_custom_1474554084150{padding-bottom: 60px !important;}\u00a0\u00bb][vc_column][vc_column_text css=\u00a0\u00bb\u00a0\u00bb css_animation=\u00a0\u00bbbottom-to-top\u00a0\u00bb] Nos chambres [\/vc_column_text][vc_column_text css=\u00a0\u00bb\u00a0\u00bb css_animation=\u00a0\u00bbbottom-to-top\u00a0\u00bb]Bienvenue sur la page des tarifs de l&rsquo;H\u00f4tel da Giacomino&#8230;.<\/p>\n","protected":false},"author":1,"featured_media":0,"parent":0,"menu_order":0,"comment_status":"closed","ping_status":"closed","template":"","meta":{"footnotes":""},"class_list":["post-14130","page","type-page","status-publish"],"yoast_head":"<!-- This site is optimized with the Yoast SEO plugin v26.9 - https:\/\/yoast.com\/product\/yoast-seo-wordpress\/ -->\n<title>Tarifs - Hotel da Giacomino - Isola d&#039;Elba<\/title>\n<meta name=\"description\" content=\"D\u00e9couvrez les tarifs de l&#039;h\u00f4tel Da Giacomino sur l&#039;\u00eele d&#039;Elbe. Chambres avec vue sur le jardin ou sur la mer. Contactez-nous pour un devis.\" \/>\n<meta name=\"robots\" content=\"index, follow, max-snippet:-1, max-image-preview:large, max-video-preview:-1\" \/>\n<link rel=\"canonical\" href=\"https:\/\/www.hoteldagiacomino.it\/fr\/tarifs\" \/>\n<meta property=\"og:locale\" content=\"fr_FR\" \/>\n<meta property=\"og:type\" content=\"article\" \/>\n<meta property=\"og:title\" content=\"Tarifs - Hotel da Giacomino - Isola d&#039;Elba\" \/>\n<meta property=\"og:description\" content=\"D\u00e9couvrez les tarifs de l&#039;h\u00f4tel Da Giacomino sur l&#039;\u00eele d&#039;Elbe. Chambres avec vue sur le jardin ou sur la mer. Contactez-nous pour un devis.\" \/>\n<meta property=\"og:url\" content=\"https:\/\/www.hoteldagiacomino.it\/fr\/tarifs\" \/>\n<meta property=\"og:site_name\" content=\"Hotel da Giacomino - Isola d&#039;Elba\" \/>\n<meta property=\"article:modified_time\" content=\"2026-03-30T12:01:54+00:00\" \/>\n<meta name=\"twitter:card\" content=\"summary_large_image\" \/>\n<meta name=\"twitter:label1\" content=\"Dur\u00e9e de lecture estim\u00e9e\" \/>\n\t<meta name=\"twitter:data1\" content=\"3 minutes\" \/>\n<script type=\"application\/ld+json\" class=\"yoast-schema-graph\">{\"@context\":\"https:\/\/schema.org\",\"@graph\":[{\"@type\":\"WebPage\",\"@id\":\"https:\/\/www.hoteldagiacomino.it\/fr\/tarifs\",\"url\":\"https:\/\/www.hoteldagiacomino.it\/fr\/tarifs\",\"name\":\"Tarifs - Hotel da Giacomino - Isola d&#039;Elba\",\"isPartOf\":{\"@id\":\"https:\/\/www.hoteldagiacomino.it\/fr#website\"},\"datePublished\":\"2026-02-03T13:37:45+00:00\",\"dateModified\":\"2026-03-30T12:01:54+00:00\",\"description\":\"D\u00e9couvrez les tarifs de l'h\u00f4tel Da Giacomino sur l'\u00eele d'Elbe. Chambres avec vue sur le jardin ou sur la mer. Contactez-nous pour un devis.\",\"breadcrumb\":{\"@id\":\"https:\/\/www.hoteldagiacomino.it\/fr\/tarifs#breadcrumb\"},\"inLanguage\":\"fr-FR\",\"potentialAction\":[{\"@type\":\"ReadAction\",\"target\":[\"https:\/\/www.hoteldagiacomino.it\/fr\/tarifs\"]}]},{\"@type\":\"BreadcrumbList\",\"@id\":\"https:\/\/www.hoteldagiacomino.it\/fr\/tarifs#breadcrumb\",\"itemListElement\":[{\"@type\":\"ListItem\",\"position\":1,\"name\":\"Accueil\",\"item\":\"https:\/\/www.hoteldagiacomino.it\/fr\"},{\"@type\":\"ListItem\",\"position\":2,\"name\":\"Tarifs\"}]},{\"@type\":\"WebSite\",\"@id\":\"https:\/\/www.hoteldagiacomino.it\/fr#website\",\"url\":\"https:\/\/www.hoteldagiacomino.it\/fr\",\"name\":\"Hotel da Giacomino - Isola d&#039;Elba\",\"description\":\"\",\"potentialAction\":[{\"@type\":\"SearchAction\",\"target\":{\"@type\":\"EntryPoint\",\"urlTemplate\":\"https:\/\/www.hoteldagiacomino.it\/fr?s={search_term_string}\"},\"query-input\":{\"@type\":\"PropertyValueSpecification\",\"valueRequired\":true,\"valueName\":\"search_term_string\"}}],\"inLanguage\":\"fr-FR\"}]}<\/script>\n<!-- \/ Yoast SEO plugin. -->","yoast_head_json":{"title":"Tarifs - Hotel da Giacomino - Isola d&#039;Elba","description":"D\u00e9couvrez les tarifs de l'h\u00f4tel Da Giacomino sur l'\u00eele d'Elbe. Chambres avec vue sur le jardin ou sur la mer. Contactez-nous pour un devis.","robots":{"index":"index","follow":"follow","max-snippet":"max-snippet:-1","max-image-preview":"max-image-preview:large","max-video-preview":"max-video-preview:-1"},"canonical":"https:\/\/www.hoteldagiacomino.it\/fr\/tarifs","og_locale":"fr_FR","og_type":"article","og_title":"Tarifs - Hotel da Giacomino - Isola d&#039;Elba","og_description":"D\u00e9couvrez les tarifs de l'h\u00f4tel Da Giacomino sur l'\u00eele d'Elbe. Chambres avec vue sur le jardin ou sur la mer. Contactez-nous pour un devis.","og_url":"https:\/\/www.hoteldagiacomino.it\/fr\/tarifs","og_site_name":"Hotel da Giacomino - Isola d&#039;Elba","article_modified_time":"2026-03-30T12:01:54+00:00","twitter_card":"summary_large_image","twitter_misc":{"Dur\u00e9e de lecture estim\u00e9e":"3 minutes"},"schema":{"@context":"https:\/\/schema.org","@graph":[{"@type":"WebPage","@id":"https:\/\/www.hoteldagiacomino.it\/fr\/tarifs","url":"https:\/\/www.hoteldagiacomino.it\/fr\/tarifs","name":"Tarifs - Hotel da Giacomino - Isola d&#039;Elba","isPartOf":{"@id":"https:\/\/www.hoteldagiacomino.it\/fr#website"},"datePublished":"2026-02-03T13:37:45+00:00","dateModified":"2026-03-30T12:01:54+00:00","description":"D\u00e9couvrez les tarifs de l'h\u00f4tel Da Giacomino sur l'\u00eele d'Elbe. Chambres avec vue sur le jardin ou sur la mer. Contactez-nous pour un devis.","breadcrumb":{"@id":"https:\/\/www.hoteldagiacomino.it\/fr\/tarifs#breadcrumb"},"inLanguage":"fr-FR","potentialAction":[{"@type":"ReadAction","target":["https:\/\/www.hoteldagiacomino.it\/fr\/tarifs"]}]},{"@type":"BreadcrumbList","@id":"https:\/\/www.hoteldagiacomino.it\/fr\/tarifs#breadcrumb","itemListElement":[{"@type":"ListItem","position":1,"name":"Accueil","item":"https:\/\/www.hoteldagiacomino.it\/fr"},{"@type":"ListItem","position":2,"name":"Tarifs"}]},{"@type":"WebSite","@id":"https:\/\/www.hoteldagiacomino.it\/fr#website","url":"https:\/\/www.hoteldagiacomino.it\/fr","name":"Hotel da Giacomino - Isola d&#039;Elba","description":"","potentialAction":[{"@type":"SearchAction","target":{"@type":"EntryPoint","urlTemplate":"https:\/\/www.hoteldagiacomino.it\/fr?s={search_term_string}"},"query-input":{"@type":"PropertyValueSpecification","valueRequired":true,"valueName":"search_term_string"}}],"inLanguage":"fr-FR"}]}},"_links":{"self":[{"href":"https:\/\/www.hoteldagiacomino.it\/fr\/wp-json\/wp\/v2\/pages\/14130","targetHints":{"allow":["GET"]}}],"collection":[{"href":"https:\/\/www.hoteldagiacomino.it\/fr\/wp-json\/wp\/v2\/pages"}],"about":[{"href":"https:\/\/www.hoteldagiacomino.it\/fr\/wp-json\/wp\/v2\/types\/page"}],"author":[{"embeddable":true,"href":"https:\/\/www.hoteldagiacomino.it\/fr\/wp-json\/wp\/v2\/users\/1"}],"replies":[{"embeddable":true,"href":"https:\/\/www.hoteldagiacomino.it\/fr\/wp-json\/wp\/v2\/comments?post=14130"}],"version-history":[{"count":7,"href":"https:\/\/www.hoteldagiacomino.it\/fr\/wp-json\/wp\/v2\/pages\/14130\/revisions"}],"predecessor-version":[{"id":14574,"href":"https:\/\/www.hoteldagiacomino.it\/fr\/wp-json\/wp\/v2\/pages\/14130\/revisions\/14574"}],"wp:attachment":[{"href":"https:\/\/www.hoteldagiacomino.it\/fr\/wp-json\/wp\/v2\/media?parent=14130"}],"curies":[{"name":"wp","href":"https:\/\/api.w.org\/{rel}","templated":true}]}}