{"id":14138,"date":"2026-01-29T21:48:40","date_gmt":"2026-01-29T20:48:40","guid":{"rendered":"https:\/\/www.grow-fast.lu\/restaurant"},"modified":"2026-04-07T20:29:44","modified_gmt":"2026-04-07T18:29:44","slug":"restaurant","status":"publish","type":"page","link":"https:\/\/www.hoteldagiacomino.it\/fr\/hotel\/restaurant","title":{"rendered":"Restaurant"},"content":{"rendered":"<div class=\"wpb-content-wrapper\"><p>[vc_row full_width=\u00a0\u00bbstretch_row\u00a0\u00bb css=\u00a0\u00bb.vc_custom_1539873101225{margin-top: 0px !important;margin-bottom: 0px !important;padding-top: 140px !important;padding-bottom: 40px !important;}\u00a0\u00bb][vc_column][vc_column_text css=\u00a0\u00bb\u00a0\u00bb css_animation=\u00a0\u00bbbottom-to-top\u00a0\u00bb el_class=\u00a0\u00bbuppercase-disable\u00a0\u00bb]<\/p>\n<div class=\"title-h1\" style=\"text-align: center;\">Saveurs m\u00e9diterran\u00e9ennes<br \/>\navec Vue sur la mer<\/div>\n<p>[\/vc_column_text]<div class=\"clearboth\"><\/div><style>#thegem-divider-69fdbf0a1c88d {margin-top: 35px !important;}<\/style><div id=\"thegem-divider-69fdbf0a1c88d\" class=\"gem-divider  \" style=\"\" ><\/div>[vc_single_image image=\u00a0\u00bb14145&Prime; img_size=\u00a0\u00bbfull\u00a0\u00bb alignment=\u00a0\u00bbcenter\u00a0\u00bb css=\u00a0\u00bb\u00a0\u00bb][\/vc_column][\/vc_row][vc_row css=\u00a0\u00bb.vc_custom_1539873119292{margin-top: 0px !important;margin-bottom: 0px !important;padding-top: 0px !important;padding-bottom: 150px !important;}\u00a0\u00bb][vc_column width=\u00a0\u00bb1\/2&Prime; offset=\u00a0\u00bbvc_col-lg-6 vc_col-md-6 vc_col-xs-12&Prime;][vc_column_text css=\u00a0\u00bb\u00a0\u00bb]<\/p>\n<h3>Une exp\u00e9rience culinaire atmosph\u00e9rique sur l&rsquo;\u00eele d&rsquo;Elbe<\/h3>\n<p>[\/vc_column_text]<div class=\"clearboth\"><\/div><style>#thegem-divider-69fdbf0a1c8d7 {margin-top: 60px !important;}<\/style><div id=\"thegem-divider-69fdbf0a1c8d7\" class=\"gem-divider  \" style=\"\" ><\/div>[vc_column_text css=\u00a0\u00bb\u00a0\u00bb css_animation=\u00a0\u00bbbottom-to-top\u00a0\u00bb]<\/p>\n<div class=\"styled-subtitle\">\n<p>\u00c0 l&rsquo;h\u00f4tel da Giacomino, la cuisine est un \u00e9l\u00e9ment central de l&rsquo;exp\u00e9rience des vacances : des plats authentiques, des ingr\u00e9dients frais et une vue \u00e0 couper le souffle font de chaque repas un moment sp\u00e9cial. Du petit-d\u00e9jeuner buffet aux d\u00eeners typiquement m\u00e9diterran\u00e9ens, tout est servi \u00e0 l&rsquo;ext\u00e9rieur sur la terrasse panoramique qui surplombe la mer de Sant&rsquo;Andrea.<\/p>\n<p>Notre gastronomie allie saveur, tradition et convivialit\u00e9 : plats de poisson et de viande, entr\u00e9es m\u00e9diterran\u00e9ennes et accompagnements avec les l\u00e9gumes frais sont pr\u00e9par\u00e9s avec passion par la famille propri\u00e9taire, pour une exp\u00e9rience authentique et inoubliable.<\/p>\n<\/div>\n<p>[\/vc_column_text][\/vc_column][vc_column width=\u00a0\u00bb1\/2&Prime; thegem_content_alignment=\u00a0\u00bbcenter\u00a0\u00bb background_position_desktop=\u00a0\u00bbcenter center\u00a0\u00bb offset=\u00a0\u00bbvc_col-lg-6 vc_col-md-6 vc_col-xs-12&Prime;]<div class=\"clearboth\"><\/div><style>#thegem-divider-69fdbf0a1c904 {margin-top: 150px !important;}<\/style><div id=\"thegem-divider-69fdbf0a1c904\" class=\"gem-divider  \" style=\"\" ><\/div>[vc_gallery interval=\u00a0\u00bb3&Prime; images=\u00a0\u00bb14140,14141,14144,14143,14139,14142&Prime; img_size=\u00a0\u00bbfull\u00a0\u00bb css=\u00a0\u00bb\u00a0\u00bb][\/vc_column][vc_column][vc_column_text css=\u00a0\u00bb\u00a0\u00bb css_animation=\u00a0\u00bbbottom-to-top\u00a0\u00bb]<\/p>\n<div class=\"styled-subtitle\">\n<p>Choisir le restaurant et la terrasse de l&rsquo;h\u00f4tel da Giacomino, c&rsquo;est faire de vos vacances une exp\u00e9rience compl\u00e8te : des saveurs authentiques, des paysages \u00e9vocateurs et une atmosph\u00e8re m\u00e9diterran\u00e9enne, au c\u0153ur de la belle ville de Sant&rsquo;Andrea, sur l&rsquo;\u00eele d&rsquo;Elbe.<\/p>\n<\/div>\n<p>[\/vc_column_text]<style type=\"text\/css\">.thegem-button-69fdbf0a1c99b3454 .gem-button svg {fill: #FFFFFF;}.thegem-button-69fdbf0a1c99b3454 .gem-button:hover svg {fill: #9BB3DC;}<\/style><div class=\"gem-button-container gem-button-position-center thegem-button-69fdbf0a1c99b3454    \"  ><a title=\"Contattaci\" class=\"gem-button gem-button-size-medium gem-button-style-flat gem-button-text-weight-normal\" data-ll-effect=\"drop-right-without-wrap\" style=\"border-radius: 20px;background-color: #9BB3DC;color: #FFFFFF;\" onmouseleave=\"this.style.backgroundColor='#9BB3DC';this.style.color='#FFFFFF';\" onmouseenter=\"this.style.backgroundColor='#FFFFFF';this.style.color='#9BB3DC';\" href=\"\/fr\/contact\" target=\"_self\">Contactez nous<\/a><\/div> [\/vc_column][\/vc_row][vc_row full_width=\u00a0\u00bbstretch_row\u00a0\u00bb css=\u00a0\u00bb.vc_custom_1769518033094{margin-top: 0px !important;margin-bottom: -150px !important;padding-top: 100px !important;padding-bottom: 120px !important;background-image: url(https:\/\/www.hoteldagiacomino.it\/wp-content\/uploads\/2018\/10\/5-2.jpg?id=236) !important;background-position: center !important;background-repeat: no-repeat !important;background-size: cover !important;}\u00a0\u00bb][vc_column][vc_column_text css=\u00a0\u00bb\u00a0\u00bb css_animation=\u00a0\u00bbbottom-to-top\u00a0\u00bb el_class=\u00a0\u00bbuppercase-disable\u00a0\u00bb]<\/p>\n<div class=\"title-h1\" style=\"text-align: center;\">CARACT\u00c9RISTIQUES<\/div>\n<p>[\/vc_column_text]<div class=\"clearboth\"><\/div><style>#thegem-divider-69fdbf0a1c9f9 {margin-top: 35px !important;}<\/style><div id=\"thegem-divider-69fdbf0a1c9f9\" class=\"gem-divider  \" style=\"\" ><\/div>[vc_single_image image=\u00a0\u00bb14145&Prime; img_size=\u00a0\u00bbfull\u00a0\u00bb alignment=\u00a0\u00bbcenter\u00a0\u00bb css=\u00a0\u00bb\u00a0\u00bb]<div class=\"clearboth\"><\/div><style>#thegem-divider-69fdbf0a1ca25 {margin-top: 60px !important;}<\/style><div id=\"thegem-divider-69fdbf0a1ca25\" class=\"gem-divider  \" style=\"\" ><\/div>[\/vc_column][vc_column width=\u00a0\u00bb1\/2&Prime; offset=\u00a0\u00bbvc_col-lg-3 vc_col-md-6 vc_col-xs-12&Prime;]<div class=\"lazy-loading\" data-ll-item-delay=\"0\"><div class=\"gem-textbox  lazy-loading-item\"  data-ll-effect=\"move-up\" ><div class=\"gem-textbox-inner\" style=\"\"><div class=\"gem-textbox-content\" style=\"background-color: #ffffff;background-position: center top;padding-top: 50px;padding-bottom: 55px;\"><div class=\"gem-icon gem-icon-pack-fontawesome gem-icon-size-medium  gem-icon-shape-square gem-simple-icon\"  style=\"opacity: 1;\"><div class=\"gem-icon-inner\" style=\"\"><span class=\"gem-icon-half-1\" style=\"color: #5A90D7;\"><span class=\"back-angle\">&#xf0f4;<\/span><\/span><span class=\"gem-icon-half-2\" style=\"color: #5A90D7;\"><span class=\"back-angle\">&#xf0f4;<\/span><\/span><\/div><\/div><div class=\"clearboth\"><\/div><style>#thegem-divider-69fdbf0a1cb31 {margin-top: 40px !important;}<\/style><div id=\"thegem-divider-69fdbf0a1cb31\" class=\"gem-divider  \" style=\"\" ><\/div>[vc_column_text css=\u00a0\u00bb\u00a0\u00bb]<\/p>\n<div class=\"title-h5\"><span class=\"light\">Petit d\u00e9jeuner panoramique<\/span><\/div>\n<p>[\/vc_column_text][vc_column_text css=\u00a0\u00bb\u00a0\u00bb]Un petit d\u00e9jeuner buffet compos\u00e9 de produits frais et de p\u00e2tisseries maison est le moyen id\u00e9al de commencer la journ\u00e9e tout en profitant de la vue sur le golfe de Sant&rsquo;Andrea.[\/vc_column_text]<\/div><\/div><\/div><\/div>[\/vc_column][vc_column width=\u00a0\u00bb1\/2&Prime; offset=\u00a0\u00bbvc_col-lg-3 vc_col-md-6 vc_col-xs-12&Prime;]<div class=\"lazy-loading\" data-ll-item-delay=\"0\"><div class=\"gem-textbox  lazy-loading-item\"  data-ll-effect=\"move-up\" ><div class=\"gem-textbox-inner\" style=\"\"><div class=\"gem-textbox-content\" style=\"background-color: #ffffff;background-position: center top;padding-top: 50px;padding-bottom: 50px;\"><div class=\"gem-icon gem-icon-pack-material gem-icon-size-medium  gem-icon-shape-square gem-simple-icon\"  style=\"opacity: 1;\"><div class=\"gem-icon-inner\" style=\"\"><span class=\"gem-icon-half-1\" style=\"color: #5A90D7;\"><span class=\"back-angle\">&#xf4fe;<\/span><\/span><span class=\"gem-icon-half-2\" style=\"color: #5A90D7;\"><span class=\"back-angle\">&#xf4fe;<\/span><\/span><\/div><\/div><div class=\"clearboth\"><\/div><style>#thegem-divider-69fdbf0a1cbdd {margin-top: 40px !important;}<\/style><div id=\"thegem-divider-69fdbf0a1cbdd\" class=\"gem-divider  \" style=\"\" ><\/div>[vc_column_text css=\u00a0\u00bb\u00a0\u00bb]<\/p>\n<div class=\"title-h5\"><span class=\"light\">D\u00e9jeuners et d\u00eeners m\u00e9diterran\u00e9ens<\/span><\/div>\n<p>[\/vc_column_text][vc_column_text css=\u00a0\u00bb\u00a0\u00bb]Un large choix de plats de poisson et de viande, avec des recettes traditionnelles et des accompagnements pr\u00e9par\u00e9s avec des ingr\u00e9dients frais.[\/vc_column_text]<\/div><\/div><\/div><\/div>[\/vc_column][vc_column width=\u00a0\u00bb1\/2&Prime; offset=\u00a0\u00bbvc_col-lg-3 vc_col-md-6 vc_col-xs-12&Prime;]<div class=\"lazy-loading\" data-ll-item-delay=\"0\"><div class=\"gem-textbox  lazy-loading-item\"  data-ll-effect=\"move-up\" ><div class=\"gem-textbox-inner\" style=\"\"><div class=\"gem-textbox-content\" style=\"background-color: #ffffff;background-position: center top;padding-top: 50px;padding-bottom: 75px;\"><div class=\"gem-icon gem-icon-pack-material gem-icon-size-medium  gem-icon-shape-square gem-simple-icon\"  style=\"opacity: 1;\"><div class=\"gem-icon-inner\" style=\"\"><span class=\"gem-icon-half-1\" style=\"color: #5A90D7;\"><span class=\"back-angle\">&#xf5cc;<\/span><\/span><span class=\"gem-icon-half-2\" style=\"color: #5A90D7;\"><span class=\"back-angle\">&#xf5cc;<\/span><\/span><\/div><\/div><div class=\"clearboth\"><\/div><style>#thegem-divider-69fdbf0a1cc72 {margin-top: 40px !important;}<\/style><div id=\"thegem-divider-69fdbf0a1cc72\" class=\"gem-divider  \" style=\"\" ><\/div>[vc_column_text css=\u00a0\u00bb\u00a0\u00bb]<\/p>\n<div class=\"title-h5\"><span class=\"light\">Terrasse vue mer<\/span><\/div>\n<p>[\/vc_column_text][vc_column_text css=\u00a0\u00bb.vc_custom_1769720602896{margin-bottom: 27px !important;}\u00a0\u00bb]La terrasse panoramique avec vue sur la mer est l&rsquo;espace id\u00e9al pour savourer chaque plat, entour\u00e9 des couleurs intenses de la mer.[\/vc_column_text]<\/div><\/div><\/div><\/div>[\/vc_column][vc_column width=\u00a0\u00bb1\/2&Prime; offset=\u00a0\u00bbvc_col-lg-3 vc_col-md-6 vc_col-xs-12&Prime;]<div class=\"lazy-loading\" data-ll-item-delay=\"0\"><div class=\"gem-textbox  lazy-loading-item\"  data-ll-effect=\"move-up\" ><div class=\"gem-textbox-inner\" style=\"\"><div class=\"gem-textbox-content\" style=\"background-color: #ffffff;background-position: center top;padding-top: 50px;padding-bottom: 70px;\"><div class=\"gem-icon gem-icon-pack-fontawesome gem-icon-size-medium  gem-icon-shape-square gem-simple-icon\"  style=\"opacity: 1;\"><div class=\"gem-icon-inner\" style=\"\"><span class=\"gem-icon-half-1\" style=\"color: #5A90D7;\"><span class=\"back-angle\">&#xf000;<\/span><\/span><span class=\"gem-icon-half-2\" style=\"color: #5A90D7;\"><span class=\"back-angle\">&#xf000;<\/span><\/span><\/div><\/div><div class=\"clearboth\"><\/div><style>#thegem-divider-69fdbf0a1cd0d {margin-top: 40px !important;}<\/style><div id=\"thegem-divider-69fdbf0a1cd0d\" class=\"gem-divider  \" style=\"\" ><\/div>[vc_column_text css=\u00a0\u00bb\u00a0\u00bb]<\/p>\n<div class=\"title-h5\"><span class=\"light\">Ap\u00e9ritifs au coucher du soleil<\/span><\/div>\n<p>[\/vc_column_text][vc_column_text css=\u00a0\u00bb\u00a0\u00bb]Outre les repas principaux, la terrasse est id\u00e9ale pour les ap\u00e9ritifs au coucher du soleil, un moment de d\u00e9tente avec vue sur la mer.[\/vc_column_text]<\/div><\/div><\/div><\/div>[\/vc_column][\/vc_row]<\/p>\n<\/div>","protected":false},"excerpt":{"rendered":"<p>[vc_row full_width=\u00a0\u00bbstretch_row\u00a0\u00bb css=\u00a0\u00bb.vc_custom_1539873101225{margin-top: 0px !important;margin-bottom: 0px !important;padding-top: 140px !important;padding-bottom: 40px !important;}\u00a0\u00bb][vc_column][vc_column_text css=\u00a0\u00bb\u00a0\u00bb css_animation=\u00a0\u00bbbottom-to-top\u00a0\u00bb el_class=\u00a0\u00bbuppercase-disable\u00a0\u00bb] Saveurs m\u00e9diterran\u00e9ennes avec Vue sur la&#8230;<\/p>\n","protected":false},"author":1,"featured_media":0,"parent":14198,"menu_order":0,"comment_status":"closed","ping_status":"open","template":"","meta":{"footnotes":""},"class_list":["post-14138","page","type-page","status-publish"],"yoast_head":"<!-- This site is optimized with the Yoast SEO plugin v26.9 - https:\/\/yoast.com\/product\/yoast-seo-wordpress\/ -->\n<title>Restaurant - Hotel da Giacomino - Isola d&#039;Elba<\/title>\n<meta name=\"description\" content=\"Restaurant avec vue sur la mer \u00e0 l&#039;h\u00f4tel Da Giacomino, \u00eele d&#039;Elbe. Petit-d\u00e9jeuner buffet et restaurant \u00e0 base de produits frais.\" \/>\n<meta name=\"robots\" content=\"index, follow, max-snippet:-1, max-image-preview:large, max-video-preview:-1\" \/>\n<link rel=\"canonical\" href=\"https:\/\/www.hoteldagiacomino.it\/fr\/hotel\/restaurant\" \/>\n<meta property=\"og:locale\" content=\"fr_FR\" \/>\n<meta property=\"og:type\" content=\"article\" \/>\n<meta property=\"og:title\" content=\"Restaurant - Hotel da Giacomino - Isola d&#039;Elba\" \/>\n<meta property=\"og:description\" content=\"Restaurant avec vue sur la mer \u00e0 l&#039;h\u00f4tel Da Giacomino, \u00eele d&#039;Elbe. Petit-d\u00e9jeuner buffet et restaurant \u00e0 base de produits frais.\" \/>\n<meta property=\"og:url\" content=\"https:\/\/www.hoteldagiacomino.it\/fr\/hotel\/restaurant\" \/>\n<meta property=\"og:site_name\" content=\"Hotel da Giacomino - Isola d&#039;Elba\" \/>\n<meta property=\"article:modified_time\" content=\"2026-04-07T18:29:44+00:00\" \/>\n<meta name=\"twitter:card\" content=\"summary_large_image\" \/>\n<meta name=\"twitter:label1\" content=\"Dur\u00e9e de lecture estim\u00e9e\" \/>\n\t<meta name=\"twitter:data1\" content=\"4 minutes\" \/>\n<script type=\"application\/ld+json\" class=\"yoast-schema-graph\">{\"@context\":\"https:\/\/schema.org\",\"@graph\":[{\"@type\":\"WebPage\",\"@id\":\"https:\/\/www.hoteldagiacomino.it\/fr\/hotel\/restaurant\",\"url\":\"https:\/\/www.hoteldagiacomino.it\/fr\/hotel\/restaurant\",\"name\":\"Restaurant - Hotel da Giacomino - Isola d&#039;Elba\",\"isPartOf\":{\"@id\":\"https:\/\/www.hoteldagiacomino.it\/fr#website\"},\"datePublished\":\"2026-01-29T20:48:40+00:00\",\"dateModified\":\"2026-04-07T18:29:44+00:00\",\"description\":\"Restaurant avec vue sur la mer \u00e0 l'h\u00f4tel Da Giacomino, \u00eele d'Elbe. Petit-d\u00e9jeuner buffet et restaurant \u00e0 base de produits frais.\",\"breadcrumb\":{\"@id\":\"https:\/\/www.hoteldagiacomino.it\/fr\/hotel\/restaurant#breadcrumb\"},\"inLanguage\":\"fr-FR\",\"potentialAction\":[{\"@type\":\"ReadAction\",\"target\":[\"https:\/\/www.hoteldagiacomino.it\/fr\/hotel\/restaurant\"]}]},{\"@type\":\"BreadcrumbList\",\"@id\":\"https:\/\/www.hoteldagiacomino.it\/fr\/hotel\/restaurant#breadcrumb\",\"itemListElement\":[{\"@type\":\"ListItem\",\"position\":1,\"name\":\"Accueil\",\"item\":\"https:\/\/www.hoteldagiacomino.it\/fr\"},{\"@type\":\"ListItem\",\"position\":2,\"name\":\"L&#8217;h\u00f4tel\",\"item\":\"https:\/\/www.hoteldagiacomino.it\/fr\/hotel\"},{\"@type\":\"ListItem\",\"position\":3,\"name\":\"Restaurant\"}]},{\"@type\":\"WebSite\",\"@id\":\"https:\/\/www.hoteldagiacomino.it\/fr#website\",\"url\":\"https:\/\/www.hoteldagiacomino.it\/fr\",\"name\":\"Hotel da Giacomino - Isola d&#039;Elba\",\"description\":\"\",\"potentialAction\":[{\"@type\":\"SearchAction\",\"target\":{\"@type\":\"EntryPoint\",\"urlTemplate\":\"https:\/\/www.hoteldagiacomino.it\/fr?s={search_term_string}\"},\"query-input\":{\"@type\":\"PropertyValueSpecification\",\"valueRequired\":true,\"valueName\":\"search_term_string\"}}],\"inLanguage\":\"fr-FR\"}]}<\/script>\n<!-- \/ Yoast SEO plugin. -->","yoast_head_json":{"title":"Restaurant - Hotel da Giacomino - Isola d&#039;Elba","description":"Restaurant avec vue sur la mer \u00e0 l'h\u00f4tel Da Giacomino, \u00eele d'Elbe. Petit-d\u00e9jeuner buffet et restaurant \u00e0 base de produits frais.","robots":{"index":"index","follow":"follow","max-snippet":"max-snippet:-1","max-image-preview":"max-image-preview:large","max-video-preview":"max-video-preview:-1"},"canonical":"https:\/\/www.hoteldagiacomino.it\/fr\/hotel\/restaurant","og_locale":"fr_FR","og_type":"article","og_title":"Restaurant - Hotel da Giacomino - Isola d&#039;Elba","og_description":"Restaurant avec vue sur la mer \u00e0 l'h\u00f4tel Da Giacomino, \u00eele d'Elbe. Petit-d\u00e9jeuner buffet et restaurant \u00e0 base de produits frais.","og_url":"https:\/\/www.hoteldagiacomino.it\/fr\/hotel\/restaurant","og_site_name":"Hotel da Giacomino - Isola d&#039;Elba","article_modified_time":"2026-04-07T18:29:44+00:00","twitter_card":"summary_large_image","twitter_misc":{"Dur\u00e9e de lecture estim\u00e9e":"4 minutes"},"schema":{"@context":"https:\/\/schema.org","@graph":[{"@type":"WebPage","@id":"https:\/\/www.hoteldagiacomino.it\/fr\/hotel\/restaurant","url":"https:\/\/www.hoteldagiacomino.it\/fr\/hotel\/restaurant","name":"Restaurant - Hotel da Giacomino - Isola d&#039;Elba","isPartOf":{"@id":"https:\/\/www.hoteldagiacomino.it\/fr#website"},"datePublished":"2026-01-29T20:48:40+00:00","dateModified":"2026-04-07T18:29:44+00:00","description":"Restaurant avec vue sur la mer \u00e0 l'h\u00f4tel Da Giacomino, \u00eele d'Elbe. Petit-d\u00e9jeuner buffet et restaurant \u00e0 base de produits frais.","breadcrumb":{"@id":"https:\/\/www.hoteldagiacomino.it\/fr\/hotel\/restaurant#breadcrumb"},"inLanguage":"fr-FR","potentialAction":[{"@type":"ReadAction","target":["https:\/\/www.hoteldagiacomino.it\/fr\/hotel\/restaurant"]}]},{"@type":"BreadcrumbList","@id":"https:\/\/www.hoteldagiacomino.it\/fr\/hotel\/restaurant#breadcrumb","itemListElement":[{"@type":"ListItem","position":1,"name":"Accueil","item":"https:\/\/www.hoteldagiacomino.it\/fr"},{"@type":"ListItem","position":2,"name":"L&#8217;h\u00f4tel","item":"https:\/\/www.hoteldagiacomino.it\/fr\/hotel"},{"@type":"ListItem","position":3,"name":"Restaurant"}]},{"@type":"WebSite","@id":"https:\/\/www.hoteldagiacomino.it\/fr#website","url":"https:\/\/www.hoteldagiacomino.it\/fr","name":"Hotel da Giacomino - Isola d&#039;Elba","description":"","potentialAction":[{"@type":"SearchAction","target":{"@type":"EntryPoint","urlTemplate":"https:\/\/www.hoteldagiacomino.it\/fr?s={search_term_string}"},"query-input":{"@type":"PropertyValueSpecification","valueRequired":true,"valueName":"search_term_string"}}],"inLanguage":"fr-FR"}]}},"_links":{"self":[{"href":"https:\/\/www.hoteldagiacomino.it\/fr\/wp-json\/wp\/v2\/pages\/14138","targetHints":{"allow":["GET"]}}],"collection":[{"href":"https:\/\/www.hoteldagiacomino.it\/fr\/wp-json\/wp\/v2\/pages"}],"about":[{"href":"https:\/\/www.hoteldagiacomino.it\/fr\/wp-json\/wp\/v2\/types\/page"}],"author":[{"embeddable":true,"href":"https:\/\/www.hoteldagiacomino.it\/fr\/wp-json\/wp\/v2\/users\/1"}],"replies":[{"embeddable":true,"href":"https:\/\/www.hoteldagiacomino.it\/fr\/wp-json\/wp\/v2\/comments?post=14138"}],"version-history":[{"count":8,"href":"https:\/\/www.hoteldagiacomino.it\/fr\/wp-json\/wp\/v2\/pages\/14138\/revisions"}],"predecessor-version":[{"id":14673,"href":"https:\/\/www.hoteldagiacomino.it\/fr\/wp-json\/wp\/v2\/pages\/14138\/revisions\/14673"}],"up":[{"embeddable":true,"href":"https:\/\/www.hoteldagiacomino.it\/fr\/wp-json\/wp\/v2\/pages\/14198"}],"wp:attachment":[{"href":"https:\/\/www.hoteldagiacomino.it\/fr\/wp-json\/wp\/v2\/media?parent=14138"}],"curies":[{"name":"wp","href":"https:\/\/api.w.org\/{rel}","templated":true}]}}