{"id":14159,"date":"2026-02-09T11:07:23","date_gmt":"2026-02-09T10:07:23","guid":{"rendered":"https:\/\/www.grow-fast.lu\/reservation-de-ferry"},"modified":"2026-04-07T21:28:40","modified_gmt":"2026-04-07T19:28:40","slug":"reservation-de-ferry","status":"publish","type":"page","link":"https:\/\/www.hoteldagiacomino.it\/fr\/ile-delbe-et-santandrea\/reservation-de-ferry","title":{"rendered":"R\u00e9servation de ferry"},"content":{"rendered":"<div class=\"wpb-content-wrapper\"><p>[vc_row full_width=\u00a0\u00bbstretch_row\u00a0\u00bb css=\u00a0\u00bb.vc_custom_1539873101225{margin-top: 0px !important;margin-bottom: 0px !important;padding-top: 140px !important;padding-bottom: 40px !important;}\u00a0\u00bb][vc_column][vc_column_text css=\u00a0\u00bb\u00a0\u00bb css_animation=\u00a0\u00bbbottom-to-top\u00a0\u00bb]<\/p>\n<div class=\"title-h5\" style=\"text-align: center;\"><span class=\"light\">R\u00e9servation de ferries pour l&rsquo;\u00eele d&rsquo;Elbe<\/span><\/div>\n<p>[\/vc_column_text]<div class=\"clearboth\"><\/div><style>#thegem-divider-69fdbfc6e6c75 {margin-top: -20px !important;}<\/style><div id=\"thegem-divider-69fdbfc6e6c75\" class=\"gem-divider  \" style=\"\" ><\/div>[vc_column_text css=\u00a0\u00bb\u00a0\u00bb css_animation=\u00a0\u00bbbottom-to-top\u00a0\u00bb el_class=\u00a0\u00bbuppercase-disable\u00a0\u00bb]<\/p>\n<div class=\"title-h1\" style=\"text-align: center;\">Acc\u00e9dez facilement \u00e0 l&rsquo;\u00eele d&rsquo;Elbe<\/div>\n<p>[\/vc_column_text]<div class=\"clearboth\"><\/div><style>#thegem-divider-69fdbfc6e6cc6 {margin-top: 35px !important;}<\/style><div id=\"thegem-divider-69fdbfc6e6cc6\" class=\"gem-divider  \" style=\"\" ><\/div>[vc_single_image image=\u00a0\u00bb14162&Prime; img_size=\u00a0\u00bbfull\u00a0\u00bb alignment=\u00a0\u00bbcenter\u00a0\u00bb css=\u00a0\u00bb\u00a0\u00bb][\/vc_column][\/vc_row][vc_row css=\u00a0\u00bb.vc_custom_1539873119292{margin-top: 0px !important;margin-bottom: 0px !important;padding-top: 0px !important;padding-bottom: 150px !important;}\u00a0\u00bb][vc_column offset=\u00a0\u00bbvc_col-lg-6 vc_col-md-6 vc_col-xs-12&Prime;]<div class=\"clearboth\"><\/div><style>#thegem-divider-69fdbfc6e6cf5 {margin-top: 60px !important;}<\/style><div id=\"thegem-divider-69fdbfc6e6cf5\" class=\"gem-divider  \" style=\"\" ><\/div>[vc_column_text css=\u00a0\u00bb\u00a0\u00bb]L&rsquo;\u00eele d&rsquo;Elbe est facilement accessible gr\u00e2ce \u00e0 de nombreuses liaisons maritimes. La solution la plus pratique est le ferry, qui relie Piombino aux principaux ports de l&rsquo;\u00eele : Portoferraio, Rio Marina et Cavo.<\/p>\n<p>Le choix du ferry vous permet de voyager en voiture, en moto ou seulement en tant que passager, ce qui vous offre une grande flexibilit\u00e9 et une grande libert\u00e9 de mouvement une fois sur l&rsquo;\u00eele.<\/p>\n<p><strong>Conseils utiles :<\/strong><\/p>\n<ul>\n<li>Arrivez au moins 30 minutes avant le d\u00e9part si vous voyagez en v\u00e9hicule.<\/li>\n<li>Renseignez-vous sur les offres saisonni\u00e8res ou les r\u00e9ductions pour les familles et les groupes.<\/li>\n<li><strong>V\u00e9rifiez les conditions m\u00e9t\u00e9orologiques<\/strong>: en cas de mauvais temps, les entreprises peuvent modifier leurs horaires.<\/li>\n<\/ul>\n<p>[\/vc_column_text][\/vc_column][vc_column offset=\u00a0\u00bbvc_col-lg-6 vc_col-md-6 vc_col-xs-12&Prime;]<div class=\"gem-image gem-wrapbox gem-wrapbox-style-default gem-wrapbox-position-below lazy-loading  thegem-custom-69fdbfc6e6d268678\"  style=\"\" ><div class=\"gem-wrapbox-inner  lazy-loading-item\"  data-ll-effect=\"move-up\"><img class=\"gem-wrapbox-element img-responsive\" src=\"https:\/\/www.hoteldagiacomino.it\/wp-content\/uploads\/2026\/02\/Sant-andrea-Isola-delba.jpg\" alt=\"\"\/><\/div><\/div>[\/vc_column][vc_column]<div class=\"clearboth\"><\/div><style>@media screen and (max-width: 1023px) and (min-width: 768px) {#thegem-divider-69fdbfc6e6fa5 {margin-top: 20px !important;}}<\/style><div id=\"thegem-divider-69fdbfc6e6fa5\" class=\"gem-divider  \" style=\"\" ><\/div>[vc_column_text css=\u00a0\u00bb\u00a0\u00bb css_animation=\u00a0\u00bbbottom-to-top\u00a0\u00bb el_class=\u00a0\u00bbuppercase-disable\u00a0\u00bb]<\/p>\n<div class=\"title-h1\" style=\"text-align: center;\">Comment r\u00e9server un ferry<\/div>\n<p>[\/vc_column_text][vc_column_text css=\u00a0\u00bb\u00a0\u00bb]La r\u00e9servation du ferry est facile et recommand\u00e9e, surtout en haute saison :<\/p>\n<ul>\n<li>S\u00e9lectionnez la date et l&rsquo;heure de d\u00e9part du port de Piombino.<\/li>\n<li>Indiquez si vous voyagez en tant que passager uniquement ou avec un v\u00e9hicule (voiture, moto, camping-car).<\/li>\n<li>Confirmez votre r\u00e9servation et recevez votre billet \u00e9lectronique directement par e-mail.<\/li>\n<\/ul>\n<p>En r\u00e9servant votre s\u00e9jour \u00e0 l&rsquo;H\u00f4tel da Giacomino, vous pouvez b\u00e9n\u00e9ficier d&rsquo;une r\u00e9duction de 10 % sur les ferries.<br \/>\nLa r\u00e9duction est valable sur plus de 80 d\u00e9parts de et vers les ports de Portoferraio, Rio Marina et Cavo.[\/vc_column_text]<div class=\"clearboth\"><\/div><div id=\"thegem-divider-69fdbfc6e6fd2\" class=\"gem-divider  \" style=\"\" ><\/div>[\/vc_column][\/vc_row][vc_row][vc_column width=\u00a0\u00bb1\/2&Prime;][vc_column_text css=\u00a0\u00bb\u00a0\u00bb]<\/p>\n<div style=\"margin-left: auto; margin-right: auto; max-width: 820px;\">\n<p><iframe id=\"tlines\" class=\"tlines_frame\" style=\"border: 0px; width: 100%;\" src=\"https:\/\/www.traghettilines.it\/it\/traghetti-isola-d-elba.aspx?UAID=22974&amp;bkcolor=0&amp;txtcolor=21262D&amp;bkbtncolor=CC9900&amp;txtbtncolor=218A16&amp;bktitolo=218A16&amp;txttitolo=EEEEEE&amp;language=it&amp;iframe_booking=true&amp;v2=true\" scrolling=\"no\"><\/iframe><\/p>\n<p style=\"font-size: 11px; margin: auto; font-family: Verdana; width: 100%; color: #666; margin-bottom: 12px; text-align: center;\">Ferry service provided by <a style=\"color: #666; text-decoration: none;\" href=\"https:\/\/www.traghettilines.it\/it\/traghetti-isola-d-elba.aspx?UAID=22974&amp;bkcolor=0&amp;txtcolor=21262D&amp;bkbtncolor=CC9900&amp;txtbtncolor=218A16&amp;bktitolo=218A16&amp;txttitolo=EEEEEE\" target=\"_blank\" rel=\"noopener\">Traghettilines<\/a><\/p>\n<p><script type=\"text\/javascript\" src=\"https:\/\/www.traghettilines.it\/Ajax\/tlines_resp_v2.js\"><\/script><\/p>\n<\/div>\n<p>[\/vc_column_text]<div class=\"clearboth\"><\/div><div id=\"thegem-divider-69fdbfc6e6ff5\" class=\"gem-divider  \" style=\"\" ><\/div>[\/vc_column][vc_column width=\u00a0\u00bb1\/2&Prime;][vc_column_text css=\u00a0\u00bb\u00a0\u00bb]<\/p>\n<div style=\"margin: 0 auto;\"><iframe class=\"blunavyembed\" style=\"border: none; filter: drop-shadow(0px 3px 10px rgba(0,0,0,.2));\" src=\"https:\/\/blunavytraghetti.com\/fr\/hotel\/hotel-da-giacomino\/\/?iframe=banner\" width=\"100%\" height=\"100%\"><\/iframe><script src=\"https:\/\/blunavytraghetti.com\/wp-content\/themes\/cosmo\/assets\/js\/iframe\/embed.js\"><\/script><span style=\"font-family: sans-serif; color: #292c7e; font-size: 14px; padding-top: 10px; display: flex; align-items: center; justify-content: center; flex-wrap: wrap; gap: 10px; vertical-gap: 10px;\">Un service de travers\u00e9e en ferry vers l&rsquo;\u00eele d&rsquo;Elbe propos\u00e9 par <a style=\"font-family: sans-serif; color: #292c7e; font-size: 14px; text-decoration: none;\" href=\"https:\/\/blunavytraghetti.com\/fr\/?utm_source=snippet-embed\">Blunavytraghetti.com<\/a> <a href=\"https:\/\/blunavytraghetti.com\/fr\/?utm_source=snippet-embed\"><img style=\"width: 80px;\" src=\"https:\/\/blunavytraghetti.com\/wp-content\/themes\/cosmo\/assets\/images\/logo-blunavy-traghetti.png\" alt=\"Logo BluNavy traghetti Elba\" \/><\/a><\/span><\/div>\n<p>[\/vc_column_text][\/vc_column][\/vc_row]<\/p>\n<\/div>","protected":false},"excerpt":{"rendered":"<p>[vc_row full_width=\u00a0\u00bbstretch_row\u00a0\u00bb css=\u00a0\u00bb.vc_custom_1539873101225{margin-top: 0px !important;margin-bottom: 0px !important;padding-top: 140px !important;padding-bottom: 40px !important;}\u00a0\u00bb][vc_column][vc_column_text css=\u00a0\u00bb\u00a0\u00bb css_animation=\u00a0\u00bbbottom-to-top\u00a0\u00bb] R\u00e9servation de ferries pour l&rsquo;\u00eele d&rsquo;Elbe [\/vc_column_text][vc_column_text&#8230;<\/p>\n","protected":false},"author":1,"featured_media":0,"parent":14220,"menu_order":0,"comment_status":"closed","ping_status":"open","template":"","meta":{"footnotes":""},"class_list":["post-14159","page","type-page","status-publish"],"yoast_head":"<!-- This site is optimized with the Yoast SEO plugin v26.9 - https:\/\/yoast.com\/product\/yoast-seo-wordpress\/ -->\n<title>R\u00e9servation de ferry - Hotel da Giacomino - Isola d&#039;Elba<\/title>\n<meta name=\"description\" content=\"R\u00e9servez votre ferry pour l&#039;\u00eele d&#039;Elbe depuis Piombino : R\u00e9servez facilement votre ferry pour l&#039;\u00eele d&#039;Elbe depuis Piombino.\" \/>\n<meta name=\"robots\" content=\"index, follow, max-snippet:-1, max-image-preview:large, max-video-preview:-1\" \/>\n<link rel=\"canonical\" href=\"https:\/\/www.hoteldagiacomino.it\/fr\/ile-delbe-et-santandrea\/reservation-de-ferry\" \/>\n<meta property=\"og:locale\" content=\"fr_FR\" \/>\n<meta property=\"og:type\" content=\"article\" \/>\n<meta property=\"og:title\" content=\"R\u00e9servation de ferry - Hotel da Giacomino - Isola d&#039;Elba\" \/>\n<meta property=\"og:description\" content=\"R\u00e9servez votre ferry pour l&#039;\u00eele d&#039;Elbe depuis Piombino : R\u00e9servez facilement votre ferry pour l&#039;\u00eele d&#039;Elbe depuis Piombino.\" \/>\n<meta property=\"og:url\" content=\"https:\/\/www.hoteldagiacomino.it\/fr\/ile-delbe-et-santandrea\/reservation-de-ferry\" \/>\n<meta property=\"og:site_name\" content=\"Hotel da Giacomino - Isola d&#039;Elba\" \/>\n<meta property=\"article:modified_time\" content=\"2026-04-07T19:28:40+00:00\" \/>\n<meta property=\"og:image\" content=\"https:\/\/blunavytraghetti.com\/wp-content\/themes\/cosmo\/assets\/images\/logo-blunavy-traghetti.png\" \/>\n<meta name=\"twitter:card\" content=\"summary_large_image\" \/>\n<meta name=\"twitter:label1\" content=\"Dur\u00e9e de lecture estim\u00e9e\" \/>\n\t<meta name=\"twitter:data1\" content=\"2 minutes\" \/>\n<script type=\"application\/ld+json\" class=\"yoast-schema-graph\">{\"@context\":\"https:\/\/schema.org\",\"@graph\":[{\"@type\":\"WebPage\",\"@id\":\"https:\/\/www.hoteldagiacomino.it\/fr\/ile-delbe-et-santandrea\/reservation-de-ferry\",\"url\":\"https:\/\/www.hoteldagiacomino.it\/fr\/ile-delbe-et-santandrea\/reservation-de-ferry\",\"name\":\"R\u00e9servation de ferry - Hotel da Giacomino - Isola d&#039;Elba\",\"isPartOf\":{\"@id\":\"https:\/\/www.hoteldagiacomino.it\/fr#website\"},\"primaryImageOfPage\":{\"@id\":\"https:\/\/www.hoteldagiacomino.it\/fr\/ile-delbe-et-santandrea\/reservation-de-ferry#primaryimage\"},\"image\":{\"@id\":\"https:\/\/www.hoteldagiacomino.it\/fr\/ile-delbe-et-santandrea\/reservation-de-ferry#primaryimage\"},\"thumbnailUrl\":\"https:\/\/blunavytraghetti.com\/wp-content\/themes\/cosmo\/assets\/images\/logo-blunavy-traghetti.png\",\"datePublished\":\"2026-02-09T10:07:23+00:00\",\"dateModified\":\"2026-04-07T19:28:40+00:00\",\"description\":\"R\u00e9servez votre ferry pour l'\u00eele d'Elbe depuis Piombino : R\u00e9servez facilement votre ferry pour l'\u00eele d'Elbe depuis Piombino.\",\"breadcrumb\":{\"@id\":\"https:\/\/www.hoteldagiacomino.it\/fr\/ile-delbe-et-santandrea\/reservation-de-ferry#breadcrumb\"},\"inLanguage\":\"fr-FR\",\"potentialAction\":[{\"@type\":\"ReadAction\",\"target\":[\"https:\/\/www.hoteldagiacomino.it\/fr\/ile-delbe-et-santandrea\/reservation-de-ferry\"]}]},{\"@type\":\"ImageObject\",\"inLanguage\":\"fr-FR\",\"@id\":\"https:\/\/www.hoteldagiacomino.it\/fr\/ile-delbe-et-santandrea\/reservation-de-ferry#primaryimage\",\"url\":\"https:\/\/blunavytraghetti.com\/wp-content\/themes\/cosmo\/assets\/images\/logo-blunavy-traghetti.png\",\"contentUrl\":\"https:\/\/blunavytraghetti.com\/wp-content\/themes\/cosmo\/assets\/images\/logo-blunavy-traghetti.png\"},{\"@type\":\"BreadcrumbList\",\"@id\":\"https:\/\/www.hoteldagiacomino.it\/fr\/ile-delbe-et-santandrea\/reservation-de-ferry#breadcrumb\",\"itemListElement\":[{\"@type\":\"ListItem\",\"position\":1,\"name\":\"Accueil\",\"item\":\"https:\/\/www.hoteldagiacomino.it\/fr\"},{\"@type\":\"ListItem\",\"position\":2,\"name\":\"\u00cele d&#8217;Elbe et Sant&#8217;Andrea\",\"item\":\"https:\/\/www.hoteldagiacomino.it\/fr\/ile-delbe-et-santandrea\"},{\"@type\":\"ListItem\",\"position\":3,\"name\":\"R\u00e9servation de ferry\"}]},{\"@type\":\"WebSite\",\"@id\":\"https:\/\/www.hoteldagiacomino.it\/fr#website\",\"url\":\"https:\/\/www.hoteldagiacomino.it\/fr\",\"name\":\"Hotel da Giacomino - Isola d&#039;Elba\",\"description\":\"\",\"potentialAction\":[{\"@type\":\"SearchAction\",\"target\":{\"@type\":\"EntryPoint\",\"urlTemplate\":\"https:\/\/www.hoteldagiacomino.it\/fr?s={search_term_string}\"},\"query-input\":{\"@type\":\"PropertyValueSpecification\",\"valueRequired\":true,\"valueName\":\"search_term_string\"}}],\"inLanguage\":\"fr-FR\"}]}<\/script>\n<!-- \/ Yoast SEO plugin. -->","yoast_head_json":{"title":"R\u00e9servation de ferry - Hotel da Giacomino - Isola d&#039;Elba","description":"R\u00e9servez votre ferry pour l'\u00eele d'Elbe depuis Piombino : R\u00e9servez facilement votre ferry pour l'\u00eele d'Elbe depuis Piombino.","robots":{"index":"index","follow":"follow","max-snippet":"max-snippet:-1","max-image-preview":"max-image-preview:large","max-video-preview":"max-video-preview:-1"},"canonical":"https:\/\/www.hoteldagiacomino.it\/fr\/ile-delbe-et-santandrea\/reservation-de-ferry","og_locale":"fr_FR","og_type":"article","og_title":"R\u00e9servation de ferry - Hotel da Giacomino - Isola d&#039;Elba","og_description":"R\u00e9servez votre ferry pour l'\u00eele d'Elbe depuis Piombino : R\u00e9servez facilement votre ferry pour l'\u00eele d'Elbe depuis Piombino.","og_url":"https:\/\/www.hoteldagiacomino.it\/fr\/ile-delbe-et-santandrea\/reservation-de-ferry","og_site_name":"Hotel da Giacomino - Isola d&#039;Elba","article_modified_time":"2026-04-07T19:28:40+00:00","og_image":[{"url":"https:\/\/blunavytraghetti.com\/wp-content\/themes\/cosmo\/assets\/images\/logo-blunavy-traghetti.png","type":"","width":"","height":""}],"twitter_card":"summary_large_image","twitter_misc":{"Dur\u00e9e de lecture estim\u00e9e":"2 minutes"},"schema":{"@context":"https:\/\/schema.org","@graph":[{"@type":"WebPage","@id":"https:\/\/www.hoteldagiacomino.it\/fr\/ile-delbe-et-santandrea\/reservation-de-ferry","url":"https:\/\/www.hoteldagiacomino.it\/fr\/ile-delbe-et-santandrea\/reservation-de-ferry","name":"R\u00e9servation de ferry - Hotel da Giacomino - Isola d&#039;Elba","isPartOf":{"@id":"https:\/\/www.hoteldagiacomino.it\/fr#website"},"primaryImageOfPage":{"@id":"https:\/\/www.hoteldagiacomino.it\/fr\/ile-delbe-et-santandrea\/reservation-de-ferry#primaryimage"},"image":{"@id":"https:\/\/www.hoteldagiacomino.it\/fr\/ile-delbe-et-santandrea\/reservation-de-ferry#primaryimage"},"thumbnailUrl":"https:\/\/blunavytraghetti.com\/wp-content\/themes\/cosmo\/assets\/images\/logo-blunavy-traghetti.png","datePublished":"2026-02-09T10:07:23+00:00","dateModified":"2026-04-07T19:28:40+00:00","description":"R\u00e9servez votre ferry pour l'\u00eele d'Elbe depuis Piombino : R\u00e9servez facilement votre ferry pour l'\u00eele d'Elbe depuis Piombino.","breadcrumb":{"@id":"https:\/\/www.hoteldagiacomino.it\/fr\/ile-delbe-et-santandrea\/reservation-de-ferry#breadcrumb"},"inLanguage":"fr-FR","potentialAction":[{"@type":"ReadAction","target":["https:\/\/www.hoteldagiacomino.it\/fr\/ile-delbe-et-santandrea\/reservation-de-ferry"]}]},{"@type":"ImageObject","inLanguage":"fr-FR","@id":"https:\/\/www.hoteldagiacomino.it\/fr\/ile-delbe-et-santandrea\/reservation-de-ferry#primaryimage","url":"https:\/\/blunavytraghetti.com\/wp-content\/themes\/cosmo\/assets\/images\/logo-blunavy-traghetti.png","contentUrl":"https:\/\/blunavytraghetti.com\/wp-content\/themes\/cosmo\/assets\/images\/logo-blunavy-traghetti.png"},{"@type":"BreadcrumbList","@id":"https:\/\/www.hoteldagiacomino.it\/fr\/ile-delbe-et-santandrea\/reservation-de-ferry#breadcrumb","itemListElement":[{"@type":"ListItem","position":1,"name":"Accueil","item":"https:\/\/www.hoteldagiacomino.it\/fr"},{"@type":"ListItem","position":2,"name":"\u00cele d&#8217;Elbe et Sant&#8217;Andrea","item":"https:\/\/www.hoteldagiacomino.it\/fr\/ile-delbe-et-santandrea"},{"@type":"ListItem","position":3,"name":"R\u00e9servation de ferry"}]},{"@type":"WebSite","@id":"https:\/\/www.hoteldagiacomino.it\/fr#website","url":"https:\/\/www.hoteldagiacomino.it\/fr","name":"Hotel da Giacomino - Isola d&#039;Elba","description":"","potentialAction":[{"@type":"SearchAction","target":{"@type":"EntryPoint","urlTemplate":"https:\/\/www.hoteldagiacomino.it\/fr?s={search_term_string}"},"query-input":{"@type":"PropertyValueSpecification","valueRequired":true,"valueName":"search_term_string"}}],"inLanguage":"fr-FR"}]}},"_links":{"self":[{"href":"https:\/\/www.hoteldagiacomino.it\/fr\/wp-json\/wp\/v2\/pages\/14159","targetHints":{"allow":["GET"]}}],"collection":[{"href":"https:\/\/www.hoteldagiacomino.it\/fr\/wp-json\/wp\/v2\/pages"}],"about":[{"href":"https:\/\/www.hoteldagiacomino.it\/fr\/wp-json\/wp\/v2\/types\/page"}],"author":[{"embeddable":true,"href":"https:\/\/www.hoteldagiacomino.it\/fr\/wp-json\/wp\/v2\/users\/1"}],"replies":[{"embeddable":true,"href":"https:\/\/www.hoteldagiacomino.it\/fr\/wp-json\/wp\/v2\/comments?post=14159"}],"version-history":[{"count":10,"href":"https:\/\/www.hoteldagiacomino.it\/fr\/wp-json\/wp\/v2\/pages\/14159\/revisions"}],"predecessor-version":[{"id":14696,"href":"https:\/\/www.hoteldagiacomino.it\/fr\/wp-json\/wp\/v2\/pages\/14159\/revisions\/14696"}],"up":[{"embeddable":true,"href":"https:\/\/www.hoteldagiacomino.it\/fr\/wp-json\/wp\/v2\/pages\/14220"}],"wp:attachment":[{"href":"https:\/\/www.hoteldagiacomino.it\/fr\/wp-json\/wp\/v2\/media?parent=14159"}],"curies":[{"name":"wp","href":"https:\/\/api.w.org\/{rel}","templated":true}]}}