{"id":14220,"date":"2026-02-05T15:07:56","date_gmt":"2026-02-05T14:07:56","guid":{"rendered":"https:\/\/www.grow-fast.lu\/ile-delbe-et-santandrea"},"modified":"2026-03-30T14:03:18","modified_gmt":"2026-03-30T12:03:18","slug":"ile-delbe-et-santandrea","status":"publish","type":"page","link":"https:\/\/www.hoteldagiacomino.it\/fr\/ile-delbe-et-santandrea","title":{"rendered":"\u00cele d&rsquo;Elbe et Sant&rsquo;Andrea"},"content":{"rendered":"<div class=\"wpb-content-wrapper\"><p>[vc_row full_width=\u00a0\u00bbstretch_row\u00a0\u00bb css=\u00a0\u00bb.vc_custom_1539873101225{margin-top: 0px !important;margin-bottom: 0px !important;padding-top: 140px !important;padding-bottom: 40px !important;}\u00a0\u00bb][vc_column][vc_column_text css=\u00a0\u00bb\u00a0\u00bb css_animation=\u00a0\u00bbbottom-to-top\u00a0\u00bb]<\/p>\n<div class=\"title-h5\" style=\"text-align: center;\"><span class=\"light\">D\u00e9couvrez l&rsquo;\u00eele d&rsquo;Elbe et Sant&rsquo;Andrea<\/span><\/div>\n<p>[\/vc_column_text]<div class=\"clearboth\"><\/div><style>#thegem-divider-69fdbf1a541ff {margin-top: -20px !important;}<\/style><div id=\"thegem-divider-69fdbf1a541ff\" class=\"gem-divider  \" style=\"\" ><\/div>[vc_column_text css=\u00a0\u00bb\u00a0\u00bb css_animation=\u00a0\u00bbbottom-to-top\u00a0\u00bb el_class=\u00a0\u00bbuppercase-disable\u00a0\u00bb]<\/p>\n<div class=\"title-h1\" style=\"text-align: center;\">L&rsquo;\u00eele d&rsquo;Elbe : mer,<br \/>\nnature et vues uniques<\/div>\n<p>[\/vc_column_text]<div class=\"clearboth\"><\/div><style>#thegem-divider-69fdbf1a5424e {margin-top: 35px !important;}<\/style><div id=\"thegem-divider-69fdbf1a5424e\" class=\"gem-divider  \" style=\"\" ><\/div>[vc_single_image image=\u00a0\u00bb14162&Prime; img_size=\u00a0\u00bbfull\u00a0\u00bb alignment=\u00a0\u00bbcenter\u00a0\u00bb css=\u00a0\u00bb\u00a0\u00bb][\/vc_column][\/vc_row][vc_row css=\u00a0\u00bb.vc_custom_1539873119292{margin-top: 0px !important;margin-bottom: 0px !important;padding-top: 0px !important;padding-bottom: 150px !important;}\u00a0\u00bb][vc_column offset=\u00a0\u00bbvc_col-lg-6 vc_col-md-6 vc_col-xs-12&Prime; css=\u00a0\u00bb.vc_custom_1770632834823{margin-top: -20px !important;}\u00a0\u00bb][vc_column_text css=\u00a0\u00bb\u00a0\u00bb css_animation=\u00a0\u00bbbottom-to-top\u00a0\u00bb]<\/p>\n<div class=\"styled-subtitle\">\n<p>L&rsquo;\u00eele d&rsquo;Elbe est la plus grande de l&rsquo;archipel toscan, situ\u00e9e dans la mer Tyrrh\u00e9nienne \u00e0 environ 10 km de la c\u00f4te toscane. R\u00e9put\u00e9e pour ses eaux cristallines, ses plages de sable et ses criques rocheuses, l&rsquo;\u00eele alterne les paysages marins avec des collines, des for\u00eats et des villages caract\u00e9ristiques, offrant des exp\u00e9riences id\u00e9ales tant pour ceux qui recherchent la d\u00e9tente que pour ceux qui aiment l&rsquo;aventure et le plein air. La r\u00e9gion est facile \u00e0 explorer en voiture, \u00e0 v\u00e9lo ou \u00e0 pied : les routes panoramiques, les sentiers naturels et les vues \u00e0 couper le souffle sur la mer font de l&rsquo;\u00eele d&rsquo;Elbe une destination compl\u00e8te et fascinante.<\/p>\n<\/div>\n<p>[\/vc_column_text][\/vc_column][vc_column offset=\u00a0\u00bbvc_col-lg-6 vc_col-md-6 vc_col-xs-12&Prime;]<div class=\"clearboth\"><\/div><style>#thegem-divider-69fdbf1a5427c {margin-top: 15px !important;}<\/style><div id=\"thegem-divider-69fdbf1a5427c\" class=\"gem-divider  \" style=\"\" ><\/div><div class=\"gem-image gem-wrapbox gem-wrapbox-style-default gem-wrapbox-position-below  thegem-custom-69fdbf1a542b67211\"  style=\"\" ><div class=\"gem-wrapbox-inner \" ><img class=\"gem-wrapbox-element img-responsive\" src=\"https:\/\/www.hoteldagiacomino.it\/wp-content\/uploads\/2026\/02\/mappa-isola-delba-1.png\" alt=\"\"\/><\/div><\/div>[\/vc_column][vc_column][vc_column_text css=\u00a0\u00bb\u00a0\u00bb css_animation=\u00a0\u00bbbottom-to-top\u00a0\u00bb el_class=\u00a0\u00bbuppercase-disable\u00a0\u00bb]<\/p>\n<div class=\"title-h1\" style=\"text-align: left;\">Comment se rendre \u00e0 l&rsquo;\u00eele d&rsquo;Elbe<\/div>\n<p>[\/vc_column_text][vc_column_text css=\u00a0\u00bb\u00a0\u00bb css_animation=\u00a0\u00bbbottom-to-top\u00a0\u00bb]<\/p>\n<div class=\"styled-subtitle\">\n<p>Le moyen le plus courant et le plus facile de se rendre \u00e0 l&rsquo;\u00eele d&rsquo;Elbe est de prendre un ferry \u00e0 partir de Piombino (Toscane).<br \/>\nPlusieurs compagnies maritimes &#8211; dont <a href=\"https:\/\/www.toremar.it\/it\/\" target=\"_blank\" rel=\"noopener\">Toremar<\/a>, <a href=\"https:\/\/www.moby.it\/\" target=\"_blank\" rel=\"noopener\">Moby Lines<\/a>, <a href=\"https:\/\/blunavytraghetti.com\/\" target=\"_blank\" rel=\"noopener\">Blu Navy<\/a> et <a href=\"https:\/\/www.corsica-ferries.it\/\" target=\"_blank\" rel=\"noopener\">Corsica Ferries<\/a> &#8211; proposent des voyages quotidiens vers les principaux ports de l&rsquo;\u00eele (Portoferraio, Rio Marina et Cavo).<\/p>\n<p>La travers\u00e9e dure g\u00e9n\u00e9ralement de 40 \u00e0 60 minutes, selon le port d&rsquo;arriv\u00e9e et le type de bateau. Des hydroglisseurs pour passagers sont \u00e9galement disponibles et r\u00e9duisent la dur\u00e9e de la travers\u00e9e.<\/p>\n<p>Nous vous conseillons de r\u00e9server le ferry \u00e0 l&rsquo;avance, surtout en haute saison, afin de garantir une place \u00e0 l&rsquo;heure souhait\u00e9e.<\/p>\n<p>L&rsquo;\u00eele d&rsquo;Elbe est \u00e9galement accessible par avion gr\u00e2ce \u00e0 l&rsquo;a\u00e9roport de Marina di Campo (Elba &#8211; La Pila), situ\u00e9 dans la partie sud de l&rsquo;\u00eele. Pendant la saison touristique, il existe des liaisons directes avec plusieurs villes italiennes et europ\u00e9ennes, ce qui fait de l&rsquo;\u00eele d&rsquo;Elbe une destination facilement accessible, m\u00eame pour des s\u00e9jours de courte dur\u00e9e.<\/p>\n<\/div>\n<p>[\/vc_column_text]<style type=\"text\/css\">.thegem-button-69fdbf1a5456c8837 .gem-button svg {fill: #FFFFFF;}.thegem-button-69fdbf1a5456c8837 .gem-button:hover svg {fill: #9BB3DC;}<\/style><div class=\"gem-button-container gem-button-position-center thegem-button-69fdbf1a5456c8837    \"  ><a title=\"Contattaci\" class=\"gem-button gem-button-size-medium gem-button-style-flat gem-button-text-weight-normal\" data-ll-effect=\"drop-right-without-wrap\" style=\"border-radius: 20px;background-color: #9BB3DC;color: #FFFFFF;\" onmouseleave=\"this.style.backgroundColor='#9BB3DC';this.style.color='#FFFFFF';\" onmouseenter=\"this.style.backgroundColor='#FFFFFF';this.style.color='#9BB3DC';\" href=\"\/fr\/contact\" target=\"_self\">Contactez nous<\/a><\/div> <style type=\"text\/css\">.thegem-button-69fdbf1a545ed5824 .gem-button svg {fill: #FFFFFF;}.thegem-button-69fdbf1a545ed5824 .gem-button:hover svg {fill: #9BB3DC;}<\/style><div class=\"gem-button-container gem-button-position-center thegem-button-69fdbf1a545ed5824    \"  ><a title=\"Contattaci\" class=\"gem-button gem-button-size-medium gem-button-style-flat gem-button-text-weight-normal\" data-ll-effect=\"drop-right-without-wrap\" style=\"border-radius: 20px;background-color: #9BB3DC;color: #FFFFFF;\" onmouseleave=\"this.style.backgroundColor='#9BB3DC';this.style.color='#FFFFFF';\" onmouseenter=\"this.style.backgroundColor='#FFFFFF';this.style.color='#9BB3DC';\" href=\"\/fr\/ile-delbe-et-santandrea\/reservation-de-ferry\" target=\"_self\">R\u00e9servation de ferry<\/a><\/div> [\/vc_column][\/vc_row][vc_row css=\u00a0\u00bb.vc_custom_1770632961182{margin-top: -70px !important;}\u00a0\u00bb][vc_column width=\u00a0\u00bb1\/2&Prime;][vc_column_text css=\u00a0\u00bb\u00a0\u00bb css_animation=\u00a0\u00bbbottom-to-top\u00a0\u00bb el_class=\u00a0\u00bbuppercase-disable\u00a0\u00bb]<\/p>\n<div class=\"title-h1\" style=\"text-align: left;\">Sant&rsquo;Andrea : la rencontre de la mer et de la montagne<\/div>\n<p>[\/vc_column_text][vc_column_text css=\u00a0\u00bb\u00a0\u00bb css_animation=\u00a0\u00bbbottom-to-top\u00a0\u00bb]<\/p>\n<div class=\"styled-subtitle\">\n<p>Sant&rsquo;Andrea est situ\u00e9e sur la c\u00f4te nord-ouest de l&rsquo;\u00eele d&rsquo;Elbe et est l&rsquo;une des stations baln\u00e9aires les plus pittoresques de l&rsquo;\u00eele. Connue pour sa plage caract\u00e9ristique de sable et de rochers et ses eaux claires, Sant&rsquo;Andrea allie le charme de la mer \u00e0 la tranquillit\u00e9 d&rsquo;un cadre naturel pr\u00e9serv\u00e9.<\/p>\n<\/div>\n<p>[\/vc_column_text][\/vc_column][vc_column width=\u00a0\u00bb1\/2&Prime;]<div class=\"clearboth\"><\/div><style>#thegem-divider-69fdbf1a54625 {margin-top: 30px !important;}<\/style><div id=\"thegem-divider-69fdbf1a54625\" class=\"gem-divider  \" style=\"\" ><\/div>[vc_gallery interval=\u00a0\u00bb3&Prime; images=\u00a0\u00bb14221,14222,14160,14195&Prime; css=\u00a0\u00bb\u00a0\u00bb][\/vc_column][vc_column][vc_column_text css=\u00a0\u00bb\u00a0\u00bb css_animation=\u00a0\u00bbbottom-to-top\u00a0\u00bb]<\/p>\n<div class=\"styled-subtitle\">\n<p>\u00c0 partir de l\u00e0, le paysage change rapidement : les montagnes, les for\u00eats et les collines offrent de nombreuses possibilit\u00e9s de randonn\u00e9es, de trekking et de promenades panoramiques, parfaites pour ceux qui souhaitent combiner mer et montagne pendant leurs vacances.<\/p>\n<\/div>\n<p>[\/vc_column_text]<div class=\"clearboth\"><\/div><style>#thegem-divider-69fdbf1a5464d {margin-top: 20px !important;}<\/style><div id=\"thegem-divider-69fdbf1a5464d\" class=\"gem-divider  \" style=\"\" ><\/div>[vc_column_text css=\u00a0\u00bb\u00a0\u00bb css_animation=\u00a0\u00bbbottom-to-top\u00a0\u00bb el_class=\u00a0\u00bbuppercase-disable\u00a0\u00bb]<\/p>\n<div class=\"title-h1\" style=\"text-align: left;\">Rejoindre Sant&rsquo;Andrea depuis Portoferraio<\/div>\n<p>[\/vc_column_text][vc_column_text css=\u00a0\u00bb\u00a0\u00bb css_animation=\u00a0\u00bbbottom-to-top\u00a0\u00bb]<\/p>\n<div class=\"styled-subtitle\">\n<p>Apr\u00e8s votre arriv\u00e9e \u00e0 Portoferraio, la ville principale et le port de l&rsquo;\u00eele, suivez la route panoramique en direction de Procchio, Marciana Marina et Marciana.<br \/>\nEn continuant la route en direction de Sant&rsquo;Andrea, vous atteindrez la c\u00f4te et, en suivant les indications locales, vous arriverez rapidement \u00e0 la station baln\u00e9aire o\u00f9 se trouve l&rsquo;H\u00f4tel da Giacomino.<\/p>\n<p>Depuis l&rsquo;a\u00e9roport de Marina di Campo, vous pouvez rejoindre Sant&rsquo;Andrea en voiture ou en taxi en 30 \u00e0 40 minutes environ.<\/p>\n<\/div>\n<p>[\/vc_column_text][\/vc_column][\/vc_row]<\/p>\n<\/div>","protected":false},"excerpt":{"rendered":"<p>[vc_row full_width=\u00a0\u00bbstretch_row\u00a0\u00bb css=\u00a0\u00bb.vc_custom_1539873101225{margin-top: 0px !important;margin-bottom: 0px !important;padding-top: 140px !important;padding-bottom: 40px !important;}\u00a0\u00bb][vc_column][vc_column_text css=\u00a0\u00bb\u00a0\u00bb css_animation=\u00a0\u00bbbottom-to-top\u00a0\u00bb] D\u00e9couvrez l&rsquo;\u00eele d&rsquo;Elbe et Sant&rsquo;Andrea [\/vc_column_text][vc_column_text css=\u00a0\u00bb\u00a0\u00bb&#8230;<\/p>\n","protected":false},"author":1,"featured_media":0,"parent":0,"menu_order":0,"comment_status":"closed","ping_status":"open","template":"","meta":{"footnotes":""},"class_list":["post-14220","page","type-page","status-publish"],"yoast_head":"<!-- This site is optimized with the Yoast SEO plugin v26.9 - https:\/\/yoast.com\/product\/yoast-seo-wordpress\/ -->\n<title>\u00cele d&#039;Elbe et Sant&#039;Andrea - Hotel da Giacomino - Isola d&#039;Elba<\/title>\n<meta name=\"description\" content=\"D\u00e9couvrez l&#039;\u00eele d&#039;Elbe : plages cristallines, nature m\u00e9diterran\u00e9enne et villages pittoresques au c\u0153ur de l&#039;archipel toscan.\" \/>\n<meta name=\"robots\" content=\"index, follow, max-snippet:-1, max-image-preview:large, max-video-preview:-1\" \/>\n<link rel=\"canonical\" href=\"https:\/\/www.hoteldagiacomino.it\/fr\/ile-delbe-et-santandrea\" \/>\n<meta property=\"og:locale\" content=\"fr_FR\" \/>\n<meta property=\"og:type\" content=\"article\" \/>\n<meta property=\"og:title\" content=\"\u00cele d&#039;Elbe et Sant&#039;Andrea - Hotel da Giacomino - Isola d&#039;Elba\" \/>\n<meta property=\"og:description\" content=\"D\u00e9couvrez l&#039;\u00eele d&#039;Elbe : plages cristallines, nature m\u00e9diterran\u00e9enne et villages pittoresques au c\u0153ur de l&#039;archipel toscan.\" \/>\n<meta property=\"og:url\" content=\"https:\/\/www.hoteldagiacomino.it\/fr\/ile-delbe-et-santandrea\" \/>\n<meta property=\"og:site_name\" content=\"Hotel da Giacomino - Isola d&#039;Elba\" \/>\n<meta property=\"article:modified_time\" content=\"2026-03-30T12:03:18+00:00\" \/>\n<meta name=\"twitter:card\" content=\"summary_large_image\" \/>\n<meta name=\"twitter:label1\" content=\"Dur\u00e9e de lecture estim\u00e9e\" \/>\n\t<meta name=\"twitter:data1\" content=\"4 minutes\" \/>\n<script type=\"application\/ld+json\" class=\"yoast-schema-graph\">{\"@context\":\"https:\/\/schema.org\",\"@graph\":[{\"@type\":\"WebPage\",\"@id\":\"https:\/\/www.hoteldagiacomino.it\/fr\/ile-delbe-et-santandrea\",\"url\":\"https:\/\/www.hoteldagiacomino.it\/fr\/ile-delbe-et-santandrea\",\"name\":\"\u00cele d'Elbe et Sant'Andrea - Hotel da Giacomino - Isola d&#039;Elba\",\"isPartOf\":{\"@id\":\"https:\/\/www.hoteldagiacomino.it\/fr#website\"},\"datePublished\":\"2026-02-05T14:07:56+00:00\",\"dateModified\":\"2026-03-30T12:03:18+00:00\",\"description\":\"D\u00e9couvrez l'\u00eele d'Elbe : plages cristallines, nature m\u00e9diterran\u00e9enne et villages pittoresques au c\u0153ur de l'archipel toscan.\",\"breadcrumb\":{\"@id\":\"https:\/\/www.hoteldagiacomino.it\/fr\/ile-delbe-et-santandrea#breadcrumb\"},\"inLanguage\":\"fr-FR\",\"potentialAction\":[{\"@type\":\"ReadAction\",\"target\":[\"https:\/\/www.hoteldagiacomino.it\/fr\/ile-delbe-et-santandrea\"]}]},{\"@type\":\"BreadcrumbList\",\"@id\":\"https:\/\/www.hoteldagiacomino.it\/fr\/ile-delbe-et-santandrea#breadcrumb\",\"itemListElement\":[{\"@type\":\"ListItem\",\"position\":1,\"name\":\"Accueil\",\"item\":\"https:\/\/www.hoteldagiacomino.it\/fr\"},{\"@type\":\"ListItem\",\"position\":2,\"name\":\"\u00cele d&#8217;Elbe et Sant&#8217;Andrea\"}]},{\"@type\":\"WebSite\",\"@id\":\"https:\/\/www.hoteldagiacomino.it\/fr#website\",\"url\":\"https:\/\/www.hoteldagiacomino.it\/fr\",\"name\":\"Hotel da Giacomino - Isola d&#039;Elba\",\"description\":\"\",\"potentialAction\":[{\"@type\":\"SearchAction\",\"target\":{\"@type\":\"EntryPoint\",\"urlTemplate\":\"https:\/\/www.hoteldagiacomino.it\/fr?s={search_term_string}\"},\"query-input\":{\"@type\":\"PropertyValueSpecification\",\"valueRequired\":true,\"valueName\":\"search_term_string\"}}],\"inLanguage\":\"fr-FR\"}]}<\/script>\n<!-- \/ Yoast SEO plugin. -->","yoast_head_json":{"title":"\u00cele d'Elbe et Sant'Andrea - Hotel da Giacomino - Isola d&#039;Elba","description":"D\u00e9couvrez l'\u00eele d'Elbe : plages cristallines, nature m\u00e9diterran\u00e9enne et villages pittoresques au c\u0153ur de l'archipel toscan.","robots":{"index":"index","follow":"follow","max-snippet":"max-snippet:-1","max-image-preview":"max-image-preview:large","max-video-preview":"max-video-preview:-1"},"canonical":"https:\/\/www.hoteldagiacomino.it\/fr\/ile-delbe-et-santandrea","og_locale":"fr_FR","og_type":"article","og_title":"\u00cele d'Elbe et Sant'Andrea - Hotel da Giacomino - Isola d&#039;Elba","og_description":"D\u00e9couvrez l'\u00eele d'Elbe : plages cristallines, nature m\u00e9diterran\u00e9enne et villages pittoresques au c\u0153ur de l'archipel toscan.","og_url":"https:\/\/www.hoteldagiacomino.it\/fr\/ile-delbe-et-santandrea","og_site_name":"Hotel da Giacomino - Isola d&#039;Elba","article_modified_time":"2026-03-30T12:03:18+00:00","twitter_card":"summary_large_image","twitter_misc":{"Dur\u00e9e de lecture estim\u00e9e":"4 minutes"},"schema":{"@context":"https:\/\/schema.org","@graph":[{"@type":"WebPage","@id":"https:\/\/www.hoteldagiacomino.it\/fr\/ile-delbe-et-santandrea","url":"https:\/\/www.hoteldagiacomino.it\/fr\/ile-delbe-et-santandrea","name":"\u00cele d'Elbe et Sant'Andrea - Hotel da Giacomino - Isola d&#039;Elba","isPartOf":{"@id":"https:\/\/www.hoteldagiacomino.it\/fr#website"},"datePublished":"2026-02-05T14:07:56+00:00","dateModified":"2026-03-30T12:03:18+00:00","description":"D\u00e9couvrez l'\u00eele d'Elbe : plages cristallines, nature m\u00e9diterran\u00e9enne et villages pittoresques au c\u0153ur de l'archipel toscan.","breadcrumb":{"@id":"https:\/\/www.hoteldagiacomino.it\/fr\/ile-delbe-et-santandrea#breadcrumb"},"inLanguage":"fr-FR","potentialAction":[{"@type":"ReadAction","target":["https:\/\/www.hoteldagiacomino.it\/fr\/ile-delbe-et-santandrea"]}]},{"@type":"BreadcrumbList","@id":"https:\/\/www.hoteldagiacomino.it\/fr\/ile-delbe-et-santandrea#breadcrumb","itemListElement":[{"@type":"ListItem","position":1,"name":"Accueil","item":"https:\/\/www.hoteldagiacomino.it\/fr"},{"@type":"ListItem","position":2,"name":"\u00cele d&#8217;Elbe et Sant&#8217;Andrea"}]},{"@type":"WebSite","@id":"https:\/\/www.hoteldagiacomino.it\/fr#website","url":"https:\/\/www.hoteldagiacomino.it\/fr","name":"Hotel da Giacomino - Isola d&#039;Elba","description":"","potentialAction":[{"@type":"SearchAction","target":{"@type":"EntryPoint","urlTemplate":"https:\/\/www.hoteldagiacomino.it\/fr?s={search_term_string}"},"query-input":{"@type":"PropertyValueSpecification","valueRequired":true,"valueName":"search_term_string"}}],"inLanguage":"fr-FR"}]}},"_links":{"self":[{"href":"https:\/\/www.hoteldagiacomino.it\/fr\/wp-json\/wp\/v2\/pages\/14220","targetHints":{"allow":["GET"]}}],"collection":[{"href":"https:\/\/www.hoteldagiacomino.it\/fr\/wp-json\/wp\/v2\/pages"}],"about":[{"href":"https:\/\/www.hoteldagiacomino.it\/fr\/wp-json\/wp\/v2\/types\/page"}],"author":[{"embeddable":true,"href":"https:\/\/www.hoteldagiacomino.it\/fr\/wp-json\/wp\/v2\/users\/1"}],"replies":[{"embeddable":true,"href":"https:\/\/www.hoteldagiacomino.it\/fr\/wp-json\/wp\/v2\/comments?post=14220"}],"version-history":[{"count":9,"href":"https:\/\/www.hoteldagiacomino.it\/fr\/wp-json\/wp\/v2\/pages\/14220\/revisions"}],"predecessor-version":[{"id":14640,"href":"https:\/\/www.hoteldagiacomino.it\/fr\/wp-json\/wp\/v2\/pages\/14220\/revisions\/14640"}],"wp:attachment":[{"href":"https:\/\/www.hoteldagiacomino.it\/fr\/wp-json\/wp\/v2\/media?parent=14220"}],"curies":[{"name":"wp","href":"https:\/\/api.w.org\/{rel}","templated":true}]}}