{"id":14238,"date":"2018-11-05T12:37:57","date_gmt":"2018-11-05T11:37:57","guid":{"rendered":"https:\/\/www.grow-fast.lu\/chambres"},"modified":"2026-03-30T13:55:31","modified_gmt":"2026-03-30T11:55:31","slug":"chambres","status":"publish","type":"page","link":"https:\/\/www.hoteldagiacomino.it\/fr\/chambres","title":{"rendered":"Chambres"},"content":{"rendered":"<div class=\"wpb-content-wrapper\"><p>[vc_row full_width=\u00a0\u00bbstretch_row\u00a0\u00bb css=\u00a0\u00bb.vc_custom_1541422107700{margin-top: 0px !important;margin-bottom: 0px !important;padding-top: 130px !important;padding-bottom: 130px !important;background-image: url(https:\/\/www.hoteldagiacomino.it\/wp-content\/uploads\/2018\/11\/7.jpg?id=396) !important;background-position: center !important;background-repeat: no-repeat !important;background-size: cover !important;}\u00a0\u00bb][vc_column]<style>.portfolio.portfolio-grid#style-9c0af32 .portfolio-item:not(.size-item), .preloader#style-preloader-9c0af32 .portfolio-item { padding: calc(42px\/2) !important; }.portfolio.portfolio-grid#style-9c0af32 .portfolio-item.size-item { padding: 0 calc(42px\/2) !important; }.portfolio.portfolio-grid#style-9c0af32 .portfolio-row, .preloader#style-preloader-9c0af32 .skeleton-posts.portfolio-row { margin: calc(-42px\/2); }.portfolio.portfolio-grid#style-9c0af32.fullwidth-columns .portfolio-row { margin: calc(-42px\/2) 0; }.portfolio.portfolio-grid#style-9c0af32 .fullwidth-block:not(.no-paddings) { padding-left: 42px; padding-right: 42px; }.portfolio.portfolio-grid#style-9c0af32 .fullwidth-block .portfolio-row { padding-left: calc(42px\/2); padding-right: calc(42px\/2); }.portfolio.portfolio-grid#style-9c0af32 .fullwidth-block .portfolio-top-panel { padding-left: 42px; padding-right: 42px; }.portfolio.portfolio-grid#style-9c0af32.fullwidth-columns .with-filter-sidebar .filter-sidebar { padding-left: 42px; }.portfolio.portfolio-grid#style-9c0af32 .portfolio-item .caption .title span { letter-spacing: px !important; }<\/style><style>.portfolio.portfolio-grid#style-9c0af32 .portfolio-filters { text-align: center; }<\/style> <div class=\"portfolio-preloader-wrapper panel-sidebar-position-left\"> <div class=\"portfolio portfolio-grid extended-portfolio-grid no-padding portfolio-pagination-normal portfolio-style-justified background-style-white title-style-light hover-default title-on-page hover-elements-size-default version-default caption-position-page loading-animation item-animation-move-up columns-2 columns-tablet-2 columns-mobile-1 disable-isotope next-page-preloading \" id=\"style-9c0af32\" data-style-uid=\"9c0af32\" data-portfolio-uid=\"grid_4083437\" data-current-page=\"1\" data-per-page=\"8\" data-next-page=\"0\" data-pages-count=\"1\" data-hover=\"default\" data-portfolio-filter=\"[]\" data-portfolio-filter-attributes=\"null\" data-portfolio-filter-search=\"\"> <div class=\"portfolio-row-outer \"> <div class=\"portfolio-top-panel selected-only\"> <div class=\"portfolio-filter-item portfolio-selected-filters left\"> <div class=\"portfolio-selected-filter-item clear-filters\"> Clear Filters\t<\/div> <\/div> <\/div> <div class=\"row portfolio-row\"> <div class=\"portfolio-set clearfix\" data-max-row-height=\"0\"> <div class=\"portfolio-item chambres col-xs-12 col-sm-6 col-md-6 item-animations-not-inited portfolio-item-template appearance-type-featured_image post-14278 thegem_pf_item type-thegem_pf_item status-publish has-post-thumbnail thegem_portfolios-chambres\" data-default-sort=\"0\" data-sort-date=\"1769771564\"> <div class=\"wrap clearfix\"> <div class=\"image post-14278 thegem_pf_item type-thegem_pf_item status-publish has-post-thumbnail thegem_portfolios-chambres\"> <div class=\"image-inner \"> <picture> <source srcset=\"https:\/\/www.hoteldagiacomino.it\/wp-content\/uploads\/2026\/01\/Camera-Standard-Hotel-da-Giacomino-Isola-dElba-02.jpg 1x\" sizes=\"100vw\"> <img src=\"https:\/\/www.hoteldagiacomino.it\/wp-content\/uploads\/2026\/01\/Camera-Standard-Hotel-da-Giacomino-Isola-dElba-02.jpg\" width=\"900\" height=\"600\" class=\"attachment-thegem-product-justified-square-xl\" alt=\"Chambre standard\" \/> <\/picture> <\/div> <div class=\"overlay \"> <div class=\"overlay-circle\"><\/div> <a href=\"https:\/\/www.hoteldagiacomino.it\/fr\/chambres\/chambre-standard\" target=\"_self\" class=\"portfolio-item-link self-link\" data-elementor-open-lightbox=\"no\"> <span class=\"screen-reader-text\">Chambre standard<\/span> <\/a> <div class=\"links-wrapper\"> <div class=\"links\"> <\/div> <\/div> <\/div> <\/div> <div class=\"caption post-14278 thegem_pf_item type-thegem_pf_item status-publish has-post-thumbnail thegem_portfolios-chambres\"> <div class=\"title\"> <span class=\" \"> Chambre standard <\/span> <\/div> <div class=\"caption-separator\"><\/div> <\/div> <\/div> <\/div> <div class=\"portfolio-item chambres col-xs-12 col-sm-6 col-md-6 item-animations-not-inited portfolio-item-template appearance-type-featured_image post-14279 thegem_pf_item type-thegem_pf_item status-publish has-post-thumbnail thegem_portfolios-chambres\" data-default-sort=\"0\" data-sort-date=\"1769424546\"> <div class=\"wrap clearfix\"> <div class=\"image post-14279 thegem_pf_item type-thegem_pf_item status-publish has-post-thumbnail thegem_portfolios-chambres\"> <div class=\"image-inner \"> <picture> <source srcset=\"https:\/\/www.hoteldagiacomino.it\/wp-content\/uploads\/2026\/01\/Camera-Superior-06.jpg 1x\" sizes=\"100vw\"> <img src=\"https:\/\/www.hoteldagiacomino.it\/wp-content\/uploads\/2026\/01\/Camera-Superior-06.jpg\" width=\"900\" height=\"600\" class=\"attachment-thegem-product-justified-square-xl\" alt=\"Chambre superior\" \/> <\/picture> <\/div> <div class=\"overlay \"> <div class=\"overlay-circle\"><\/div> <a href=\"https:\/\/www.hoteldagiacomino.it\/fr\/chambres\/chambre-superior\" target=\"_self\" class=\"portfolio-item-link self-link\" data-elementor-open-lightbox=\"no\"> <span class=\"screen-reader-text\">Chambre superior<\/span> <\/a> <div class=\"links-wrapper\"> <div class=\"links\"> <\/div> <\/div> <\/div> <\/div> <div class=\"caption post-14279 thegem_pf_item type-thegem_pf_item status-publish has-post-thumbnail thegem_portfolios-chambres\"> <div class=\"title\"> <span class=\" \"> Chambre superior <\/span> <\/div> <div class=\"caption-separator\"><\/div> <\/div> <\/div> <\/div> <div class=\"portfolio-item chambres col-xs-12 col-sm-6 col-md-6 item-animations-not-inited portfolio-item-template appearance-type-featured_image post-14299 thegem_pf_item type-thegem_pf_item status-publish has-post-thumbnail thegem_portfolios-chambres\" data-default-sort=\"0\" data-sort-date=\"1769785528\"> <div class=\"wrap clearfix\"> <div class=\"image post-14299 thegem_pf_item type-thegem_pf_item status-publish has-post-thumbnail thegem_portfolios-chambres\"> <div class=\"image-inner \"> <picture> <source srcset=\"https:\/\/www.hoteldagiacomino.it\/wp-content\/uploads\/2026\/01\/Camera-Familiare-Hotel-da-Giacomino-Isola-dElba-02.jpg 1x\" sizes=\"100vw\"> <img src=\"https:\/\/www.hoteldagiacomino.it\/wp-content\/uploads\/2026\/01\/Camera-Familiare-Hotel-da-Giacomino-Isola-dElba-02.jpg\" width=\"900\" height=\"600\" class=\"attachment-thegem-product-justified-square-xl\" alt=\"Chambre deluxe\" \/> <\/picture> <\/div> <div class=\"overlay \"> <div class=\"overlay-circle\"><\/div> <a href=\"https:\/\/www.hoteldagiacomino.it\/fr\/chambres\/chambre-deluxe\" target=\"_self\" class=\"portfolio-item-link self-link\" data-elementor-open-lightbox=\"no\"> <span class=\"screen-reader-text\">Chambre deluxe<\/span> <\/a> <div class=\"links-wrapper\"> <div class=\"links\"> <\/div> <\/div> <\/div> <\/div> <div class=\"caption post-14299 thegem_pf_item type-thegem_pf_item status-publish has-post-thumbnail thegem_portfolios-chambres\"> <div class=\"title\"> <span class=\" \"> Chambre deluxe <\/span> <\/div> <div class=\"caption-separator\"><\/div> <\/div> <\/div> <\/div> <\/div><!-- .portflio-set --> <div class=\"portfolio-item-size-container\"> <div class=\"portfolio-item col-xs-12 col-sm-6 col-md-6 item-animations-not-inited portfolio-item-template appearance-type-featured_image post-14299 thegem_pf_item type-thegem_pf_item status-publish has-post-thumbnail thegem_portfolios-chambres\"> <\/div> <\/div> <\/div><!-- .row--> <div class=\"portfolio-navigator gem-pagination\" style=\"display:none;\"> <a href=\"#\" role=\"button\" class=\"prev\" aria-label=\"Pr\u00e9c\u00e9dent\"> <i class=\"default\"><\/i> <\/a> <div class=\"pages\"><\/div> <a href=\"#\" role=\"button\" class=\"next\" aria-label=\"Suivant\"> <i class=\"default\"><\/i> <\/a> <\/div> <\/div><!-- .full-width --> <\/div><!-- .portfolio--> <\/div><!-- .portfolio-preloader-wrapper-->[\/vc_column][\/vc_row]<\/p>\n<\/div>","protected":false},"excerpt":{"rendered":"<p>[vc_row full_width=\u00a0\u00bbstretch_row\u00a0\u00bb css=\u00a0\u00bb.vc_custom_1541422107700{margin-top: 0px !important;margin-bottom: 0px !important;padding-top: 130px !important;padding-bottom: 130px !important;background-image: url(https:\/\/www.hoteldagiacomino.it\/wp-content\/uploads\/2018\/11\/7.jpg?id=396) !important;background-position: center !important;background-repeat: no-repeat !important;background-size: cover !important;}\u00a0\u00bb][vc_column][\/vc_column][\/vc_row]<\/p>\n","protected":false},"author":1,"featured_media":0,"parent":0,"menu_order":0,"comment_status":"closed","ping_status":"closed","template":"","meta":{"footnotes":""},"class_list":["post-14238","page","type-page","status-publish"],"yoast_head":"<!-- This site is optimized with the Yoast SEO plugin v26.9 - https:\/\/yoast.com\/product\/yoast-seo-wordpress\/ -->\n<title>Chambres - Hotel da Giacomino - Isola d&#039;Elba<\/title>\n<meta name=\"description\" content=\"D\u00e9couvrez les chambres de l&#039;h\u00f4tel Da Giacomino sur l&#039;\u00eele d&#039;Elbe : Standard, Sup\u00e9rieure et Deluxe. Contactez-nous.\" \/>\n<meta name=\"robots\" content=\"index, follow, max-snippet:-1, max-image-preview:large, max-video-preview:-1\" \/>\n<link rel=\"canonical\" href=\"https:\/\/www.hoteldagiacomino.it\/fr\/chambres\" \/>\n<meta property=\"og:locale\" content=\"fr_FR\" \/>\n<meta property=\"og:type\" content=\"article\" \/>\n<meta property=\"og:title\" content=\"Chambres - Hotel da Giacomino - Isola d&#039;Elba\" \/>\n<meta property=\"og:description\" content=\"D\u00e9couvrez les chambres de l&#039;h\u00f4tel Da Giacomino sur l&#039;\u00eele d&#039;Elbe : Standard, Sup\u00e9rieure et Deluxe. Contactez-nous.\" \/>\n<meta property=\"og:url\" content=\"https:\/\/www.hoteldagiacomino.it\/fr\/chambres\" \/>\n<meta property=\"og:site_name\" content=\"Hotel da Giacomino - Isola d&#039;Elba\" \/>\n<meta property=\"article:modified_time\" content=\"2026-03-30T11:55:31+00:00\" \/>\n<meta name=\"twitter:card\" content=\"summary_large_image\" \/>\n<meta name=\"twitter:label1\" content=\"Dur\u00e9e de lecture estim\u00e9e\" \/>\n\t<meta name=\"twitter:data1\" content=\"1 minute\" \/>\n<script type=\"application\/ld+json\" class=\"yoast-schema-graph\">{\"@context\":\"https:\/\/schema.org\",\"@graph\":[{\"@type\":\"WebPage\",\"@id\":\"https:\/\/www.hoteldagiacomino.it\/fr\/chambres\",\"url\":\"https:\/\/www.hoteldagiacomino.it\/fr\/chambres\",\"name\":\"Chambres - Hotel da Giacomino - Isola d&#039;Elba\",\"isPartOf\":{\"@id\":\"https:\/\/www.hoteldagiacomino.it\/fr#website\"},\"datePublished\":\"2018-11-05T11:37:57+00:00\",\"dateModified\":\"2026-03-30T11:55:31+00:00\",\"description\":\"D\u00e9couvrez les chambres de l'h\u00f4tel Da Giacomino sur l'\u00eele d'Elbe : Standard, Sup\u00e9rieure et Deluxe. Contactez-nous.\",\"breadcrumb\":{\"@id\":\"https:\/\/www.hoteldagiacomino.it\/fr\/chambres#breadcrumb\"},\"inLanguage\":\"fr-FR\",\"potentialAction\":[{\"@type\":\"ReadAction\",\"target\":[\"https:\/\/www.hoteldagiacomino.it\/fr\/chambres\"]}]},{\"@type\":\"BreadcrumbList\",\"@id\":\"https:\/\/www.hoteldagiacomino.it\/fr\/chambres#breadcrumb\",\"itemListElement\":[{\"@type\":\"ListItem\",\"position\":1,\"name\":\"Accueil\",\"item\":\"https:\/\/www.hoteldagiacomino.it\/fr\"},{\"@type\":\"ListItem\",\"position\":2,\"name\":\"Chambres\"}]},{\"@type\":\"WebSite\",\"@id\":\"https:\/\/www.hoteldagiacomino.it\/fr#website\",\"url\":\"https:\/\/www.hoteldagiacomino.it\/fr\",\"name\":\"Hotel da Giacomino - Isola d&#039;Elba\",\"description\":\"\",\"potentialAction\":[{\"@type\":\"SearchAction\",\"target\":{\"@type\":\"EntryPoint\",\"urlTemplate\":\"https:\/\/www.hoteldagiacomino.it\/fr?s={search_term_string}\"},\"query-input\":{\"@type\":\"PropertyValueSpecification\",\"valueRequired\":true,\"valueName\":\"search_term_string\"}}],\"inLanguage\":\"fr-FR\"}]}<\/script>\n<!-- \/ Yoast SEO plugin. -->","yoast_head_json":{"title":"Chambres - Hotel da Giacomino - Isola d&#039;Elba","description":"D\u00e9couvrez les chambres de l'h\u00f4tel Da Giacomino sur l'\u00eele d'Elbe : Standard, Sup\u00e9rieure et Deluxe. Contactez-nous.","robots":{"index":"index","follow":"follow","max-snippet":"max-snippet:-1","max-image-preview":"max-image-preview:large","max-video-preview":"max-video-preview:-1"},"canonical":"https:\/\/www.hoteldagiacomino.it\/fr\/chambres","og_locale":"fr_FR","og_type":"article","og_title":"Chambres - Hotel da Giacomino - Isola d&#039;Elba","og_description":"D\u00e9couvrez les chambres de l'h\u00f4tel Da Giacomino sur l'\u00eele d'Elbe : Standard, Sup\u00e9rieure et Deluxe. Contactez-nous.","og_url":"https:\/\/www.hoteldagiacomino.it\/fr\/chambres","og_site_name":"Hotel da Giacomino - Isola d&#039;Elba","article_modified_time":"2026-03-30T11:55:31+00:00","twitter_card":"summary_large_image","twitter_misc":{"Dur\u00e9e de lecture estim\u00e9e":"1 minute"},"schema":{"@context":"https:\/\/schema.org","@graph":[{"@type":"WebPage","@id":"https:\/\/www.hoteldagiacomino.it\/fr\/chambres","url":"https:\/\/www.hoteldagiacomino.it\/fr\/chambres","name":"Chambres - Hotel da Giacomino - Isola d&#039;Elba","isPartOf":{"@id":"https:\/\/www.hoteldagiacomino.it\/fr#website"},"datePublished":"2018-11-05T11:37:57+00:00","dateModified":"2026-03-30T11:55:31+00:00","description":"D\u00e9couvrez les chambres de l'h\u00f4tel Da Giacomino sur l'\u00eele d'Elbe : Standard, Sup\u00e9rieure et Deluxe. Contactez-nous.","breadcrumb":{"@id":"https:\/\/www.hoteldagiacomino.it\/fr\/chambres#breadcrumb"},"inLanguage":"fr-FR","potentialAction":[{"@type":"ReadAction","target":["https:\/\/www.hoteldagiacomino.it\/fr\/chambres"]}]},{"@type":"BreadcrumbList","@id":"https:\/\/www.hoteldagiacomino.it\/fr\/chambres#breadcrumb","itemListElement":[{"@type":"ListItem","position":1,"name":"Accueil","item":"https:\/\/www.hoteldagiacomino.it\/fr"},{"@type":"ListItem","position":2,"name":"Chambres"}]},{"@type":"WebSite","@id":"https:\/\/www.hoteldagiacomino.it\/fr#website","url":"https:\/\/www.hoteldagiacomino.it\/fr","name":"Hotel da Giacomino - Isola d&#039;Elba","description":"","potentialAction":[{"@type":"SearchAction","target":{"@type":"EntryPoint","urlTemplate":"https:\/\/www.hoteldagiacomino.it\/fr?s={search_term_string}"},"query-input":{"@type":"PropertyValueSpecification","valueRequired":true,"valueName":"search_term_string"}}],"inLanguage":"fr-FR"}]}},"_links":{"self":[{"href":"https:\/\/www.hoteldagiacomino.it\/fr\/wp-json\/wp\/v2\/pages\/14238","targetHints":{"allow":["GET"]}}],"collection":[{"href":"https:\/\/www.hoteldagiacomino.it\/fr\/wp-json\/wp\/v2\/pages"}],"about":[{"href":"https:\/\/www.hoteldagiacomino.it\/fr\/wp-json\/wp\/v2\/types\/page"}],"author":[{"embeddable":true,"href":"https:\/\/www.hoteldagiacomino.it\/fr\/wp-json\/wp\/v2\/users\/1"}],"replies":[{"embeddable":true,"href":"https:\/\/www.hoteldagiacomino.it\/fr\/wp-json\/wp\/v2\/comments?post=14238"}],"version-history":[{"count":1,"href":"https:\/\/www.hoteldagiacomino.it\/fr\/wp-json\/wp\/v2\/pages\/14238\/revisions"}],"predecessor-version":[{"id":14319,"href":"https:\/\/www.hoteldagiacomino.it\/fr\/wp-json\/wp\/v2\/pages\/14238\/revisions\/14319"}],"wp:attachment":[{"href":"https:\/\/www.hoteldagiacomino.it\/fr\/wp-json\/wp\/v2\/media?parent=14238"}],"curies":[{"name":"wp","href":"https:\/\/api.w.org\/{rel}","templated":true}]}}