{"id":14253,"date":"2026-01-27T13:33:04","date_gmt":"2026-01-27T12:33:04","guid":{"rendered":"https:\/\/www.grow-fast.lu\/lhotel\/la-piscine"},"modified":"2026-03-30T21:16:59","modified_gmt":"2026-03-30T19:16:59","slug":"la-piscine","status":"publish","type":"page","link":"https:\/\/www.hoteldagiacomino.it\/fr\/hotel\/la-piscine","title":{"rendered":"La piscine"},"content":{"rendered":"<div class=\"wpb-content-wrapper\"><p>[vc_row full_width=\u00a0\u00bbstretch_row\u00a0\u00bb css=\u00a0\u00bb.vc_custom_1539873101225{margin-top: 0px !important;margin-bottom: 0px !important;padding-top: 140px !important;padding-bottom: 40px !important;}\u00a0\u00bb][vc_column][vc_column_text css=\u00a0\u00bb\u00a0\u00bb css_animation=\u00a0\u00bbbottom-to-top\u00a0\u00bb el_class=\u00a0\u00bbuppercase-disable\u00a0\u00bb]<\/p>\n<div class=\"title-h1\" style=\"text-align: center;\">D\u00e9tente et vue sur la mer<br \/>\n\u00e0 l&rsquo;h\u00f4tel da Giacomino<\/div>\n<p>[\/vc_column_text]<div class=\"clearboth\"><\/div><style>#thegem-divider-69fdbf0b05e46 {margin-top: 35px !important;}<\/style><div id=\"thegem-divider-69fdbf0b05e46\" class=\"gem-divider  \" style=\"\" ><\/div>[vc_single_image image=\u00a0\u00bb14145&Prime; img_size=\u00a0\u00bbfull\u00a0\u00bb alignment=\u00a0\u00bbcenter\u00a0\u00bb css=\u00a0\u00bb\u00a0\u00bb][\/vc_column][\/vc_row][vc_row css=\u00a0\u00bb.vc_custom_1539873119292{margin-top: 0px !important;margin-bottom: 0px !important;padding-top: 0px !important;padding-bottom: 150px !important;}\u00a0\u00bb][vc_column offset=\u00a0\u00bbvc_col-lg-6 vc_col-md-6 vc_col-xs-12&Prime;][vc_column_text css=\u00a0\u00bb\u00a0\u00bb]<\/p>\n<h3>Une oasis de bien-\u00eatre \u00e0 Sant&rsquo;Andrea, sur l&rsquo;\u00eele d&rsquo;Elbe<\/h3>\n<p>[\/vc_column_text]<div class=\"clearboth\"><\/div><style>#thegem-divider-69fdbf0b05e91 {margin-top: 60px !important;}<\/style><div id=\"thegem-divider-69fdbf0b05e91\" class=\"gem-divider  \" style=\"\" ><\/div>[vc_column_text css=\u00a0\u00bb\u00a0\u00bb css_animation=\u00a0\u00bbbottom-to-top\u00a0\u00bb]<\/p>\n<div class=\"styled-subtitle\">\u00c0 l&rsquo;h\u00f4tel da Giacomino, la piscine est l&rsquo;endroit id\u00e9al pour se d\u00e9tendre et profiter de la beaut\u00e9 naturelle de l&rsquo;\u00eele d&rsquo;Elbe. Situ\u00e9e en position panoramique, la piscine offre une vue imprenable sur le golfe de Sant&rsquo;Andrea, cr\u00e9ant ainsi un cadre id\u00e9al pour se d\u00e9tendre \u00e0 tout moment de la journ\u00e9e.<\/div>\n<p>[\/vc_column_text]<style type=\"text\/css\">.thegem-button-69fdbf0b05f212345 .gem-button svg {fill: #FFFFFF;}.thegem-button-69fdbf0b05f212345 .gem-button:hover svg {fill: #9BB3DC;}<\/style><div class=\"gem-button-container gem-button-position-center thegem-button-69fdbf0b05f212345    \"  ><a title=\"Contattaci\" class=\"gem-button gem-button-size-medium gem-button-style-flat gem-button-text-weight-normal\" data-ll-effect=\"drop-right-without-wrap\" style=\"border-radius: 20px;background-color: #9BB3DC;color: #FFFFFF;\" onmouseleave=\"this.style.backgroundColor='#9BB3DC';this.style.color='#FFFFFF';\" onmouseenter=\"this.style.backgroundColor='#FFFFFF';this.style.color='#9BB3DC';\" href=\"\/fr\/contact\" target=\"_self\">Contactez nous<\/a><\/div> [\/vc_column][vc_column thegem_content_alignment=\u00a0\u00bbcenter\u00a0\u00bb background_position_desktop=\u00a0\u00bbcenter center\u00a0\u00bb offset=\u00a0\u00bbvc_col-lg-6 vc_col-md-6 vc_col-xs-12&Prime;]<div class=\"clearboth\"><\/div><style>#thegem-divider-69fdbf0b05f67 {margin-top: 80px !important;}<\/style><div id=\"thegem-divider-69fdbf0b05f67\" class=\"gem-divider  \" style=\"\" ><\/div>[vc_gallery interval=\u00a0\u00bb3&Prime; images=\u00a0\u00bb14254,14255,14256,14197,14257,14258&Prime; img_size=\u00a0\u00bbfull\u00a0\u00bb css=\u00a0\u00bb\u00a0\u00bb][\/vc_column][vc_column][\/vc_column][\/vc_row][vc_row full_width=\u00a0\u00bbstretch_row\u00a0\u00bb css=\u00a0\u00bb.vc_custom_1769518033094{margin-top: 0px !important;margin-bottom: -150px !important;padding-top: 100px !important;padding-bottom: 120px !important;background-image: url(https:\/\/www.hoteldagiacomino.it\/wp-content\/uploads\/2018\/10\/5-2.jpg?id=236) !important;background-position: center !important;background-repeat: no-repeat !important;background-size: cover !important;}\u00a0\u00bb][vc_column][vc_column_text css=\u00a0\u00bb\u00a0\u00bb css_animation=\u00a0\u00bbbottom-to-top\u00a0\u00bb el_class=\u00a0\u00bbuppercase-disable\u00a0\u00bb]<\/p>\n<div class=\"title-h1\" style=\"text-align: center;\">CARACT\u00c9RISTIQUES<\/div>\n<p>[\/vc_column_text]<div class=\"clearboth\"><\/div><style>#thegem-divider-69fdbf0b05f90 {margin-top: 35px !important;}<\/style><div id=\"thegem-divider-69fdbf0b05f90\" class=\"gem-divider  \" style=\"\" ><\/div>[vc_single_image image=\u00a0\u00bb14145&Prime; img_size=\u00a0\u00bbfull\u00a0\u00bb alignment=\u00a0\u00bbcenter\u00a0\u00bb css=\u00a0\u00bb\u00a0\u00bb]<div class=\"clearboth\"><\/div><style>#thegem-divider-69fdbf0b05fb2 {margin-top: 60px !important;}<\/style><div id=\"thegem-divider-69fdbf0b05fb2\" class=\"gem-divider  \" style=\"\" ><\/div>[\/vc_column][vc_column width=\u00a0\u00bb1\/2&Prime; offset=\u00a0\u00bbvc_col-lg-3 vc_col-md-6 vc_col-xs-12&Prime;]<div class=\"lazy-loading\" data-ll-item-delay=\"0\"><div class=\"gem-textbox  lazy-loading-item\"  data-ll-effect=\"move-up\" ><div class=\"gem-textbox-inner\" style=\"\"><div class=\"gem-textbox-content\" style=\"background-color: #ffffff;background-position: center top;padding-top: 50px;padding-bottom: 50px;\"><div class=\"gem-icon gem-icon-pack-material gem-icon-size-medium  gem-icon-shape-square gem-simple-icon\"  style=\"opacity: 1;\"><div class=\"gem-icon-inner\" style=\"\"><span class=\"gem-icon-half-1\" style=\"color: #5A90D7;\"><span class=\"back-angle\">&#xf530;<\/span><\/span><span class=\"gem-icon-half-2\" style=\"color: #5A90D7;\"><span class=\"back-angle\">&#xf530;<\/span><\/span><\/div><\/div><div class=\"clearboth\"><\/div><style>#thegem-divider-69fdbf0b0606a {margin-top: 40px !important;}<\/style><div id=\"thegem-divider-69fdbf0b0606a\" class=\"gem-divider  \" style=\"\" ><\/div>[vc_column_text css=\u00a0\u00bb\u00a0\u00bb]<\/p>\n<div class=\"title-h5\"><span class=\"light\">Piscine avec vue sur la mer<\/span><\/div>\n<p>[\/vc_column_text][vc_column_text css=\u00a0\u00bb\u00a0\u00bb]Piscine avec vue sur la mer pour une exp\u00e9rience authentique et rajeunissante.[\/vc_column_text]<\/div><\/div><\/div><\/div>[\/vc_column][vc_column width=\u00a0\u00bb1\/2&Prime; offset=\u00a0\u00bbvc_col-lg-3 vc_col-md-6 vc_col-xs-12&Prime;]<div class=\"lazy-loading\" data-ll-item-delay=\"0\"><div class=\"gem-textbox  lazy-loading-item\"  data-ll-effect=\"move-up\" ><div class=\"gem-textbox-inner\" style=\"\"><div class=\"gem-textbox-content\" style=\"background-color: #ffffff;background-position: center top;padding-top: 50px;padding-bottom: 50px;\"><div class=\"gem-icon gem-icon-pack-thegem-header gem-icon-size-medium  gem-icon-shape-square gem-simple-icon\"  style=\"opacity: 1;\"><div class=\"gem-icon-inner\" style=\"\"><span class=\"gem-icon-half-1\" style=\"color: #5A90D7;\"><span class=\"back-angle\">&#xe9b7;<\/span><\/span><span class=\"gem-icon-half-2\" style=\"color: #5A90D7;\"><span class=\"back-angle\">&#xe9b7;<\/span><\/span><\/div><\/div><div class=\"clearboth\"><\/div><style>#thegem-divider-69fdbf0b06112 {margin-top: 40px !important;}<\/style><div id=\"thegem-divider-69fdbf0b06112\" class=\"gem-divider  \" style=\"\" ><\/div>[vc_column_text css=\u00a0\u00bb\u00a0\u00bb]<\/p>\n<div class=\"title-h5\"><span class=\"light\">Espace hydromassage<\/span><\/div>\n<p>[\/vc_column_text][vc_column_text css=\u00a0\u00bb\u00a0\u00bb]La piscine est \u00e9quip\u00e9e d&rsquo;un bain \u00e0 remous pour une relaxation maximale.[\/vc_column_text]<\/div><\/div><\/div><\/div>[\/vc_column][vc_column width=\u00a0\u00bb1\/2&Prime; offset=\u00a0\u00bbvc_col-lg-3 vc_col-md-6 vc_col-xs-12&Prime;]<div class=\"lazy-loading\" data-ll-item-delay=\"0\"><div class=\"gem-textbox  lazy-loading-item\"  data-ll-effect=\"move-up\" ><div class=\"gem-textbox-inner\" style=\"\"><div class=\"gem-textbox-content\" style=\"background-color: #ffffff;background-position: center top;padding-top: 50px;padding-bottom: 80px;\"><div class=\"gem-icon gem-icon-pack-fontawesome gem-icon-size-medium  gem-icon-shape-square gem-simple-icon\"  style=\"opacity: 1;\"><div class=\"gem-icon-inner\" style=\"\"><span class=\"gem-icon-half-1\" style=\"color: #5A90D7;\"><span class=\"back-angle\">&#xf1ae;<\/span><\/span><span class=\"gem-icon-half-2\" style=\"color: #5A90D7;\"><span class=\"back-angle\">&#xf1ae;<\/span><\/span><\/div><\/div><div class=\"clearboth\"><\/div><style>#thegem-divider-69fdbf0b061b0 {margin-top: 40px !important;}<\/style><div id=\"thegem-divider-69fdbf0b061b0\" class=\"gem-divider  \" style=\"\" ><\/div>[vc_column_text css=\u00a0\u00bb\u00a0\u00bb]<\/p>\n<div class=\"title-h5\"><span class=\"light\">Espace enfants<\/span><\/div>\n<p>[\/vc_column_text][vc_column_text css=\u00a0\u00bb\u00a0\u00bb]Un espace d\u00e9di\u00e9 aux enfants, con\u00e7u pour leur garantir plaisir et s\u00e9curit\u00e9.[\/vc_column_text]<\/div><\/div><\/div><\/div>[\/vc_column][vc_column width=\u00a0\u00bb1\/2&Prime; offset=\u00a0\u00bbvc_col-lg-3 vc_col-md-6 vc_col-xs-12&Prime;]<div class=\"lazy-loading\" data-ll-item-delay=\"0\"><div class=\"gem-textbox  lazy-loading-item\"  data-ll-effect=\"move-up\" ><div class=\"gem-textbox-inner\" style=\"\"><div class=\"gem-textbox-content\" style=\"background-color: #ffffff;background-position: center top;padding-top: 50px;padding-bottom: 50px;\"><div class=\"gem-icon gem-icon-pack-material gem-icon-size-medium  gem-icon-shape-square gem-simple-icon\"  style=\"opacity: 1;\"><div class=\"gem-icon-inner\" style=\"\"><span class=\"gem-icon-half-1\" style=\"color: #5A90D7;\"><span class=\"back-angle\">&#xf179;<\/span><\/span><span class=\"gem-icon-half-2\" style=\"color: #5A90D7;\"><span class=\"back-angle\">&#xf179;<\/span><\/span><\/div><\/div><div class=\"clearboth\"><\/div><style>#thegem-divider-69fdbf0b0623e {margin-top: 40px !important;}<\/style><div id=\"thegem-divider-69fdbf0b0623e\" class=\"gem-divider  \" style=\"\" ><\/div>[vc_column_text css=\u00a0\u00bb\u00a0\u00bb]<\/p>\n<div class=\"title-h5\"><span class=\"light\">Bar et espace d\u00e9tente<\/span><\/div>\n<p>[\/vc_column_text][vc_column_text css=\u00a0\u00bb\u00a0\u00bb]Bar et espace de d\u00e9tente \u00e0 quelques pas, des chaises longues sont \u00e0 disposition.[\/vc_column_text]<\/div><\/div><\/div><\/div>[\/vc_column][\/vc_row]<\/p>\n<\/div>","protected":false},"excerpt":{"rendered":"<p>[vc_row full_width=\u00a0\u00bbstretch_row\u00a0\u00bb css=\u00a0\u00bb.vc_custom_1539873101225{margin-top: 0px !important;margin-bottom: 0px !important;padding-top: 140px !important;padding-bottom: 40px !important;}\u00a0\u00bb][vc_column][vc_column_text css=\u00a0\u00bb\u00a0\u00bb css_animation=\u00a0\u00bbbottom-to-top\u00a0\u00bb el_class=\u00a0\u00bbuppercase-disable\u00a0\u00bb] D\u00e9tente et vue sur la mer&#8230;<\/p>\n","protected":false},"author":1,"featured_media":0,"parent":14198,"menu_order":0,"comment_status":"closed","ping_status":"open","template":"","meta":{"footnotes":""},"class_list":["post-14253","page","type-page","status-publish"],"yoast_head":"<!-- This site is optimized with the Yoast SEO plugin v26.9 - https:\/\/yoast.com\/product\/yoast-seo-wordpress\/ -->\n<title>La piscine - Hotel da Giacomino - Isola d&#039;Elba<\/title>\n<meta name=\"description\" content=\"Piscine panoramique avec vue sur le golfe de Sant&#039;Andrea \u00e0 l&#039;h\u00f4tel da Giacomino, \u00eele d&#039;Elbe. Espace hydromassage, espace enfants et bar.\" \/>\n<meta name=\"robots\" content=\"index, follow, max-snippet:-1, max-image-preview:large, max-video-preview:-1\" \/>\n<link rel=\"canonical\" href=\"https:\/\/www.hoteldagiacomino.it\/fr\/hotel\/la-piscine\" \/>\n<meta property=\"og:locale\" content=\"fr_FR\" \/>\n<meta property=\"og:type\" content=\"article\" \/>\n<meta property=\"og:title\" content=\"La piscine - Hotel da Giacomino - Isola d&#039;Elba\" \/>\n<meta property=\"og:description\" content=\"Piscine panoramique avec vue sur le golfe de Sant&#039;Andrea \u00e0 l&#039;h\u00f4tel da Giacomino, \u00eele d&#039;Elbe. Espace hydromassage, espace enfants et bar.\" \/>\n<meta property=\"og:url\" content=\"https:\/\/www.hoteldagiacomino.it\/fr\/hotel\/la-piscine\" \/>\n<meta property=\"og:site_name\" content=\"Hotel da Giacomino - Isola d&#039;Elba\" \/>\n<meta property=\"article:modified_time\" content=\"2026-03-30T19:16:59+00:00\" \/>\n<meta name=\"twitter:card\" content=\"summary_large_image\" \/>\n<meta name=\"twitter:label1\" content=\"Dur\u00e9e de lecture estim\u00e9e\" \/>\n\t<meta name=\"twitter:data1\" content=\"4 minutes\" \/>\n<script type=\"application\/ld+json\" class=\"yoast-schema-graph\">{\"@context\":\"https:\/\/schema.org\",\"@graph\":[{\"@type\":\"WebPage\",\"@id\":\"https:\/\/www.hoteldagiacomino.it\/fr\/hotel\/la-piscine\",\"url\":\"https:\/\/www.hoteldagiacomino.it\/fr\/hotel\/la-piscine\",\"name\":\"La piscine - Hotel da Giacomino - Isola d&#039;Elba\",\"isPartOf\":{\"@id\":\"https:\/\/www.hoteldagiacomino.it\/fr#website\"},\"datePublished\":\"2026-01-27T12:33:04+00:00\",\"dateModified\":\"2026-03-30T19:16:59+00:00\",\"description\":\"Piscine panoramique avec vue sur le golfe de Sant'Andrea \u00e0 l'h\u00f4tel da Giacomino, \u00eele d'Elbe. Espace hydromassage, espace enfants et bar.\",\"breadcrumb\":{\"@id\":\"https:\/\/www.hoteldagiacomino.it\/fr\/hotel\/la-piscine#breadcrumb\"},\"inLanguage\":\"fr-FR\",\"potentialAction\":[{\"@type\":\"ReadAction\",\"target\":[\"https:\/\/www.hoteldagiacomino.it\/fr\/hotel\/la-piscine\"]}]},{\"@type\":\"BreadcrumbList\",\"@id\":\"https:\/\/www.hoteldagiacomino.it\/fr\/hotel\/la-piscine#breadcrumb\",\"itemListElement\":[{\"@type\":\"ListItem\",\"position\":1,\"name\":\"Accueil\",\"item\":\"https:\/\/www.hoteldagiacomino.it\/fr\"},{\"@type\":\"ListItem\",\"position\":2,\"name\":\"L&#8217;h\u00f4tel\",\"item\":\"https:\/\/www.hoteldagiacomino.it\/fr\/hotel\"},{\"@type\":\"ListItem\",\"position\":3,\"name\":\"La piscine\"}]},{\"@type\":\"WebSite\",\"@id\":\"https:\/\/www.hoteldagiacomino.it\/fr#website\",\"url\":\"https:\/\/www.hoteldagiacomino.it\/fr\",\"name\":\"Hotel da Giacomino - Isola d&#039;Elba\",\"description\":\"\",\"potentialAction\":[{\"@type\":\"SearchAction\",\"target\":{\"@type\":\"EntryPoint\",\"urlTemplate\":\"https:\/\/www.hoteldagiacomino.it\/fr?s={search_term_string}\"},\"query-input\":{\"@type\":\"PropertyValueSpecification\",\"valueRequired\":true,\"valueName\":\"search_term_string\"}}],\"inLanguage\":\"fr-FR\"}]}<\/script>\n<!-- \/ Yoast SEO plugin. -->","yoast_head_json":{"title":"La piscine - Hotel da Giacomino - Isola d&#039;Elba","description":"Piscine panoramique avec vue sur le golfe de Sant'Andrea \u00e0 l'h\u00f4tel da Giacomino, \u00eele d'Elbe. Espace hydromassage, espace enfants et bar.","robots":{"index":"index","follow":"follow","max-snippet":"max-snippet:-1","max-image-preview":"max-image-preview:large","max-video-preview":"max-video-preview:-1"},"canonical":"https:\/\/www.hoteldagiacomino.it\/fr\/hotel\/la-piscine","og_locale":"fr_FR","og_type":"article","og_title":"La piscine - Hotel da Giacomino - Isola d&#039;Elba","og_description":"Piscine panoramique avec vue sur le golfe de Sant'Andrea \u00e0 l'h\u00f4tel da Giacomino, \u00eele d'Elbe. Espace hydromassage, espace enfants et bar.","og_url":"https:\/\/www.hoteldagiacomino.it\/fr\/hotel\/la-piscine","og_site_name":"Hotel da Giacomino - Isola d&#039;Elba","article_modified_time":"2026-03-30T19:16:59+00:00","twitter_card":"summary_large_image","twitter_misc":{"Dur\u00e9e de lecture estim\u00e9e":"4 minutes"},"schema":{"@context":"https:\/\/schema.org","@graph":[{"@type":"WebPage","@id":"https:\/\/www.hoteldagiacomino.it\/fr\/hotel\/la-piscine","url":"https:\/\/www.hoteldagiacomino.it\/fr\/hotel\/la-piscine","name":"La piscine - Hotel da Giacomino - Isola d&#039;Elba","isPartOf":{"@id":"https:\/\/www.hoteldagiacomino.it\/fr#website"},"datePublished":"2026-01-27T12:33:04+00:00","dateModified":"2026-03-30T19:16:59+00:00","description":"Piscine panoramique avec vue sur le golfe de Sant'Andrea \u00e0 l'h\u00f4tel da Giacomino, \u00eele d'Elbe. Espace hydromassage, espace enfants et bar.","breadcrumb":{"@id":"https:\/\/www.hoteldagiacomino.it\/fr\/hotel\/la-piscine#breadcrumb"},"inLanguage":"fr-FR","potentialAction":[{"@type":"ReadAction","target":["https:\/\/www.hoteldagiacomino.it\/fr\/hotel\/la-piscine"]}]},{"@type":"BreadcrumbList","@id":"https:\/\/www.hoteldagiacomino.it\/fr\/hotel\/la-piscine#breadcrumb","itemListElement":[{"@type":"ListItem","position":1,"name":"Accueil","item":"https:\/\/www.hoteldagiacomino.it\/fr"},{"@type":"ListItem","position":2,"name":"L&#8217;h\u00f4tel","item":"https:\/\/www.hoteldagiacomino.it\/fr\/hotel"},{"@type":"ListItem","position":3,"name":"La piscine"}]},{"@type":"WebSite","@id":"https:\/\/www.hoteldagiacomino.it\/fr#website","url":"https:\/\/www.hoteldagiacomino.it\/fr","name":"Hotel da Giacomino - Isola d&#039;Elba","description":"","potentialAction":[{"@type":"SearchAction","target":{"@type":"EntryPoint","urlTemplate":"https:\/\/www.hoteldagiacomino.it\/fr?s={search_term_string}"},"query-input":{"@type":"PropertyValueSpecification","valueRequired":true,"valueName":"search_term_string"}}],"inLanguage":"fr-FR"}]}},"_links":{"self":[{"href":"https:\/\/www.hoteldagiacomino.it\/fr\/wp-json\/wp\/v2\/pages\/14253","targetHints":{"allow":["GET"]}}],"collection":[{"href":"https:\/\/www.hoteldagiacomino.it\/fr\/wp-json\/wp\/v2\/pages"}],"about":[{"href":"https:\/\/www.hoteldagiacomino.it\/fr\/wp-json\/wp\/v2\/types\/page"}],"author":[{"embeddable":true,"href":"https:\/\/www.hoteldagiacomino.it\/fr\/wp-json\/wp\/v2\/users\/1"}],"replies":[{"embeddable":true,"href":"https:\/\/www.hoteldagiacomino.it\/fr\/wp-json\/wp\/v2\/comments?post=14253"}],"version-history":[{"count":8,"href":"https:\/\/www.hoteldagiacomino.it\/fr\/wp-json\/wp\/v2\/pages\/14253\/revisions"}],"predecessor-version":[{"id":14652,"href":"https:\/\/www.hoteldagiacomino.it\/fr\/wp-json\/wp\/v2\/pages\/14253\/revisions\/14652"}],"up":[{"embeddable":true,"href":"https:\/\/www.hoteldagiacomino.it\/fr\/wp-json\/wp\/v2\/pages\/14198"}],"wp:attachment":[{"href":"https:\/\/www.hoteldagiacomino.it\/fr\/wp-json\/wp\/v2\/media?parent=14253"}],"curies":[{"name":"wp","href":"https:\/\/api.w.org\/{rel}","templated":true}]}}