{"id":14288,"date":"2026-01-27T09:28:55","date_gmt":"2026-01-27T08:28:55","guid":{"rendered":"https:\/\/www.grow-fast.lu\/lhotel\/le-jardin-et-la-foret-de-pins"},"modified":"2026-03-30T13:59:43","modified_gmt":"2026-03-30T11:59:43","slug":"le-jardin-et-la-foret-de-pins","status":"publish","type":"page","link":"https:\/\/www.hoteldagiacomino.it\/fr\/hotel\/le-jardin-et-la-foret-de-pins","title":{"rendered":"Le jardin et la for\u00eat de pins"},"content":{"rendered":"<div class=\"wpb-content-wrapper\"><p>[vc_row full_width=\u00a0\u00bbstretch_row\u00a0\u00bb css=\u00a0\u00bb.vc_custom_1539873101225{margin-top: 0px !important;margin-bottom: 0px !important;padding-top: 140px !important;padding-bottom: 40px !important;}\u00a0\u00bb][vc_column][vc_column_text css=\u00a0\u00bb\u00a0\u00bb css_animation=\u00a0\u00bbbottom-to-top\u00a0\u00bb el_class=\u00a0\u00bbuppercase-disable\u00a0\u00bb]<\/p>\n<div class=\"title-h1\" style=\"text-align: center;\">Nature et d\u00e9tente<br \/>\nsur l&rsquo;\u00eele d&rsquo;Elbe<\/div>\n<p>[\/vc_column_text]<div class=\"clearboth\"><\/div><style>#thegem-divider-69fdbfb81a0e4 {margin-top: 35px !important;}<\/style><div id=\"thegem-divider-69fdbfb81a0e4\" class=\"gem-divider  \" style=\"\" ><\/div>[vc_single_image image=\u00a0\u00bb14145&Prime; img_size=\u00a0\u00bbfull\u00a0\u00bb alignment=\u00a0\u00bbcenter\u00a0\u00bb css=\u00a0\u00bb\u00a0\u00bb][\/vc_column][\/vc_row][vc_row css=\u00a0\u00bb.vc_custom_1539873119292{margin-top: 0px !important;margin-bottom: 0px !important;padding-top: 0px !important;padding-bottom: 150px !important;}\u00a0\u00bb][vc_column offset=\u00a0\u00bbvc_col-lg-6 vc_col-md-6 vc_col-xs-12&Prime;][vc_column_text css=\u00a0\u00bb\u00a0\u00bb]<\/p>\n<h3>Une oasis naturelle avec vue sur la mer<\/h3>\n<p>[\/vc_column_text]<div class=\"clearboth\"><\/div><style>#thegem-divider-69fdbfb81a134 {margin-top: 60px !important;}<\/style><div id=\"thegem-divider-69fdbfb81a134\" class=\"gem-divider  \" style=\"\" ><\/div>[vc_column_text css=\u00a0\u00bb\u00a0\u00bb css_animation=\u00a0\u00bbbottom-to-top\u00a0\u00bb]<\/p>\n<div class=\"styled-subtitle\">\u00c0 l&rsquo;h\u00f4tel da Giacomino, la verdure est le protagoniste : tout l&rsquo;h\u00f4tel est entour\u00e9 d&rsquo;un grand jardin m\u00e9diterran\u00e9en et d&rsquo;une pin\u00e8de luxuriante qui s&rsquo;\u00e9tendent jusqu&rsquo;\u00e0 la c\u00f4te de Sant&rsquo;Andrea, cr\u00e9ant une atmosph\u00e8re de tranquillit\u00e9 et de bien-\u00eatre immerg\u00e9e dans la nature.<\/div>\n<p>[\/vc_column_text][vc_column_text css=\u00a0\u00bb\u00a0\u00bb css_animation=\u00a0\u00bbbottom-to-top\u00a0\u00bb]<\/p>\n<div class=\"styled-subtitle\">Le jardin et la pin\u00e8de offrent \u00e0 nos h\u00f4tes des espaces ombrag\u00e9s sous les pins, parfaits pour lire, se d\u00e9tendre ou simplement \u00e9couter le bruit de la brise et la mer au loin.<\/div>\n<p>[\/vc_column_text][\/vc_column][vc_column thegem_content_alignment=\u00a0\u00bbcenter\u00a0\u00bb background_position_desktop=\u00a0\u00bbcenter center\u00a0\u00bb offset=\u00a0\u00bbvc_col-lg-6 vc_col-md-6 vc_col-xs-12&Prime;]<div class=\"clearboth\"><\/div><style>#thegem-divider-69fdbfb81a165 {margin-top: 80px !important;}<\/style><div id=\"thegem-divider-69fdbfb81a165\" class=\"gem-divider  \" style=\"\" ><\/div>[vc_gallery interval=\u00a0\u00bb3&Prime; images=\u00a0\u00bb14289,14292,14294&Prime; img_size=\u00a0\u00bbfull\u00a0\u00bb css=\u00a0\u00bb\u00a0\u00bb][\/vc_column][vc_column][vc_column_text css=\u00a0\u00bb\u00a0\u00bb css_animation=\u00a0\u00bbbottom-to-top\u00a0\u00bb]<\/p>\n<p class=\"styled-subtitle\">Entre agaves, gen\u00eats, figuiers de Barbarie et pins centenaires, chaque recoin offre une exp\u00e9rience sensorielle unique.<\/p>\n<p class=\"styled-subtitle\">Outre la pin\u00e8de, la propri\u00e9t\u00e9 est enrichie de jardins de fleurs, de plantes aromatiques et d&rsquo;un potager saisonnier, o\u00f9 nous cultivons nos propres tomates, courgettes et haricots verts. Cet espace vert contribue \u00e0 l&rsquo;approvisionnement en produits frais et sains de la cuisine de l&rsquo;h\u00f4tel.<\/p>\n<p>[\/vc_column_text]<style type=\"text\/css\">.thegem-button-69fdbfb81a20e9885 .gem-button svg {fill: #FFFFFF;}.thegem-button-69fdbfb81a20e9885 .gem-button:hover svg {fill: #9BB3DC;}<\/style><div class=\"gem-button-container gem-button-position-center thegem-button-69fdbfb81a20e9885    \"  ><a title=\"Contattaci\" class=\"gem-button gem-button-size-medium gem-button-style-flat gem-button-text-weight-normal\" data-ll-effect=\"drop-right-without-wrap\" style=\"border-radius: 20px;background-color: #9BB3DC;color: #FFFFFF;\" onmouseleave=\"this.style.backgroundColor='#9BB3DC';this.style.color='#FFFFFF';\" onmouseenter=\"this.style.backgroundColor='#FFFFFF';this.style.color='#9BB3DC';\" href=\"\/fr\/contact\" target=\"_self\">Contactez nous<\/a><\/div> [\/vc_column][\/vc_row][vc_row full_width=\u00a0\u00bbstretch_row\u00a0\u00bb css=\u00a0\u00bb.vc_custom_1769505394156{margin-top: 0px !important;margin-bottom: -120px !important;padding-top: 100px !important;padding-bottom: 0px !important;background-image: url(https:\/\/www.hoteldagiacomino.it\/wp-content\/uploads\/2018\/10\/4-1.jpg?id=196) !important;background-position: center !important;background-repeat: no-repeat !important;background-size: cover !important;}\u00a0\u00bb][vc_column][vc_column_text css=\u00a0\u00bb\u00a0\u00bb css_animation=\u00a0\u00bbbottom-to-top\u00a0\u00bb el_class=\u00a0\u00bbuppercase-disable\u00a0\u00bb]<\/p>\n<div class=\"title-h1\" style=\"text-align: center;\">Pourquoi nous choisir ?<\/div>\n<p>[\/vc_column_text]<div class=\"clearboth\"><\/div><style>#thegem-divider-69fdbfb81a279 {margin-top: 35px !important;}<\/style><div id=\"thegem-divider-69fdbfb81a279\" class=\"gem-divider  \" style=\"\" ><\/div>[vc_single_image image=\u00a0\u00bb14145&Prime; img_size=\u00a0\u00bbfull\u00a0\u00bb alignment=\u00a0\u00bbcenter\u00a0\u00bb css=\u00a0\u00bb\u00a0\u00bb]<div class=\"clearboth\"><\/div><style>#thegem-divider-69fdbfb81a2ca {margin-top: 80px !important;}<\/style><div id=\"thegem-divider-69fdbfb81a2ca\" class=\"gem-divider  \" style=\"\" ><\/div>[\/vc_column][vc_column width=\u00a0\u00bb1\/2&Prime; offset=\u00a0\u00bbvc_col-lg-4 vc_col-md-4 vc_col-xs-12&Prime; css=\u00a0\u00bb.vc_custom_1541416994380{margin-top: 0px !important;margin-bottom: 15px !important;padding-top: 0px !important;padding-bottom: 0px !important;}\u00a0\u00bb]<div class=\"lazy-loading\" data-ll-item-delay=\"0\"><div class=\"gem-textbox  lazy-loading-item\"  data-ll-effect=\"move-up\" ><div class=\"gem-textbox-inner\" style=\"\"><div class=\"gem-textbox-content\" style=\"background-color: #ffffff;background-position: center top;padding-top: 40px;padding-bottom: 50px;\"><div class=\"centered-box\"><div class=\"gem-icon gem-icon-pack-elegant gem-icon-size-medium  gem-icon-shape-square gem-simple-icon\"  style=\"margin-top: 10px;margin-bottom: 40px;opacity: 1;\"><div class=\"gem-icon-inner\" style=\"\"><span class=\"gem-icon-half-1\" style=\"color: #5A90D7;\"><span class=\"back-angle\">&#xe081;<\/span><\/span><span class=\"gem-icon-half-2\" style=\"color: #5A90D7;\"><span class=\"back-angle\">&#xe081;<\/span><\/span><\/div><\/div><\/div>[vc_column_text css=\u00a0\u00bb\u00a0\u00bb]<\/p>\n<div class=\"title-h5\" style=\"text-align: center;\"><span class=\"light\">Localisation<\/span><\/div>\n<p>[\/vc_column_text]<div class=\"clearboth\"><\/div><style>#thegem-divider-69fdbfb81a3c3 {margin-top: 30px !important;}<\/style><div id=\"thegem-divider-69fdbfb81a3c3\" class=\"gem-divider  \" style=\"\" ><\/div>[vc_column_text css=\u00a0\u00bb\u00a0\u00bb]<\/p>\n<p style=\"text-align: center;\">A deux pas de la mer, l&rsquo;h\u00f4tel est situ\u00e9<br \/>\n\u00e0 quelques minutes de la plage de Sant&rsquo;Andrea.<\/p>\n<p>[\/vc_column_text]<\/div><\/div><\/div><\/div>[\/vc_column][vc_column width=\u00a0\u00bb1\/2&Prime; css=\u00a0\u00bb.vc_custom_1541416998759{margin-top: 0px !important;margin-bottom: 15px !important;padding-top: 0px !important;padding-bottom: 0px !important;}\u00a0\u00bb offset=\u00a0\u00bbvc_col-lg-4 vc_col-md-4 vc_col-xs-12&Prime;]<div class=\"lazy-loading\" data-ll-item-delay=\"0\"><div class=\"gem-textbox  lazy-loading-item\"  data-ll-effect=\"move-up\" ><div class=\"gem-textbox-inner\" style=\"\"><div class=\"gem-textbox-content\" style=\"background-color: #ffffff;background-position: center top;padding-top: 40px;padding-bottom: 50px;\"><div class=\"centered-box\"><div class=\"gem-icon gem-icon-pack-fontawesome gem-icon-size-medium  gem-icon-shape-square gem-simple-icon\"  style=\"margin-top: 10px;margin-bottom: 40px;opacity: 1;\"><div class=\"gem-icon-inner\" style=\"\"><span class=\"gem-icon-half-1\" style=\"color: #5A90D7;\"><span class=\"back-angle\">&#xf1bb;<\/span><\/span><span class=\"gem-icon-half-2\" style=\"color: #5A90D7;\"><span class=\"back-angle\">&#xf1bb;<\/span><\/span><\/div><\/div><\/div>[vc_column_text css=\u00a0\u00bb\u00a0\u00bb]<\/p>\n<div class=\"title-h5\" style=\"text-align: center;\"><span class=\"light\">Nature et d\u00e9tente<\/span><\/div>\n<p>[\/vc_column_text]<div class=\"clearboth\"><\/div><style>#thegem-divider-69fdbfb81a482 {margin-top: 30px !important;}<\/style><div id=\"thegem-divider-69fdbfb81a482\" class=\"gem-divider  \" style=\"\" ><\/div>[vc_column_text css=\u00a0\u00bb\u00a0\u00bb]<\/p>\n<p style=\"text-align: center;\">L&rsquo;h\u00f4tel est situ\u00e9 sur un petit promontoire pittoresque, \u00e0 l&rsquo;\u00e9cart de la circulation.<\/p>\n<p>[\/vc_column_text]<\/div><\/div><\/div><\/div>[\/vc_column][vc_column width=\u00a0\u00bb1\/2&Prime; css=\u00a0\u00bb.vc_custom_1541417002487{margin-top: 0px !important;margin-bottom: 15px !important;padding-top: 0px !important;padding-bottom: 0px !important;}\u00a0\u00bb offset=\u00a0\u00bbvc_col-lg-4 vc_col-md-4 vc_col-xs-12&Prime;]<div class=\"lazy-loading\" data-ll-item-delay=\"0\"><div class=\"gem-textbox  lazy-loading-item\"  data-ll-effect=\"move-up\" ><div class=\"gem-textbox-inner\" style=\"\"><div class=\"gem-textbox-content\" style=\"background-color: #ffffff;background-position: center top;padding-top: 40px;padding-bottom: 50px;\"><div class=\"centered-box\"><div class=\"gem-icon gem-icon-pack-material gem-icon-size-medium  gem-icon-shape-square gem-simple-icon\"  style=\"margin-top: 10px;margin-bottom: 40px;opacity: 1;\"><div class=\"gem-icon-inner\" style=\"\"><span class=\"gem-icon-half-1\" style=\"color: #5A90D7;\"><span class=\"back-angle\">&#xf310;<\/span><\/span><span class=\"gem-icon-half-2\" style=\"color: #5A90D7;\"><span class=\"back-angle\">&#xf310;<\/span><\/span><\/div><\/div><\/div>[vc_column_text css=\u00a0\u00bb\u00a0\u00bb]<\/p>\n<div class=\"title-h5\" style=\"text-align: center;\"><span class=\"light\">produits frais<\/span><\/div>\n<p>[\/vc_column_text]<div class=\"clearboth\"><\/div><style>#thegem-divider-69fdbfb81a51f {margin-top: 30px !important;}<\/style><div id=\"thegem-divider-69fdbfb81a51f\" class=\"gem-divider  \" style=\"\" ><\/div>[vc_column_text css=\u00a0\u00bb\u00a0\u00bb]<\/p>\n<p style=\"text-align: center;\">L&rsquo;h\u00f4tel dispose de plantes aromatiques, d&rsquo;un potager saisonnier et d&rsquo;une plantation d&rsquo;agrumes.<\/p>\n<p>[\/vc_column_text]<\/div><\/div><\/div><\/div>[\/vc_column][vc_column width=\u00a0\u00bb1\/2&Prime; offset=\u00a0\u00bbvc_col-lg-4 vc_col-md-4 vc_col-xs-12&Prime; css=\u00a0\u00bb.vc_custom_1541417025166{margin-top: 0px !important;margin-bottom: 15px !important;padding-top: 0px !important;padding-bottom: 0px !important;}\u00a0\u00bb]<div class=\"lazy-loading\" data-ll-item-delay=\"0\"><div class=\"gem-textbox  lazy-loading-item\"  data-ll-effect=\"move-up\" ><div class=\"gem-textbox-inner\" style=\"\"><div class=\"gem-textbox-content\" style=\"background-color: #ffffff;background-position: center top;padding-top: 40px;padding-bottom: 50px;\"><div class=\"centered-box\"><div class=\"gem-icon gem-icon-pack-material gem-icon-size-medium  gem-icon-shape-square gem-simple-icon\"  style=\"margin-top: 10px;margin-bottom: 40px;opacity: 1;\"><div class=\"gem-icon-inner\" style=\"\"><span class=\"gem-icon-half-1\" style=\"color: #5A90D7;\"><span class=\"back-angle\">&#xf530;<\/span><\/span><span class=\"gem-icon-half-2\" style=\"color: #5A90D7;\"><span class=\"back-angle\">&#xf530;<\/span><\/span><\/div><\/div><\/div>[vc_column_text css=\u00a0\u00bb\u00a0\u00bb]<\/p>\n<div class=\"title-h5\" style=\"text-align: center;\"><span class=\"light\">piscine<\/span><\/div>\n<p>[\/vc_column_text]<div class=\"clearboth\"><\/div><style>#thegem-divider-69fdbfb81a5ef {margin-top: 30px !important;}<\/style><div id=\"thegem-divider-69fdbfb81a5ef\" class=\"gem-divider  \" style=\"\" ><\/div>[vc_column_text css=\u00a0\u00bb\u00a0\u00bb]<\/p>\n<p style=\"text-align: center;\">Piscine panoramique d&rsquo;eau de mer, bain \u00e0 remous et espace pour les enfants.<\/p>\n<p>[\/vc_column_text]<\/div><\/div><\/div><\/div>[\/vc_column][vc_column width=\u00a0\u00bb1\/2&Prime; offset=\u00a0\u00bbvc_col-lg-4 vc_col-md-4 vc_col-xs-12&Prime; css=\u00a0\u00bb.vc_custom_1541417028979{margin-top: 0px !important;margin-bottom: 15px !important;padding-top: 0px !important;padding-bottom: 0px !important;}\u00a0\u00bb]<div class=\"lazy-loading\" data-ll-item-delay=\"0\"><div class=\"gem-textbox  lazy-loading-item\"  data-ll-effect=\"move-up\" ><div class=\"gem-textbox-inner\" style=\"\"><div class=\"gem-textbox-content\" style=\"background-color: #ffffff;background-position: center top;padding-top: 40px;padding-bottom: 50px;\"><div class=\"centered-box\"><div class=\"gem-icon gem-icon-pack-material gem-icon-size-medium  gem-icon-shape-square gem-simple-icon\"  style=\"margin-top: 10px;margin-bottom: 40px;opacity: 1;\"><div class=\"gem-icon-inner\" style=\"\"><span class=\"gem-icon-half-1\" style=\"color: #5A90D7;\"><span class=\"back-angle\">&#xf221;<\/span><\/span><span class=\"gem-icon-half-2\" style=\"color: #5A90D7;\"><span class=\"back-angle\">&#xf221;<\/span><\/span><\/div><\/div><\/div>[vc_column_text css=\u00a0\u00bb\u00a0\u00bb]<\/p>\n<div class=\"title-h5\" style=\"text-align: center;\"><span class=\"light\">arriv\u00e9e tardive<\/span><\/div>\n<p>[\/vc_column_text]<div class=\"clearboth\"><\/div><style>#thegem-divider-69fdbfb81a68b {margin-top: 30px !important;}<\/style><div id=\"thegem-divider-69fdbfb81a68b\" class=\"gem-divider  \" style=\"\" ><\/div>[vc_column_text css=\u00a0\u00bb\u00a0\u00bb]<\/p>\n<p style=\"text-align: center;\">La r\u00e9ception est \u00e9galement disponible pour les arriv\u00e9es tardives.<\/p>\n<p>[\/vc_column_text]<\/div><\/div><\/div><\/div>[\/vc_column][vc_column width=\u00a0\u00bb1\/2&Prime; offset=\u00a0\u00bbvc_col-lg-4 vc_col-md-4 vc_col-xs-12&Prime; css=\u00a0\u00bb.vc_custom_1541417032368{margin-top: 0px !important;margin-bottom: 15px !important;padding-top: 0px !important;padding-bottom: 0px !important;}\u00a0\u00bb]<div class=\"lazy-loading\" data-ll-item-delay=\"0\"><div class=\"gem-textbox  lazy-loading-item\"  data-ll-effect=\"move-up\" ><div class=\"gem-textbox-inner\" style=\"\"><div class=\"gem-textbox-content\" style=\"background-color: #ffffff;background-position: center top;padding-top: 40px;padding-bottom: 50px;\"><div class=\"centered-box\"><div class=\"gem-icon gem-icon-pack-material gem-icon-size-medium  gem-icon-shape-square gem-simple-icon\"  style=\"margin-top: 10px;margin-bottom: 40px;opacity: 1;\"><div class=\"gem-icon-inner\" style=\"\"><span class=\"gem-icon-half-1\" style=\"color: #5A90D7;\"><span class=\"back-angle\">&#xf23c;<\/span><\/span><span class=\"gem-icon-half-2\" style=\"color: #5A90D7;\"><span class=\"back-angle\">&#xf23c;<\/span><\/span><\/div><\/div><\/div>[vc_column_text css=\u00a0\u00bb\u00a0\u00bb]<\/p>\n<div class=\"title-h5\" style=\"text-align: center;\"><span class=\"light\">Petit d\u00e9jeuner<\/span><\/div>\n<p>[\/vc_column_text]<div class=\"clearboth\"><\/div><style>#thegem-divider-69fdbfb81a71a {margin-top: 30px !important;}<\/style><div id=\"thegem-divider-69fdbfb81a71a\" class=\"gem-divider  \" style=\"\" ><\/div>[vc_column_text css=\u00a0\u00bb\u00a0\u00bb]<\/p>\n<p style=\"text-align: center;\">Petit d\u00e9jeuner buffet avec des produits frais et des g\u00e2teaux faits maison.<\/p>\n<p>[\/vc_column_text]<\/div><\/div><\/div><\/div>[\/vc_column][\/vc_row]<\/p>\n<\/div>","protected":false},"excerpt":{"rendered":"<p>[vc_row full_width=\u00a0\u00bbstretch_row\u00a0\u00bb css=\u00a0\u00bb.vc_custom_1539873101225{margin-top: 0px !important;margin-bottom: 0px !important;padding-top: 140px !important;padding-bottom: 40px !important;}\u00a0\u00bb][vc_column][vc_column_text css=\u00a0\u00bb\u00a0\u00bb css_animation=\u00a0\u00bbbottom-to-top\u00a0\u00bb el_class=\u00a0\u00bbuppercase-disable\u00a0\u00bb] Nature et d\u00e9tente sur l&rsquo;\u00eele d&rsquo;Elbe&#8230;<\/p>\n","protected":false},"author":1,"featured_media":0,"parent":14198,"menu_order":0,"comment_status":"closed","ping_status":"open","template":"","meta":{"footnotes":""},"class_list":["post-14288","page","type-page","status-publish"],"yoast_head":"<!-- This site is optimized with the Yoast SEO plugin v26.9 - https:\/\/yoast.com\/product\/yoast-seo-wordpress\/ -->\n<title>Le jardin et la for\u00eat de pins - Hotel da Giacomino - Isola d&#039;Elba<\/title>\n<meta name=\"description\" content=\"Le jardin et la pin\u00e8de de l&#039;h\u00f4tel Da Giacomino \u00e0 Sant&#039;Andrea, sur l&#039;\u00eele d&#039;Elbe : une oasis m\u00e9diterran\u00e9enne surplombant la mer.\" \/>\n<meta name=\"robots\" content=\"index, follow, max-snippet:-1, max-image-preview:large, max-video-preview:-1\" \/>\n<link rel=\"canonical\" href=\"https:\/\/www.hoteldagiacomino.it\/fr\/hotel\/le-jardin-et-la-foret-de-pins\" \/>\n<meta property=\"og:locale\" content=\"fr_FR\" \/>\n<meta property=\"og:type\" content=\"article\" \/>\n<meta property=\"og:title\" content=\"Le jardin et la for\u00eat de pins - Hotel da Giacomino - Isola d&#039;Elba\" \/>\n<meta property=\"og:description\" content=\"Le jardin et la pin\u00e8de de l&#039;h\u00f4tel Da Giacomino \u00e0 Sant&#039;Andrea, sur l&#039;\u00eele d&#039;Elbe : une oasis m\u00e9diterran\u00e9enne surplombant la mer.\" \/>\n<meta property=\"og:url\" content=\"https:\/\/www.hoteldagiacomino.it\/fr\/hotel\/le-jardin-et-la-foret-de-pins\" \/>\n<meta property=\"og:site_name\" content=\"Hotel da Giacomino - Isola d&#039;Elba\" \/>\n<meta property=\"article:modified_time\" content=\"2026-03-30T11:59:43+00:00\" \/>\n<meta name=\"twitter:card\" content=\"summary_large_image\" \/>\n<meta name=\"twitter:label1\" content=\"Dur\u00e9e de lecture estim\u00e9e\" \/>\n\t<meta name=\"twitter:data1\" content=\"3 minutes\" \/>\n<script type=\"application\/ld+json\" class=\"yoast-schema-graph\">{\"@context\":\"https:\/\/schema.org\",\"@graph\":[{\"@type\":\"WebPage\",\"@id\":\"https:\/\/www.hoteldagiacomino.it\/fr\/hotel\/le-jardin-et-la-foret-de-pins\",\"url\":\"https:\/\/www.hoteldagiacomino.it\/fr\/hotel\/le-jardin-et-la-foret-de-pins\",\"name\":\"Le jardin et la for\u00eat de pins - Hotel da Giacomino - Isola d&#039;Elba\",\"isPartOf\":{\"@id\":\"https:\/\/www.hoteldagiacomino.it\/fr#website\"},\"datePublished\":\"2026-01-27T08:28:55+00:00\",\"dateModified\":\"2026-03-30T11:59:43+00:00\",\"description\":\"Le jardin et la pin\u00e8de de l'h\u00f4tel Da Giacomino \u00e0 Sant'Andrea, sur l'\u00eele d'Elbe : une oasis m\u00e9diterran\u00e9enne surplombant la mer.\",\"breadcrumb\":{\"@id\":\"https:\/\/www.hoteldagiacomino.it\/fr\/hotel\/le-jardin-et-la-foret-de-pins#breadcrumb\"},\"inLanguage\":\"fr-FR\",\"potentialAction\":[{\"@type\":\"ReadAction\",\"target\":[\"https:\/\/www.hoteldagiacomino.it\/fr\/hotel\/le-jardin-et-la-foret-de-pins\"]}]},{\"@type\":\"BreadcrumbList\",\"@id\":\"https:\/\/www.hoteldagiacomino.it\/fr\/hotel\/le-jardin-et-la-foret-de-pins#breadcrumb\",\"itemListElement\":[{\"@type\":\"ListItem\",\"position\":1,\"name\":\"Accueil\",\"item\":\"https:\/\/www.hoteldagiacomino.it\/fr\"},{\"@type\":\"ListItem\",\"position\":2,\"name\":\"L&#8217;h\u00f4tel\",\"item\":\"https:\/\/www.hoteldagiacomino.it\/fr\/hotel\"},{\"@type\":\"ListItem\",\"position\":3,\"name\":\"Le jardin et la for\u00eat de pins\"}]},{\"@type\":\"WebSite\",\"@id\":\"https:\/\/www.hoteldagiacomino.it\/fr#website\",\"url\":\"https:\/\/www.hoteldagiacomino.it\/fr\",\"name\":\"Hotel da Giacomino - Isola d&#039;Elba\",\"description\":\"\",\"potentialAction\":[{\"@type\":\"SearchAction\",\"target\":{\"@type\":\"EntryPoint\",\"urlTemplate\":\"https:\/\/www.hoteldagiacomino.it\/fr?s={search_term_string}\"},\"query-input\":{\"@type\":\"PropertyValueSpecification\",\"valueRequired\":true,\"valueName\":\"search_term_string\"}}],\"inLanguage\":\"fr-FR\"}]}<\/script>\n<!-- \/ Yoast SEO plugin. -->","yoast_head_json":{"title":"Le jardin et la for\u00eat de pins - Hotel da Giacomino - Isola d&#039;Elba","description":"Le jardin et la pin\u00e8de de l'h\u00f4tel Da Giacomino \u00e0 Sant'Andrea, sur l'\u00eele d'Elbe : une oasis m\u00e9diterran\u00e9enne surplombant la mer.","robots":{"index":"index","follow":"follow","max-snippet":"max-snippet:-1","max-image-preview":"max-image-preview:large","max-video-preview":"max-video-preview:-1"},"canonical":"https:\/\/www.hoteldagiacomino.it\/fr\/hotel\/le-jardin-et-la-foret-de-pins","og_locale":"fr_FR","og_type":"article","og_title":"Le jardin et la for\u00eat de pins - Hotel da Giacomino - Isola d&#039;Elba","og_description":"Le jardin et la pin\u00e8de de l'h\u00f4tel Da Giacomino \u00e0 Sant'Andrea, sur l'\u00eele d'Elbe : une oasis m\u00e9diterran\u00e9enne surplombant la mer.","og_url":"https:\/\/www.hoteldagiacomino.it\/fr\/hotel\/le-jardin-et-la-foret-de-pins","og_site_name":"Hotel da Giacomino - Isola d&#039;Elba","article_modified_time":"2026-03-30T11:59:43+00:00","twitter_card":"summary_large_image","twitter_misc":{"Dur\u00e9e de lecture estim\u00e9e":"3 minutes"},"schema":{"@context":"https:\/\/schema.org","@graph":[{"@type":"WebPage","@id":"https:\/\/www.hoteldagiacomino.it\/fr\/hotel\/le-jardin-et-la-foret-de-pins","url":"https:\/\/www.hoteldagiacomino.it\/fr\/hotel\/le-jardin-et-la-foret-de-pins","name":"Le jardin et la for\u00eat de pins - Hotel da Giacomino - Isola d&#039;Elba","isPartOf":{"@id":"https:\/\/www.hoteldagiacomino.it\/fr#website"},"datePublished":"2026-01-27T08:28:55+00:00","dateModified":"2026-03-30T11:59:43+00:00","description":"Le jardin et la pin\u00e8de de l'h\u00f4tel Da Giacomino \u00e0 Sant'Andrea, sur l'\u00eele d'Elbe : une oasis m\u00e9diterran\u00e9enne surplombant la mer.","breadcrumb":{"@id":"https:\/\/www.hoteldagiacomino.it\/fr\/hotel\/le-jardin-et-la-foret-de-pins#breadcrumb"},"inLanguage":"fr-FR","potentialAction":[{"@type":"ReadAction","target":["https:\/\/www.hoteldagiacomino.it\/fr\/hotel\/le-jardin-et-la-foret-de-pins"]}]},{"@type":"BreadcrumbList","@id":"https:\/\/www.hoteldagiacomino.it\/fr\/hotel\/le-jardin-et-la-foret-de-pins#breadcrumb","itemListElement":[{"@type":"ListItem","position":1,"name":"Accueil","item":"https:\/\/www.hoteldagiacomino.it\/fr"},{"@type":"ListItem","position":2,"name":"L&#8217;h\u00f4tel","item":"https:\/\/www.hoteldagiacomino.it\/fr\/hotel"},{"@type":"ListItem","position":3,"name":"Le jardin et la for\u00eat de pins"}]},{"@type":"WebSite","@id":"https:\/\/www.hoteldagiacomino.it\/fr#website","url":"https:\/\/www.hoteldagiacomino.it\/fr","name":"Hotel da Giacomino - Isola d&#039;Elba","description":"","potentialAction":[{"@type":"SearchAction","target":{"@type":"EntryPoint","urlTemplate":"https:\/\/www.hoteldagiacomino.it\/fr?s={search_term_string}"},"query-input":{"@type":"PropertyValueSpecification","valueRequired":true,"valueName":"search_term_string"}}],"inLanguage":"fr-FR"}]}},"_links":{"self":[{"href":"https:\/\/www.hoteldagiacomino.it\/fr\/wp-json\/wp\/v2\/pages\/14288","targetHints":{"allow":["GET"]}}],"collection":[{"href":"https:\/\/www.hoteldagiacomino.it\/fr\/wp-json\/wp\/v2\/pages"}],"about":[{"href":"https:\/\/www.hoteldagiacomino.it\/fr\/wp-json\/wp\/v2\/types\/page"}],"author":[{"embeddable":true,"href":"https:\/\/www.hoteldagiacomino.it\/fr\/wp-json\/wp\/v2\/users\/1"}],"replies":[{"embeddable":true,"href":"https:\/\/www.hoteldagiacomino.it\/fr\/wp-json\/wp\/v2\/comments?post=14288"}],"version-history":[{"count":6,"href":"https:\/\/www.hoteldagiacomino.it\/fr\/wp-json\/wp\/v2\/pages\/14288\/revisions"}],"predecessor-version":[{"id":14581,"href":"https:\/\/www.hoteldagiacomino.it\/fr\/wp-json\/wp\/v2\/pages\/14288\/revisions\/14581"}],"up":[{"embeddable":true,"href":"https:\/\/www.hoteldagiacomino.it\/fr\/wp-json\/wp\/v2\/pages\/14198"}],"wp:attachment":[{"href":"https:\/\/www.hoteldagiacomino.it\/fr\/wp-json\/wp\/v2\/media?parent=14288"}],"curies":[{"name":"wp","href":"https:\/\/api.w.org\/{rel}","templated":true}]}}