{"id":14313,"date":"2026-02-13T21:48:05","date_gmt":"2026-02-13T20:48:05","guid":{"rendered":"https:\/\/www.grow-fast.lu\/lhotel\/spa\/les-voies-du-bien-etre"},"modified":"2026-03-30T21:44:00","modified_gmt":"2026-03-30T19:44:00","slug":"les-voies-du-bien-etre","status":"publish","type":"page","link":"https:\/\/www.hoteldagiacomino.it\/fr\/hotel\/spa\/les-voies-du-bien-etre","title":{"rendered":"Les voies du bien-\u00eatre"},"content":{"rendered":"<div class=\"wpb-content-wrapper\"><p>[vc_row full_width=\u00a0\u00bbstretch_row\u00a0\u00bb css=\u00a0\u00bb.vc_custom_1771016165137{margin-top: 0px !important;margin-bottom: 0px !important;padding-top: 140px !important;padding-bottom: 40px !important;}\u00a0\u00bb][vc_column][vc_column_text css=\u00a0\u00bb\u00a0\u00bb css_animation=\u00a0\u00bbbottom-to-top\u00a0\u00bb el_class=\u00a0\u00bbuppercase-disable\u00a0\u00bb]<\/p>\n<div class=\"title-h1\" style=\"text-align: center;\">D\u00e9couvrez les sentiers du bien-\u00eatre<br \/>\n\u00e0 l&rsquo;h\u00f4tel da Giacomino<\/div>\n<p>[\/vc_column_text]<div class=\"clearboth\"><\/div><style>#thegem-divider-69fdbfc6a0d26 {margin-top: 35px !important;}<\/style><div id=\"thegem-divider-69fdbfc6a0d26\" class=\"gem-divider  \" style=\"\" ><\/div>[vc_single_image image=\u00a0\u00bb14145&Prime; img_size=\u00a0\u00bbfull\u00a0\u00bb alignment=\u00a0\u00bbcenter\u00a0\u00bb css=\u00a0\u00bb\u00a0\u00bb][vc_column_text css=\u00a0\u00bb\u00a0\u00bb css_animation=\u00a0\u00bbbottom-to-top\u00a0\u00bb]<\/p>\n<div class=\"styled-subtitle\">\n<p>Offrez-vous une exp\u00e9rience de bien-\u00eatre compl\u00e8te avec nos forfaits spa d&rsquo;un ou deux jours, con\u00e7us pour r\u00e9g\u00e9n\u00e9rer le corps et l&rsquo;esprit gr\u00e2ce \u00e0 des traitements cibl\u00e9s, des techniques professionnelles et des rituels personnalis\u00e9s.<\/p>\n<\/div>\n<p>[\/vc_column_text]<div class=\"clearboth\"><\/div><style>#thegem-divider-69fdbfc6a0d77 {margin-top: 35px !important;}<\/style><div id=\"thegem-divider-69fdbfc6a0d77\" class=\"gem-divider  \" style=\"\" ><\/div>[vc_column_text css=\u00a0\u00bb\u00a0\u00bb]<\/p>\n<h3 style=\"text-align: center;\">Chemins du bien-\u00eatre<br \/>\nen 1 jour<\/h3>\n<p>[\/vc_column_text][\/vc_column][\/vc_row][vc_row full_width=\u00a0\u00bbstretch_row\u00a0\u00bb][vc_column width=\u00a0\u00bb1\/3&Prime;]<div class=\"gem-textbox \"  ><div class=\"gem-textbox-inner\" style=\"\"><div class=\"gem-textbox-content\" style=\"background-color: #f4f6f7;background-position: center top;padding-bottom: 170px;\">[vc_column_text css=\u00a0\u00bb\u00a0\u00bb]<\/p>\n<h4 style=\"text-align: left;\"><strong>Massage d\u00e9toxifiant et lustrant<\/strong><\/h4>\n<p style=\"text-align: left;\">Massage osmotique d\u00e9toxifiant de l&rsquo;ensemble du corps avec des sels de l&rsquo;Himalaya et de l&rsquo;aromath\u00e9rapie.<\/p>\n<p style=\"text-align: left;\"><strong>Co\u00fbt : 90\u20ac<br \/>\nDur\u00e9e : 50 minutes<\/strong><\/p>\n<p>[\/vc_column_text]<\/div><\/div><\/div>[\/vc_column][vc_column width=\u00a0\u00bb1\/3&Prime;]<div class=\"gem-textbox \"  ><div class=\"gem-textbox-inner\" style=\"\"><div class=\"gem-textbox-content\" style=\"background-color: #f4f6f7;background-position: center top;padding-bottom: 70px;\">[vc_column_text css=\u00a0\u00bb\u00a0\u00bb]<\/p>\n<h4 style=\"text-align: left;\">Massage des drains et des voies a\u00e9riennes<\/h4>\n<p>Traitement de drainage en profondeur de l&rsquo;ensemble du corps. Il implique l&rsquo;utilisation de techniques de drainage lymphatique et de remodelage avec un pack de boue remin\u00e9ralisante et d&rsquo;algues pour combattre la r\u00e9tention d&rsquo;eau, la stase veineuse et lymphatique et l&rsquo;adiposit\u00e9 localis\u00e9e.<\/p>\n<p><strong>Co\u00fbt : 110\u20ac<br \/>\nDur\u00e9e : 75 minutes<br \/>\n<\/strong>[\/vc_column_text]<\/div><\/div><\/div>[\/vc_column][vc_column width=\u00a0\u00bb1\/3&Prime; css=\u00a0\u00bb.vc_custom_1771341205200{margin-bottom: 100px !important;}\u00a0\u00bb]<div class=\"gem-textbox \"  ><div class=\"gem-textbox-inner\" style=\"\"><div class=\"gem-textbox-content\" style=\"background-color: #f4f6f7;background-position: center top;padding-bottom: 130px;\">[vc_column_text css=\u00a0\u00bb\u00a0\u00bb]<\/p>\n<h4>L&rsquo;amour, la voie de l&rsquo;\u00e2ge Le massage<\/h4>\n<p>Traitement du bien-\u00eatre et soins globaux.<br \/>\nCe traitement comprend un gommage corporel anti-\u00e2ge avec un rituel facial sp\u00e9cifique, un massage des pieds et un massage du dos avec des pierres volcaniques.<\/p>\n<p><strong>Co\u00fbt : 110\u20ac<br \/>\nDur\u00e9e : 75 minutes<\/strong>[\/vc_column_text]<\/div><\/div><\/div>[\/vc_column][vc_column][vc_column_text css=\u00a0\u00bb\u00a0\u00bb]<\/p>\n<h3 style=\"text-align: center;\">Chemins du bien-\u00eatre<br \/>\nsur 2 jours<\/h3>\n<p>[\/vc_column_text]<div class=\"clearboth\"><\/div><style>#thegem-divider-69fdbfc6a0e74 {margin-top: 20px !important;}<\/style><div id=\"thegem-divider-69fdbfc6a0e74\" class=\"gem-divider  \" style=\"\" ><\/div>[\/vc_column][\/vc_row][vc_row full_width=\u00a0\u00bbstretch_row\u00a0\u00bb][vc_column width=\u00a0\u00bb1\/3&Prime;]<div class=\"gem-textbox \"  ><div class=\"gem-textbox-inner\" style=\"\"><div class=\"gem-textbox-content\" style=\"background-color: #f4f6f7;background-position: center top;padding-bottom: 130px;\">[vc_column_text css=\u00a0\u00bb\u00a0\u00bb]<\/p>\n<h4 style=\"text-align: left;\"><strong>Massage d\u00e9toxifiant et lustrant<\/strong><\/h4>\n<p style=\"text-align: left;\">Une cure de d\u00e9sintoxication id\u00e9ale pour pr\u00e9parer la peau et le corps \u00e0 l&rsquo;exposition au soleil.<\/p>\n<p>Le programme comprend<\/p>\n<ul>\n<li>2 massages osmotiques d\u00e9toxifiants pour un bronzage plus uniforme et plus durable<\/li>\n<\/ul>\n<p style=\"text-align: left;\"><strong>Co\u00fbt : 180 \u20ac.<\/strong><\/p>\n<p style=\"text-align: left;\">\ud83c\udf81 En r\u00e9servant le cours lors de la confirmation de votre s\u00e9jour, vous recevez le cadeau gratuit suivant :<br \/>\nDry Spa Manicure ou Pedicure (valeur \u20ac45)<\/p>\n<p>[\/vc_column_text]<\/div><\/div><\/div>[\/vc_column][vc_column width=\u00a0\u00bb1\/3&Prime;]<div class=\"gem-textbox \"  ><div class=\"gem-textbox-inner\" style=\"\"><div class=\"gem-textbox-content\" style=\"background-color: #f4f6f7;background-position: center top;padding-bottom: 90px;\">[vc_column_text css=\u00a0\u00bb\u00a0\u00bb]<\/p>\n<h4 style=\"text-align: center;\">Massage des drains et des voies a\u00e9riennes<\/h4>\n<p>Parcours drainant et remodelant destin\u00e9 \u00e0 lutter contre la r\u00e9tention d&rsquo;eau et la stase lymphatique.<\/p>\n<p>Le programme comprend<\/p>\n<ul>\n<li>2 remodelage des massages drainants<\/li>\n<li>2 enveloppes d&rsquo;algues et de boue<\/li>\n<li>2 s\u00e9ances de sauna \u00e0 infrarouge lointain Welldome<\/li>\n<\/ul>\n<p><strong>Co\u00fbt : 220 \u20ac.<\/strong><\/p>\n<p>\ud83c\udf81 En r\u00e9servant le cours lors de la confirmation de votre s\u00e9jour, vous recevrez le cadeau suivant :<br \/>\n2 s\u00e9ances de pressoth\u00e9rapie (valeur \u20ac60)[\/vc_column_text]<\/div><\/div><\/div>[\/vc_column][vc_column width=\u00a0\u00bb1\/3&Prime;]<div class=\"gem-textbox \"  ><div class=\"gem-textbox-inner\" style=\"\"><div class=\"gem-textbox-content\" style=\"background-color: #f4f6f7;background-position: center top;padding-bottom: 80px;\">[vc_column_text css=\u00a0\u00bb\u00a0\u00bb]<\/p>\n<h4>L&rsquo;amour, la voie de l&rsquo;\u00e2ge Le massage<\/h4>\n<p>Programme mondial de bien-\u00eatre et de soins anti-\u00e2ge.<\/p>\n<p>Le programme comprend<\/p>\n<ul>\n<li>2 gommages corporels anti-\u00e2ge + massages<\/li>\n<li>2 rituels faciaux personnalis\u00e9s<\/li>\n<li>2 massages des pieds<\/li>\n<li>2 massages du dos aux pierres volcaniques<\/li>\n<\/ul>\n<p><strong>Co\u00fbt : 240 \u20ac.<\/strong><\/p>\n<p>\ud83c\udf81 En r\u00e9servant le cours lors de la confirmation de votre s\u00e9jour, vous recevez en cadeau :<br \/>\n1 soin du visage personnalis\u00e9 anti-\u00e2ge Needling (valeur 80 \u20ac).[\/vc_column_text]<\/div><\/div><\/div>[\/vc_column][\/vc_row][vc_row full_width=\u00a0\u00bbstretch_row\u00a0\u00bb css=\u00a0\u00bb.vc_custom_1769551946157{margin-top: 0px !important;padding-top: 100px !important;padding-bottom: 120px !important;background-image: url(https:\/\/www.hoteldagiacomino.it\/wp-content\/uploads\/2018\/10\/21.jpg?id=131) !important;background-position: center !important;background-repeat: no-repeat !important;background-size: cover !important;}\u00a0\u00bb][vc_column][vc_column_text css=\u00a0\u00bb\u00a0\u00bb css_animation=\u00a0\u00bbbottom-to-top\u00a0\u00bb el_class=\u00a0\u00bbuppercase-disable\u00a0\u00bb]<\/p>\n<div class=\"title-h1\" style=\"text-align: center;\"><span style=\"color: #ffffff;\">Visitez-nous<\/span><\/div>\n<p>[\/vc_column_text]<div class=\"clearboth\"><\/div><style>#thegem-divider-69fdbfc6a0f2c {margin-top: 35px !important;}<\/style><div id=\"thegem-divider-69fdbfc6a0f2c\" class=\"gem-divider  \" style=\"\" ><\/div>[vc_column_text css=\u00a0\u00bb\u00a0\u00bb]<\/p>\n<p style=\"text-align: center;\"><span style=\"color: #ffffff;\">Le SPA en bord de mer de l&rsquo;h\u00f4tel da Giacomino vous attend \u00e0 Sant&rsquo;Andrea, sur l&rsquo;\u00eele d&rsquo;Elbe, pour vous redonner de l&rsquo;\u00e9nergie, de l&rsquo;\u00e9quilibre et des moments de pure d\u00e9tente.<br \/>\n<\/span><\/p>\n<p style=\"text-align: center;\"><span style=\"color: #ffffff;\">Le SPA est accessible tous les jours sur rendez-vous et peut \u00eatre utilis\u00e9 par les clients de l&rsquo;h\u00f4tel ainsi que par ceux qui souhaitent le visiter sans y s\u00e9journer.<\/span><\/p>\n<p>[\/vc_column_text]<style type=\"text\/css\">.thegem-button-69fdbfc6a0fcf996 .gem-button svg {fill: #FFFFFF;}.thegem-button-69fdbfc6a0fcf996 .gem-button:hover svg {fill: #9BB3DC;}<\/style><div class=\"gem-button-container gem-button-position-center thegem-button-69fdbfc6a0fcf996    \"  ><a title=\"Contatta la SPA\" class=\"gem-button gem-button-size-medium gem-button-style-flat gem-button-text-weight-normal\" data-ll-effect=\"drop-right-without-wrap\" style=\"border-radius: 20px;background-color: #9BB3DC;color: #FFFFFF;\" onmouseleave=\"this.style.backgroundColor='#9BB3DC';this.style.color='#FFFFFF';\" onmouseenter=\"this.style.backgroundColor='#FFFFFF';this.style.color='#9BB3DC';\" href=\"\/fr\/contacts-spa\" target=\"_self\">Contactez le SPA<\/a><\/div> [\/vc_column][\/vc_row]<\/p>\n<\/div>","protected":false},"excerpt":{"rendered":"<p>[vc_row full_width=\u00a0\u00bbstretch_row\u00a0\u00bb css=\u00a0\u00bb.vc_custom_1771016165137{margin-top: 0px !important;margin-bottom: 0px !important;padding-top: 140px !important;padding-bottom: 40px !important;}\u00a0\u00bb][vc_column][vc_column_text css=\u00a0\u00bb\u00a0\u00bb css_animation=\u00a0\u00bbbottom-to-top\u00a0\u00bb el_class=\u00a0\u00bbuppercase-disable\u00a0\u00bb] D\u00e9couvrez les sentiers du bien-\u00eatre \u00e0&#8230;<\/p>\n","protected":false},"author":1,"featured_media":14271,"parent":14267,"menu_order":0,"comment_status":"closed","ping_status":"open","template":"","meta":{"footnotes":""},"class_list":["post-14313","page","type-page","status-publish","has-post-thumbnail"],"yoast_head":"<!-- This site is optimized with the Yoast SEO plugin v26.9 - https:\/\/yoast.com\/product\/yoast-seo-wordpress\/ -->\n<title>Les voies du bien-\u00eatre - Hotel da Giacomino - Isola d&#039;Elba<\/title>\n<meta name=\"description\" content=\"Programmes de bien-\u00eatre au SPA de l&#039;h\u00f4tel da Giacomino \u00e0 Sant&#039;Andrea, sur l&#039;\u00eele d&#039;Elbe : massages d\u00e9tox, drainants et anti-\u00e2ge.\" \/>\n<meta name=\"robots\" content=\"index, follow, max-snippet:-1, max-image-preview:large, max-video-preview:-1\" \/>\n<link rel=\"canonical\" href=\"https:\/\/www.hoteldagiacomino.it\/fr\/hotel\/spa\/les-voies-du-bien-etre\" \/>\n<meta property=\"og:locale\" content=\"fr_FR\" \/>\n<meta property=\"og:type\" content=\"article\" \/>\n<meta property=\"og:title\" content=\"Les voies du bien-\u00eatre - Hotel da Giacomino - Isola d&#039;Elba\" \/>\n<meta property=\"og:description\" content=\"Programmes de bien-\u00eatre au SPA de l&#039;h\u00f4tel da Giacomino \u00e0 Sant&#039;Andrea, sur l&#039;\u00eele d&#039;Elbe : massages d\u00e9tox, drainants et anti-\u00e2ge.\" \/>\n<meta property=\"og:url\" content=\"https:\/\/www.hoteldagiacomino.it\/fr\/hotel\/spa\/les-voies-du-bien-etre\" \/>\n<meta property=\"og:site_name\" content=\"Hotel da Giacomino - Isola d&#039;Elba\" \/>\n<meta property=\"article:modified_time\" content=\"2026-03-30T19:44:00+00:00\" \/>\n<meta property=\"og:image\" content=\"https:\/\/www.hoteldagiacomino.it\/wp-content\/uploads\/2026\/01\/Hotel-da-Giacomino-Isola-dElba-SPA-03.jpg\" \/>\n\t<meta property=\"og:image:width\" content=\"900\" \/>\n\t<meta property=\"og:image:height\" content=\"600\" \/>\n\t<meta property=\"og:image:type\" content=\"image\/jpeg\" \/>\n<meta name=\"twitter:card\" content=\"summary_large_image\" \/>\n<meta name=\"twitter:label1\" content=\"Dur\u00e9e de lecture estim\u00e9e\" \/>\n\t<meta name=\"twitter:data1\" content=\"4 minutes\" \/>\n<script type=\"application\/ld+json\" class=\"yoast-schema-graph\">{\"@context\":\"https:\/\/schema.org\",\"@graph\":[{\"@type\":\"WebPage\",\"@id\":\"https:\/\/www.hoteldagiacomino.it\/fr\/hotel\/spa\/les-voies-du-bien-etre\",\"url\":\"https:\/\/www.hoteldagiacomino.it\/fr\/hotel\/spa\/les-voies-du-bien-etre\",\"name\":\"Les voies du bien-\u00eatre - Hotel da Giacomino - Isola d&#039;Elba\",\"isPartOf\":{\"@id\":\"https:\/\/www.hoteldagiacomino.it\/fr#website\"},\"primaryImageOfPage\":{\"@id\":\"https:\/\/www.hoteldagiacomino.it\/fr\/hotel\/spa\/les-voies-du-bien-etre#primaryimage\"},\"image\":{\"@id\":\"https:\/\/www.hoteldagiacomino.it\/fr\/hotel\/spa\/les-voies-du-bien-etre#primaryimage\"},\"thumbnailUrl\":\"https:\/\/www.hoteldagiacomino.it\/wp-content\/uploads\/2026\/01\/Hotel-da-Giacomino-Isola-dElba-SPA-03.jpg\",\"datePublished\":\"2026-02-13T20:48:05+00:00\",\"dateModified\":\"2026-03-30T19:44:00+00:00\",\"description\":\"Programmes de bien-\u00eatre au SPA de l'h\u00f4tel da Giacomino \u00e0 Sant'Andrea, sur l'\u00eele d'Elbe : massages d\u00e9tox, drainants et anti-\u00e2ge.\",\"breadcrumb\":{\"@id\":\"https:\/\/www.hoteldagiacomino.it\/fr\/hotel\/spa\/les-voies-du-bien-etre#breadcrumb\"},\"inLanguage\":\"fr-FR\",\"potentialAction\":[{\"@type\":\"ReadAction\",\"target\":[\"https:\/\/www.hoteldagiacomino.it\/fr\/hotel\/spa\/les-voies-du-bien-etre\"]}]},{\"@type\":\"ImageObject\",\"inLanguage\":\"fr-FR\",\"@id\":\"https:\/\/www.hoteldagiacomino.it\/fr\/hotel\/spa\/les-voies-du-bien-etre#primaryimage\",\"url\":\"https:\/\/www.hoteldagiacomino.it\/wp-content\/uploads\/2026\/01\/Hotel-da-Giacomino-Isola-dElba-SPA-03.jpg\",\"contentUrl\":\"https:\/\/www.hoteldagiacomino.it\/wp-content\/uploads\/2026\/01\/Hotel-da-Giacomino-Isola-dElba-SPA-03.jpg\",\"width\":900,\"height\":600},{\"@type\":\"BreadcrumbList\",\"@id\":\"https:\/\/www.hoteldagiacomino.it\/fr\/hotel\/spa\/les-voies-du-bien-etre#breadcrumb\",\"itemListElement\":[{\"@type\":\"ListItem\",\"position\":1,\"name\":\"Accueil\",\"item\":\"https:\/\/www.hoteldagiacomino.it\/fr\"},{\"@type\":\"ListItem\",\"position\":2,\"name\":\"L&#8217;h\u00f4tel\",\"item\":\"https:\/\/www.hoteldagiacomino.it\/fr\/hotel\"},{\"@type\":\"ListItem\",\"position\":3,\"name\":\"SPA\",\"item\":\"https:\/\/www.hoteldagiacomino.it\/fr\/hotel\/spa\"},{\"@type\":\"ListItem\",\"position\":4,\"name\":\"Les voies du bien-\u00eatre\"}]},{\"@type\":\"WebSite\",\"@id\":\"https:\/\/www.hoteldagiacomino.it\/fr#website\",\"url\":\"https:\/\/www.hoteldagiacomino.it\/fr\",\"name\":\"Hotel da Giacomino - Isola d&#039;Elba\",\"description\":\"\",\"potentialAction\":[{\"@type\":\"SearchAction\",\"target\":{\"@type\":\"EntryPoint\",\"urlTemplate\":\"https:\/\/www.hoteldagiacomino.it\/fr?s={search_term_string}\"},\"query-input\":{\"@type\":\"PropertyValueSpecification\",\"valueRequired\":true,\"valueName\":\"search_term_string\"}}],\"inLanguage\":\"fr-FR\"}]}<\/script>\n<!-- \/ Yoast SEO plugin. -->","yoast_head_json":{"title":"Les voies du bien-\u00eatre - Hotel da Giacomino - Isola d&#039;Elba","description":"Programmes de bien-\u00eatre au SPA de l'h\u00f4tel da Giacomino \u00e0 Sant'Andrea, sur l'\u00eele d'Elbe : massages d\u00e9tox, drainants et anti-\u00e2ge.","robots":{"index":"index","follow":"follow","max-snippet":"max-snippet:-1","max-image-preview":"max-image-preview:large","max-video-preview":"max-video-preview:-1"},"canonical":"https:\/\/www.hoteldagiacomino.it\/fr\/hotel\/spa\/les-voies-du-bien-etre","og_locale":"fr_FR","og_type":"article","og_title":"Les voies du bien-\u00eatre - Hotel da Giacomino - Isola d&#039;Elba","og_description":"Programmes de bien-\u00eatre au SPA de l'h\u00f4tel da Giacomino \u00e0 Sant'Andrea, sur l'\u00eele d'Elbe : massages d\u00e9tox, drainants et anti-\u00e2ge.","og_url":"https:\/\/www.hoteldagiacomino.it\/fr\/hotel\/spa\/les-voies-du-bien-etre","og_site_name":"Hotel da Giacomino - Isola d&#039;Elba","article_modified_time":"2026-03-30T19:44:00+00:00","og_image":[{"width":900,"height":600,"url":"https:\/\/www.hoteldagiacomino.it\/wp-content\/uploads\/2026\/01\/Hotel-da-Giacomino-Isola-dElba-SPA-03.jpg","type":"image\/jpeg"}],"twitter_card":"summary_large_image","twitter_misc":{"Dur\u00e9e de lecture estim\u00e9e":"4 minutes"},"schema":{"@context":"https:\/\/schema.org","@graph":[{"@type":"WebPage","@id":"https:\/\/www.hoteldagiacomino.it\/fr\/hotel\/spa\/les-voies-du-bien-etre","url":"https:\/\/www.hoteldagiacomino.it\/fr\/hotel\/spa\/les-voies-du-bien-etre","name":"Les voies du bien-\u00eatre - Hotel da Giacomino - Isola d&#039;Elba","isPartOf":{"@id":"https:\/\/www.hoteldagiacomino.it\/fr#website"},"primaryImageOfPage":{"@id":"https:\/\/www.hoteldagiacomino.it\/fr\/hotel\/spa\/les-voies-du-bien-etre#primaryimage"},"image":{"@id":"https:\/\/www.hoteldagiacomino.it\/fr\/hotel\/spa\/les-voies-du-bien-etre#primaryimage"},"thumbnailUrl":"https:\/\/www.hoteldagiacomino.it\/wp-content\/uploads\/2026\/01\/Hotel-da-Giacomino-Isola-dElba-SPA-03.jpg","datePublished":"2026-02-13T20:48:05+00:00","dateModified":"2026-03-30T19:44:00+00:00","description":"Programmes de bien-\u00eatre au SPA de l'h\u00f4tel da Giacomino \u00e0 Sant'Andrea, sur l'\u00eele d'Elbe : massages d\u00e9tox, drainants et anti-\u00e2ge.","breadcrumb":{"@id":"https:\/\/www.hoteldagiacomino.it\/fr\/hotel\/spa\/les-voies-du-bien-etre#breadcrumb"},"inLanguage":"fr-FR","potentialAction":[{"@type":"ReadAction","target":["https:\/\/www.hoteldagiacomino.it\/fr\/hotel\/spa\/les-voies-du-bien-etre"]}]},{"@type":"ImageObject","inLanguage":"fr-FR","@id":"https:\/\/www.hoteldagiacomino.it\/fr\/hotel\/spa\/les-voies-du-bien-etre#primaryimage","url":"https:\/\/www.hoteldagiacomino.it\/wp-content\/uploads\/2026\/01\/Hotel-da-Giacomino-Isola-dElba-SPA-03.jpg","contentUrl":"https:\/\/www.hoteldagiacomino.it\/wp-content\/uploads\/2026\/01\/Hotel-da-Giacomino-Isola-dElba-SPA-03.jpg","width":900,"height":600},{"@type":"BreadcrumbList","@id":"https:\/\/www.hoteldagiacomino.it\/fr\/hotel\/spa\/les-voies-du-bien-etre#breadcrumb","itemListElement":[{"@type":"ListItem","position":1,"name":"Accueil","item":"https:\/\/www.hoteldagiacomino.it\/fr"},{"@type":"ListItem","position":2,"name":"L&#8217;h\u00f4tel","item":"https:\/\/www.hoteldagiacomino.it\/fr\/hotel"},{"@type":"ListItem","position":3,"name":"SPA","item":"https:\/\/www.hoteldagiacomino.it\/fr\/hotel\/spa"},{"@type":"ListItem","position":4,"name":"Les voies du bien-\u00eatre"}]},{"@type":"WebSite","@id":"https:\/\/www.hoteldagiacomino.it\/fr#website","url":"https:\/\/www.hoteldagiacomino.it\/fr","name":"Hotel da Giacomino - Isola d&#039;Elba","description":"","potentialAction":[{"@type":"SearchAction","target":{"@type":"EntryPoint","urlTemplate":"https:\/\/www.hoteldagiacomino.it\/fr?s={search_term_string}"},"query-input":{"@type":"PropertyValueSpecification","valueRequired":true,"valueName":"search_term_string"}}],"inLanguage":"fr-FR"}]}},"_links":{"self":[{"href":"https:\/\/www.hoteldagiacomino.it\/fr\/wp-json\/wp\/v2\/pages\/14313","targetHints":{"allow":["GET"]}}],"collection":[{"href":"https:\/\/www.hoteldagiacomino.it\/fr\/wp-json\/wp\/v2\/pages"}],"about":[{"href":"https:\/\/www.hoteldagiacomino.it\/fr\/wp-json\/wp\/v2\/types\/page"}],"author":[{"embeddable":true,"href":"https:\/\/www.hoteldagiacomino.it\/fr\/wp-json\/wp\/v2\/users\/1"}],"replies":[{"embeddable":true,"href":"https:\/\/www.hoteldagiacomino.it\/fr\/wp-json\/wp\/v2\/comments?post=14313"}],"version-history":[{"count":6,"href":"https:\/\/www.hoteldagiacomino.it\/fr\/wp-json\/wp\/v2\/pages\/14313\/revisions"}],"predecessor-version":[{"id":14669,"href":"https:\/\/www.hoteldagiacomino.it\/fr\/wp-json\/wp\/v2\/pages\/14313\/revisions\/14669"}],"up":[{"embeddable":true,"href":"https:\/\/www.hoteldagiacomino.it\/fr\/wp-json\/wp\/v2\/pages\/14267"}],"wp:featuredmedia":[{"embeddable":true,"href":"https:\/\/www.hoteldagiacomino.it\/fr\/wp-json\/wp\/v2\/media\/14271"}],"wp:attachment":[{"href":"https:\/\/www.hoteldagiacomino.it\/fr\/wp-json\/wp\/v2\/media?parent=14313"}],"curies":[{"name":"wp","href":"https:\/\/api.w.org\/{rel}","templated":true}]}}